{"id":29714,"date":"2025-02-20T23:31:20","date_gmt":"2025-02-20T22:31:20","guid":{"rendered":"https:\/\/olemosaic.orbitalia.org\/producto\/colgador-de-ceramica-golondrina-lisboa-mosaico-3\/"},"modified":"2025-07-25T22:13:21","modified_gmt":"2025-07-25T20:13:21","slug":"crochet-ceramique-hirondelle-lisbonne-mosaique-3","status":"publish","type":"product","link":"https:\/\/olemosaic.orbitalia.org\/fr\/produit\/crochet-ceramique-hirondelle-lisbonne-mosaique-3\/","title":{"rendered":"Crochet en c\u00e9ramique. Hirondelle. Lisbonne. Mosa\u00efque. Effet visuel."},"content":{"rendered":"<p>Ce crochet en c\u00e9ramique en forme d&rsquo;hirondelle est un charmant souvenir inspir\u00e9 des mosa\u00efques vibrantes de Lisbonne. Fabriqu\u00e9 artisanalement, il pr\u00e9sente un design color\u00e9 qui combine une vari\u00e9t\u00e9 de motifs typiques portugais, peints \u00e0 la main avec une grande attention aux d\u00e9tails. Les tonalit\u00e9s bleues, rouges et vertes s&rsquo;entrelacent pour cr\u00e9er un effet visuel distinctif, \u00e9voquant la riche histoire et la culture de la ville. Ce crochet \u00e9l\u00e9gant n&rsquo;est pas seulement fonctionnel, il agit \u00e9galement comme une pi\u00e8ce d\u00e9corative unique qui apporte une touche d&rsquo;authentique tradition portugaise \u00e0 n&rsquo;importe quel foyer. Les hirondelles, symboles de fortune et d&rsquo;espoir, repr\u00e9sentent \u00e9galement le lien embl\u00e9matique de Lisbonne avec la mer et les voyages. Chez Ol\u00e9 Mosaic, nous nous sp\u00e9cialisons dans la distribution d&rsquo;articles en c\u00e9ramique en gros, offrant des produits authentiques qui racontent des histoires culturelles. Ce crochet en c\u00e9ramique hirondelle est une excellente option pour les boutiques de cadeaux touristiques \u00e0 la recherche de souvenirs repr\u00e9sentatifs de la culture portugaise. Ajouter ce crochet \u00e0 votre inventaire permet non seulement de diversifier votre offre, mais aussi de satisfaire les touristes en qu\u00eate de souvenirs authentiques de Lisbonne.<\/p>\n","protected":false},"excerpt":{"rendered":"<p>Crochet en c\u00e9ramique en forme d&rsquo;hirondelle, inspir\u00e9 des mosa\u00efques vibrantes de Lisbonne. Ce produit artisanal pr\u00e9sente un design color\u00e9 avec une vari\u00e9t\u00e9 de motifs typiques portugais, peints \u00e0 la main. Les tons bleus, rouges et verts cr\u00e9ent un effet visuel distinctif, \u00e9voquant la riche histoire et la culture de la ville. Id\u00e9al pour d\u00e9corer les murs et apporter une touche d&rsquo;authenticit\u00e9 et de tradition \u00e0 n&rsquo;importe quel foyer.<\/p>\n","protected":false},"featured_media":11232,"template":"","meta":{"_acf_changed":false},"product_brand":[],"product_cat":[791],"product_tag":[530,585],"class_list":{"0":"post-29714","1":"product","2":"type-product","3":"status-publish","4":"has-post-thumbnail","6":"product_cat-pateres","7":"product_tag-animaux","8":"product_tag-ceramique","9":"pa_ciudad-lisboa","10":"pa_motivo-hirondelles","11":"pa_pais-portugal","13":"first","14":"instock","15":"shipping-taxable","16":"product-type-simple"},"acf":[],"_links":{"self":[{"href":"https:\/\/olemosaic.orbitalia.org\/fr\/wp-json\/wp\/v2\/product\/29714","targetHints":{"allow":["GET"]}}],"collection":[{"href":"https:\/\/olemosaic.orbitalia.org\/fr\/wp-json\/wp\/v2\/product"}],"about":[{"href":"https:\/\/olemosaic.orbitalia.org\/fr\/wp-json\/wp\/v2\/types\/product"}],"wp:featuredmedia":[{"embeddable":true,"href":"https:\/\/olemosaic.orbitalia.org\/fr\/wp-json\/wp\/v2\/media\/11232"}],"wp:attachment":[{"href":"https:\/\/olemosaic.orbitalia.org\/fr\/wp-json\/wp\/v2\/media?parent=29714"}],"wp:term":[{"taxonomy":"product_brand","embeddable":true,"href":"https:\/\/olemosaic.orbitalia.org\/fr\/wp-json\/wp\/v2\/product_brand?post=29714"},{"taxonomy":"product_cat","embeddable":true,"href":"https:\/\/olemosaic.orbitalia.org\/fr\/wp-json\/wp\/v2\/product_cat?post=29714"},{"taxonomy":"product_tag","embeddable":true,"href":"https:\/\/olemosaic.orbitalia.org\/fr\/wp-json\/wp\/v2\/product_tag?post=29714"}],"curies":[{"name":"wp","href":"https:\/\/api.w.org\/{rel}","templated":true}]}}