{"id":29713,"date":"2025-02-20T23:31:20","date_gmt":"2025-02-20T22:31:20","guid":{"rendered":"https:\/\/olemosaic.orbitalia.org\/producto\/colgador-de-ceramica-golondrina-lisboa\/"},"modified":"2025-07-25T18:49:11","modified_gmt":"2025-07-25T16:49:11","slug":"crochet-ceramique-hirondelle-lisbonne","status":"publish","type":"product","link":"https:\/\/olemosaic.orbitalia.org\/fr\/produit\/crochet-ceramique-hirondelle-lisbonne\/","title":{"rendered":"Crochet en c\u00e9ramique. Hirondelle. Lisbonne."},"content":{"rendered":"<p>Ce crochet en c\u00e9ramique en forme d&rsquo;hirondelle est un charmant souvenir de Lisbonne, con\u00e7u pour apporter une touche vibrante et artistique \u00e0 n&rsquo;importe quel espace. Fabriqu\u00e9 par des artisans talentueux, il pr\u00e9sente un design color\u00e9 peint \u00e0 la main qui captive par ses divers motifs floraux et g\u00e9om\u00e9triques dans une palette \u00e9clatante de bleus, rouges, jaunes et verts. La silhouette stylis\u00e9e de l&rsquo;hirondelle, qui symbolise le printemps et les nouveaux d\u00e9parts, \u00e9voque la joie et la vitalit\u00e9 de la culture lisbo\u00e8te.<\/p>\n<p>Chaque d\u00e9tail de ce crochet refl\u00e8te la riche tradition de la c\u00e9ramique portugaise, soulignant la ma\u00eetrise et la cr\u00e9ativit\u00e9 de ses cr\u00e9ateurs. Les motifs d\u00e9licats qui ornent sa surface, combin\u00e9s \u00e0 la douceur des lignes de l&rsquo;hirondelle, font de ce produit une v\u00e9ritable \u0153uvre d&rsquo;art qui remplit non seulement une fonction d\u00e9corative, mais \u00e9tablit \u00e9galement un lien \u00e9motionnel avec l&rsquo;histoire de Lisbonne et sa culture vibrante.<\/p>\n<p>Ce crochet en c\u00e9ramique est une excellente option pour les touristes \u00e0 la recherche de souvenirs de Lisbonne qui apportent un caract\u00e8re unique \u00e0 leur foyer. Chez Ol\u00e9 Mosaic, en tant que grossistes de souvenirs authentiques, nous proposons une large gamme de produits qui refl\u00e8tent la tradition et l&rsquo;artisanat d&rsquo;Espagne et du Portugal, garantissant que chaque article soit un souvenir repr\u00e9sentatif qui dure dans le temps.<\/p>\n","protected":false},"excerpt":{"rendered":"<p>Crochet en c\u00e9ramique en forme d&rsquo;hirondelle, inspir\u00e9 par la culture vibrante de Lisbonne. Cet accessoire d\u00e9coratif distinctif pr\u00e9sente un design artisanal color\u00e9, peint \u00e0 la main, avec divers motifs floraux et g\u00e9om\u00e9triques dans les tons bleus, rouges, jaunes et verts. La silhouette stylis\u00e9e de l&rsquo;hirondelle, symbole du printemps et des nouveaux d\u00e9parts, apporte une touche artistique et joyeuse \u00e0 n&rsquo;importe quelle ambiance. Id\u00e9al pour donner une touche unique \u00e0 vos espaces.<\/p>\n","protected":false},"featured_media":11240,"template":"","meta":{"_acf_changed":false},"product_brand":[],"product_cat":[791],"product_tag":[530,585],"class_list":{"0":"post-29713","1":"product","2":"type-product","3":"status-publish","4":"has-post-thumbnail","6":"product_cat-pateres","7":"product_tag-animaux","8":"product_tag-ceramique","9":"pa_ciudad-lisboa","10":"pa_motivo-hirondelles","11":"pa_pais-portugal","13":"first","14":"instock","15":"shipping-taxable","16":"product-type-simple"},"acf":[],"_links":{"self":[{"href":"https:\/\/olemosaic.orbitalia.org\/fr\/wp-json\/wp\/v2\/product\/29713","targetHints":{"allow":["GET"]}}],"collection":[{"href":"https:\/\/olemosaic.orbitalia.org\/fr\/wp-json\/wp\/v2\/product"}],"about":[{"href":"https:\/\/olemosaic.orbitalia.org\/fr\/wp-json\/wp\/v2\/types\/product"}],"wp:featuredmedia":[{"embeddable":true,"href":"https:\/\/olemosaic.orbitalia.org\/fr\/wp-json\/wp\/v2\/media\/11240"}],"wp:attachment":[{"href":"https:\/\/olemosaic.orbitalia.org\/fr\/wp-json\/wp\/v2\/media?parent=29713"}],"wp:term":[{"taxonomy":"product_brand","embeddable":true,"href":"https:\/\/olemosaic.orbitalia.org\/fr\/wp-json\/wp\/v2\/product_brand?post=29713"},{"taxonomy":"product_cat","embeddable":true,"href":"https:\/\/olemosaic.orbitalia.org\/fr\/wp-json\/wp\/v2\/product_cat?post=29713"},{"taxonomy":"product_tag","embeddable":true,"href":"https:\/\/olemosaic.orbitalia.org\/fr\/wp-json\/wp\/v2\/product_tag?post=29713"}],"curies":[{"name":"wp","href":"https:\/\/api.w.org\/{rel}","templated":true}]}}