{"id":29712,"date":"2025-02-20T23:31:20","date_gmt":"2025-02-20T22:31:20","guid":{"rendered":"https:\/\/olemosaic.orbitalia.org\/producto\/colgador-de-ceramica-golondrina-lisboa-mosaico-2\/"},"modified":"2025-07-25T19:15:16","modified_gmt":"2025-07-25T17:15:16","slug":"crochet-ceramique-hirondelle-lisbonne-mosaique-2","status":"publish","type":"product","link":"https:\/\/olemosaic.orbitalia.org\/fr\/produit\/crochet-ceramique-hirondelle-lisbonne-mosaique-2\/","title":{"rendered":"Crochet en c\u00e9ramique. Hirondelle. Lisbonne. Mosa\u00efque. Portugal."},"content":{"rendered":"<p>Ce crochet en c\u00e9ramique en forme d&rsquo;hirondelle est un v\u00e9ritable hommage \u00e0 la mosa\u00efque vibrante de Lisbonne, embl\u00e8me de la riche tradition culturelle portugaise. D\u00e9cor\u00e9 m\u00e9ticuleusement avec un motif complexe d&rsquo;azulejos combinant des tons bleus, rouges et jaunes, cet accessoire \u00e9voque l&rsquo;essence de la ville, c\u00e9l\u00e8bre pour ses carreaux color\u00e9s qui ornent les murs et les fa\u00e7ades. L&rsquo;hirondelle, symbole de bonnes nouvelles et de l&rsquo;arriv\u00e9e du printemps, pr\u00e9sente une forme stylis\u00e9e et fluide, soulignant sa beaut\u00e9 avec des d\u00e9tails peints \u00e0 la main qui donnent vie \u00e0 chacun des motifs.<\/p>\n<p>Ce crochet n&rsquo;est pas seulement une pi\u00e8ce d\u00e9corative, mais aussi un excellent souvenir qui encapsule l&rsquo;esprit de Lisbonne et de sa culture. Son design vibrant et son authenticit\u00e9 en font un souvenir parfait pour tout touriste souhaitant emporter un morceau de l&rsquo;art et de l&rsquo;histoire portugais. Chez Ol\u00e9 Mosaic, nous sommes distributeurs de souvenirs en gros, et ce crochet en c\u00e9ramique hirondelle est une option id\u00e9ale pour les boutiques de cadeaux touristiques \u00e0 la recherche d&rsquo;articles uniques et pertinents. Ajoutez une touche d&rsquo;art et de couleur \u00e0 n&rsquo;importe quel espace de la maison avec ce charmant souvenir de Lisbonne.<\/p>\n","protected":false},"excerpt":{"rendered":"<p>Crochet en c\u00e9ramique en forme d&rsquo;hirondelle, inspir\u00e9 des mosa\u00efques vibrantes de Lisbonne. Cet accessoire \u00e9l\u00e9gant est d\u00e9cor\u00e9 d&rsquo;un motif complexe d&rsquo;azulejos dans les tons bleus, rouges et jaunes, \u00e9voquant la riche tradition culturelle portugaise. L&rsquo;hirondelle, symbole de bonnes nouvelles et de l&rsquo;arriv\u00e9e du printemps, pr\u00e9sente des d\u00e9tails peints \u00e0 la main qui rehaussent sa beaut\u00e9. Id\u00e9al pour sublimer n&rsquo;importe quel espace de votre maison avec une touche d&rsquo;art et de couleur.<\/p>\n","protected":false},"featured_media":11222,"template":"","meta":{"_acf_changed":false},"product_brand":[],"product_cat":[791],"product_tag":[530,585],"class_list":{"0":"post-29712","1":"product","2":"type-product","3":"status-publish","4":"has-post-thumbnail","6":"product_cat-pateres","7":"product_tag-animaux","8":"product_tag-ceramique","9":"pa_ciudad-lisboa","10":"pa_motivo-hirondelles","11":"pa_pais-portugal","13":"first","14":"instock","15":"shipping-taxable","16":"product-type-simple"},"acf":[],"_links":{"self":[{"href":"https:\/\/olemosaic.orbitalia.org\/fr\/wp-json\/wp\/v2\/product\/29712","targetHints":{"allow":["GET"]}}],"collection":[{"href":"https:\/\/olemosaic.orbitalia.org\/fr\/wp-json\/wp\/v2\/product"}],"about":[{"href":"https:\/\/olemosaic.orbitalia.org\/fr\/wp-json\/wp\/v2\/types\/product"}],"wp:featuredmedia":[{"embeddable":true,"href":"https:\/\/olemosaic.orbitalia.org\/fr\/wp-json\/wp\/v2\/media\/11222"}],"wp:attachment":[{"href":"https:\/\/olemosaic.orbitalia.org\/fr\/wp-json\/wp\/v2\/media?parent=29712"}],"wp:term":[{"taxonomy":"product_brand","embeddable":true,"href":"https:\/\/olemosaic.orbitalia.org\/fr\/wp-json\/wp\/v2\/product_brand?post=29712"},{"taxonomy":"product_cat","embeddable":true,"href":"https:\/\/olemosaic.orbitalia.org\/fr\/wp-json\/wp\/v2\/product_cat?post=29712"},{"taxonomy":"product_tag","embeddable":true,"href":"https:\/\/olemosaic.orbitalia.org\/fr\/wp-json\/wp\/v2\/product_tag?post=29712"}],"curies":[{"name":"wp","href":"https:\/\/api.w.org\/{rel}","templated":true}]}}