{"id":29706,"date":"2025-02-20T23:31:19","date_gmt":"2025-02-20T22:31:19","guid":{"rendered":"https:\/\/olemosaic.orbitalia.org\/producto\/colgador-de-ceramica-golondrina-mosaico-3\/"},"modified":"2025-07-25T19:31:31","modified_gmt":"2025-07-25T17:31:31","slug":"patere-ceramique-hirondelle-mosaique-carreaux-espagnols","status":"publish","type":"product","link":"https:\/\/olemosaic.orbitalia.org\/fr\/produit\/patere-ceramique-hirondelle-mosaique-carreaux-espagnols\/","title":{"rendered":"Pat\u00e8re en c\u00e9ramique. Hirondelle. Mosa\u00efque. Carreaux espagnols."},"content":{"rendered":"<p>Cette pat\u00e8re en c\u00e9ramique en forme d&rsquo;hirondelle est un embl\u00e8me de l&rsquo;art c\u00e9ramique espagnol. Peinte \u00e0 la main, elle pr\u00e9sente une mosa\u00efque captivante de couleurs vibrantes et de motifs typiques qui \u00e9voquent la riche tradition artisanale de la r\u00e9gion m\u00e9diterran\u00e9enne. Avec une combinaison exquise de carreaux dans des tons rouges, jaunes, verts et bleus, chaque d\u00e9tail du design rend hommage \u00e0 la beaut\u00e9 de la c\u00e9ramique andalouse, connue pour sa singularit\u00e9 et sa richesse culturelle.<\/p>\n<p>L&rsquo;hirondelle, symbole de libert\u00e9 et de l&rsquo;arriv\u00e9e du printemps, n&#8217;embellit pas seulement n&rsquo;importe quel espace, mais elle se connecte \u00e9galement au c\u0153ur de la culture espagnole, repr\u00e9sentant un lien avec la nature et la c\u00e9l\u00e9bration de la vie en plein air. Id\u00e9ale aussi bien pour \u00eatre accroch\u00e9e au mur que pour \u00eatre int\u00e9gr\u00e9e dans une d\u00e9coration plus large, son design charmant ajoute une touche unique et pleine de sens aux maisons et aux locaux commerciaux.<\/p>\n<p>Chez Ol\u00e9 Mosaic, nous sommes sp\u00e9cialistes de la distribution de souvenirs en c\u00e9ramique et nous proposons des pat\u00e8res hirondelles authentiques qui capturent l&rsquo;essence de la tradition espagnole. Cet article est une excellente option pour les boutiques de cadeaux touristiques \u00e0 la recherche de produits authentiques et culturellement pertinents. Chaque pi\u00e8ce est un souvenir parfait de l&rsquo;Espagne, id\u00e9al pour les touristes qui souhaitent emporter un morceau du riche h\u00e9ritage culturel du pays.<\/p>\n","protected":false},"excerpt":{"rendered":"<p>Pat\u00e8re en c\u00e9ramique en forme d&rsquo;hirondelle, d\u00e9cor\u00e9e d&rsquo;une mosa\u00efque vibrante de couleurs et de motifs typiques de la c\u00e9ramique espagnole. Cette pi\u00e8ce unique, faite \u00e0 la main, pr\u00e9sente une combinaison exquise de carreaux dans des tons rouges, jaunes, verts et bleus qui \u00e9voquent l&rsquo;art traditionnel m\u00e9diterran\u00e9en. Id\u00e9al pour orner n&rsquo;importe quel espace, son design symbolise la libert\u00e9 et l&rsquo;arriv\u00e9e du printemps, ajoutant une touche unique et culturelle \u00e0 votre d\u00e9coration.<\/p>\n","protected":false},"featured_media":11225,"template":"","meta":{"_acf_changed":false},"product_brand":[],"product_cat":[791],"product_tag":[530,585],"class_list":{"0":"post-29706","1":"product","2":"type-product","3":"status-publish","4":"has-post-thumbnail","6":"product_cat-pateres","7":"product_tag-animaux","8":"product_tag-ceramique","9":"pa_motivo-hirondelles","11":"first","12":"instock","13":"shipping-taxable","14":"product-type-simple"},"acf":[],"_links":{"self":[{"href":"https:\/\/olemosaic.orbitalia.org\/fr\/wp-json\/wp\/v2\/product\/29706","targetHints":{"allow":["GET"]}}],"collection":[{"href":"https:\/\/olemosaic.orbitalia.org\/fr\/wp-json\/wp\/v2\/product"}],"about":[{"href":"https:\/\/olemosaic.orbitalia.org\/fr\/wp-json\/wp\/v2\/types\/product"}],"wp:featuredmedia":[{"embeddable":true,"href":"https:\/\/olemosaic.orbitalia.org\/fr\/wp-json\/wp\/v2\/media\/11225"}],"wp:attachment":[{"href":"https:\/\/olemosaic.orbitalia.org\/fr\/wp-json\/wp\/v2\/media?parent=29706"}],"wp:term":[{"taxonomy":"product_brand","embeddable":true,"href":"https:\/\/olemosaic.orbitalia.org\/fr\/wp-json\/wp\/v2\/product_brand?post=29706"},{"taxonomy":"product_cat","embeddable":true,"href":"https:\/\/olemosaic.orbitalia.org\/fr\/wp-json\/wp\/v2\/product_cat?post=29706"},{"taxonomy":"product_tag","embeddable":true,"href":"https:\/\/olemosaic.orbitalia.org\/fr\/wp-json\/wp\/v2\/product_tag?post=29706"}],"curies":[{"name":"wp","href":"https:\/\/api.w.org\/{rel}","templated":true}]}}