{"id":29704,"date":"2025-02-20T23:31:19","date_gmt":"2025-02-20T22:31:19","guid":{"rendered":"https:\/\/olemosaic.orbitalia.org\/producto\/colgador-de-ceramica-golondrina-mosaico\/"},"modified":"2025-07-25T18:43:59","modified_gmt":"2025-07-25T16:43:59","slug":"patere-ceramique-hirondelle-mosaique","status":"publish","type":"product","link":"https:\/\/olemosaic.orbitalia.org\/fr\/produit\/patere-ceramique-hirondelle-mosaique\/","title":{"rendered":"Pat\u00e8re en c\u00e9ramique. Hirondelle. Mosa\u00efque"},"content":{"rendered":"<p>Cette pat\u00e8re en c\u00e9ramique en forme d&rsquo;hirondelle est un bijou d\u00e9coratif qui \u00e9voque la riche tradition artisanale de l&rsquo;Espagne. Avec un design vibrant et color\u00e9, cette pi\u00e8ce est r\u00e9alis\u00e9e en c\u00e9ramique avec un effet peint \u00e0 la main et pr\u00e9sente des motifs complexes dans des tons bleus, rouges et jaunes qui symbolisent la joie et la fra\u00eecheur du printemps. L&rsquo;hirondelle, symbole de libert\u00e9 et de renouveau, est un motif tr\u00e8s appr\u00e9ci\u00e9 dans la culture espagnole, \u00e9voquant l&rsquo;arriv\u00e9e de l&rsquo;\u00e9t\u00e9 et des jours ensoleill\u00e9s.<\/p>\n<p>Chaque d\u00e9tail de ce support est une preuve du talent des artisans locaux, qui veillent \u00e0 ce que chaque pi\u00e8ce soit unique et authentique. Les motifs de mosa\u00efque qui ornent le corps de l&rsquo;hirondelle refl\u00e8tent l&rsquo;h\u00e9ritage de la c\u00e9ramique espagnole, un excellent rappel des magnifiques azulejos que l&rsquo;on trouve dans les rues et sur les places de diverses villes du pays.<\/p>\n<p>Parfaite pour d\u00e9corer n&rsquo;importe quel coin de la maison, cette pat\u00e8re ajoute une touche artistique et un air festif \u00e0 son environnement. Chez Ol\u00e9 Mosaic, nous sommes fiers de proposer des souvenirs qui ne servent pas seulement de souvenir, mais qui c\u00e9l\u00e8brent \u00e9galement la richesse culturelle de l&rsquo;Espagne. Cette pat\u00e8re hirondelle est un choix id\u00e9al pour les boutiques de cadeaux touristiques cherchant \u00e0 offrir des produits authentiques, repr\u00e9sentatifs et de haute qualit\u00e9.<\/p>\n","protected":false},"excerpt":{"rendered":"<p>Pat\u00e8re en c\u00e9ramique en forme d&rsquo;hirondelle, d\u00e9cor\u00e9e d&rsquo;une mosa\u00efque de couleurs vibrantes. Cet article attrayant pr\u00e9sente des motifs complexes dans des tons bleus, rouges et jaunes qui \u00e9voquent la riche tradition artisanale espagnole. Chaque pi\u00e8ce semble \u00eatre peinte \u00e0 la main, soulignant son authenticit\u00e9 et le soin apport\u00e9 aux d\u00e9tails. Id\u00e9al pour ajouter une touche artistique \u00e0 n&rsquo;importe quel foyer, symbolisant la libert\u00e9 et l&rsquo;arriv\u00e9e du printemps.<\/p>\n","protected":false},"featured_media":11219,"template":"","meta":{"_acf_changed":false},"product_brand":[],"product_cat":[791],"product_tag":[530,585],"class_list":{"0":"post-29704","1":"product","2":"type-product","3":"status-publish","4":"has-post-thumbnail","6":"product_cat-pateres","7":"product_tag-animaux","8":"product_tag-ceramique","9":"pa_motivo-hirondelles","11":"first","12":"instock","13":"shipping-taxable","14":"product-type-simple"},"acf":[],"_links":{"self":[{"href":"https:\/\/olemosaic.orbitalia.org\/fr\/wp-json\/wp\/v2\/product\/29704","targetHints":{"allow":["GET"]}}],"collection":[{"href":"https:\/\/olemosaic.orbitalia.org\/fr\/wp-json\/wp\/v2\/product"}],"about":[{"href":"https:\/\/olemosaic.orbitalia.org\/fr\/wp-json\/wp\/v2\/types\/product"}],"wp:featuredmedia":[{"embeddable":true,"href":"https:\/\/olemosaic.orbitalia.org\/fr\/wp-json\/wp\/v2\/media\/11219"}],"wp:attachment":[{"href":"https:\/\/olemosaic.orbitalia.org\/fr\/wp-json\/wp\/v2\/media?parent=29704"}],"wp:term":[{"taxonomy":"product_brand","embeddable":true,"href":"https:\/\/olemosaic.orbitalia.org\/fr\/wp-json\/wp\/v2\/product_brand?post=29704"},{"taxonomy":"product_cat","embeddable":true,"href":"https:\/\/olemosaic.orbitalia.org\/fr\/wp-json\/wp\/v2\/product_cat?post=29704"},{"taxonomy":"product_tag","embeddable":true,"href":"https:\/\/olemosaic.orbitalia.org\/fr\/wp-json\/wp\/v2\/product_tag?post=29704"}],"curies":[{"name":"wp","href":"https:\/\/api.w.org\/{rel}","templated":true}]}}