{"id":29696,"date":"2025-02-20T22:31:19","date_gmt":"2025-02-20T22:31:19","guid":{"rendered":"https:\/\/olemosaic.orbitalia.org\/producto\/cenicero-de-ceramica-de-6-cm-punt-de-trobada-beige\/"},"modified":"2025-07-25T18:34:23","modified_gmt":"2025-07-25T16:34:23","slug":"cendrier-en-ceramique-de-6-cm-punt-de-trobada-beige","status":"publish","type":"product","link":"https:\/\/olemosaic.orbitalia.org\/fr\/produit\/cendrier-en-ceramique-de-6-cm-punt-de-trobada-beige\/","title":{"rendered":"Cendrier en c\u00e9ramique de 6 cm. Punt de trobada. Beige"},"content":{"rendered":"<p>Ce cendrier en c\u00e9ramique, d&rsquo;un diam\u00e8tre de 6 cm, est une pi\u00e8ce unique qui refl\u00e8te la cr\u00e9ativit\u00e9 de l&rsquo;art contemporain \u00e0 travers le style embl\u00e9matique \u00ab\u00a0Punt de trobada\u00a0\u00bb. Son design vibrant se caract\u00e9rise par une base beige compl\u00e9t\u00e9e par un bord bleu brillant, cr\u00e9ant un contraste attrayant qui se d\u00e9marque dans n&rsquo;importe quel environnement. La d\u00e9coration int\u00e9rieure est impr\u00e9gn\u00e9e de motifs \u00e9labor\u00e9s en noir, rouge, orange et bleu, \u00e9voquant une esth\u00e9tique moderne qui m\u00e9lange des formes abstraites et une utilisation g\u00e9n\u00e9reuse des couleurs, transformant ce cendrier en une \u0153uvre d&rsquo;art en soi.<\/p>\n<p>L&rsquo;art \u00ab\u00a0Punt de trobada\u00a0\u00bb est une marque distinctive de la culture contemporaine espagnole, qui allie tradition et modernit\u00e9 \u00e0 travers des motifs dynamiques. Ce cendrier est non seulement fonctionnel, mais il sert \u00e9galement d&rsquo;accessoire d\u00e9coratif \u00e9l\u00e9gant, id\u00e9al pour les tables, les \u00e9tag\u00e8res ou tout coin de la maison recherchant une touche de distinction. Chez Ol\u00e9 Mosaic, nous sommes fiers de proposer des souvenirs authentiques qui capturent l&rsquo;essence de l&rsquo;Espagne. Ce cendrier en c\u00e9ramique est le choix parfait pour les touristes qui souhaitent emporter un souvenir de leur visite ou pour les boutiques de cadeaux touristiques cherchant \u00e0 ajouter un article unique et significatif \u00e0 leur offre. En tant que distributeurs de souvenirs en c\u00e9ramique, nous garantissons la qualit\u00e9 et l&rsquo;attrait esth\u00e9tique de chacune de nos pi\u00e8ces, faisant de ce cendrier un article phare sur le march\u00e9.<\/p>\n","protected":false},"excerpt":{"rendered":"<p>Cendrier en c\u00e9ramique de 6 cm, d\u00e9cor\u00e9 d&rsquo;un design vibrant repr\u00e9sentant l&rsquo;art du \u00ab\u00a0Punt de trobada\u00a0\u00bb. Cet attrayant cendrier pr\u00e9sente une base beige et un bord bleu, mettant en valeur des motifs \u00e9labor\u00e9s en noir, rouge, orange et bleu, qui \u00e9voquent un style artistique contemporain. Id\u00e9al pour n&rsquo;importe quel espace, il allie fonctionnalit\u00e9 et esth\u00e9tique, devenant un accessoire d\u00e9coratif \u00e9l\u00e9gant.<\/p>\n","protected":false},"featured_media":10039,"template":"","meta":{"_acf_changed":false},"product_brand":[],"product_cat":[584],"product_tag":[585],"class_list":{"0":"post-29696","1":"product","2":"type-product","3":"status-publish","4":"has-post-thumbnail","6":"product_cat-cendriers","7":"product_tag-ceramique","8":"pa_motivo-punt-de-trobada","10":"first","11":"instock","12":"shipping-taxable","13":"product-type-simple"},"acf":[],"_links":{"self":[{"href":"https:\/\/olemosaic.orbitalia.org\/fr\/wp-json\/wp\/v2\/product\/29696","targetHints":{"allow":["GET"]}}],"collection":[{"href":"https:\/\/olemosaic.orbitalia.org\/fr\/wp-json\/wp\/v2\/product"}],"about":[{"href":"https:\/\/olemosaic.orbitalia.org\/fr\/wp-json\/wp\/v2\/types\/product"}],"wp:featuredmedia":[{"embeddable":true,"href":"https:\/\/olemosaic.orbitalia.org\/fr\/wp-json\/wp\/v2\/media\/10039"}],"wp:attachment":[{"href":"https:\/\/olemosaic.orbitalia.org\/fr\/wp-json\/wp\/v2\/media?parent=29696"}],"wp:term":[{"taxonomy":"product_brand","embeddable":true,"href":"https:\/\/olemosaic.orbitalia.org\/fr\/wp-json\/wp\/v2\/product_brand?post=29696"},{"taxonomy":"product_cat","embeddable":true,"href":"https:\/\/olemosaic.orbitalia.org\/fr\/wp-json\/wp\/v2\/product_cat?post=29696"},{"taxonomy":"product_tag","embeddable":true,"href":"https:\/\/olemosaic.orbitalia.org\/fr\/wp-json\/wp\/v2\/product_tag?post=29696"}],"curies":[{"name":"wp","href":"https:\/\/api.w.org\/{rel}","templated":true}]}}