{"id":29694,"date":"2025-02-20T23:31:18","date_gmt":"2025-02-20T22:31:18","guid":{"rendered":"https:\/\/olemosaic.orbitalia.org\/producto\/cenicero-de-ceramica-de-9-cm-toros-blanco\/"},"modified":"2025-07-25T19:03:49","modified_gmt":"2025-07-25T17:03:49","slug":"cendrier-en-ceramique-de-9-cm-taureaux-blanc","status":"publish","type":"product","link":"https:\/\/olemosaic.orbitalia.org\/fr\/produit\/cendrier-en-ceramique-de-9-cm-taureaux-blanc\/","title":{"rendered":"Cendrier en c\u00e9ramique de 9 cm. Taureaux. Blanc"},"content":{"rendered":"<p>Ce cendrier en c\u00e9ramique de 9 cm est une repr\u00e9sentation authentique de la riche tradition espagnole, pr\u00e9sent\u00e9 dans un blanc brillant qui souligne son \u00e9l\u00e9gance et sa simplicit\u00e9. Le design, m\u00e9ticuleusement peint \u00e0 la main, int\u00e8gre des motifs vibrants de taureaux qui \u00e9voquent la c\u00e9l\u00e8bre tauromachie, un symbole profond\u00e9ment enracin\u00e9 dans la culture espagnole. Les sc\u00e8nes taurines color\u00e9es, encadr\u00e9es par des fleurs exub\u00e9rantes, cr\u00e9ent une mosa\u00efque visuelle pleine de vie et de dynamisme, id\u00e9ale pour ceux qui souhaitent apporter un morceau d&rsquo;Espagne dans leur foyer.<\/p>\n<p>La finition c\u00e9ramique apporte non seulement une touche de sophistication, mais refl\u00e8te \u00e9galement le d\u00e9vouement et le savoir-faire des artisans locaux, garantissant que chaque pi\u00e8ce est unique. Ce cendrier, plus qu&rsquo;un simple accessoire, devient un sujet de conversation qui c\u00e9l\u00e8bre le folklore espagnol, constituant un excellent souvenir pour les touristes \u00e0 la recherche d&rsquo;objets ayant une authentique valeur culturelle.<\/p>\n<p>Chez Ol\u00e9 Mosaic, experts en distribution de souvenirs en gros, ce cendrier en c\u00e9ramique est un choix parfait pour les boutiques de cadeaux touristiques. En choisissant nos produits, vous vous assurez d&rsquo;offrir \u00e0 vos clients des articles qui incarnent l&rsquo;essence de la tradition espagnole, les transformant en tr\u00e9sors qui dureront dans le temps.<\/p>\n","protected":false},"excerpt":{"rendered":"<p>Cendrier en c\u00e9ramique de 9 cm, orn\u00e9 de motifs taurins \u00e9voquant la tradition espagnole. Ce design pr\u00e9sente une finition blanche brillante, rehauss\u00e9e par des d\u00e9tails picturaux color\u00e9s, tels que des fleurs et des sc\u00e8nes taurines, peints \u00e0 la main avec la technique de la mosa\u00efque. Id\u00e9al pour ajouter une touche culturelle \u00e0 n&rsquo;importe quel espace, ce cendrier allie \u00e9l\u00e9gance et folklore caract\u00e9ristique de l&rsquo;Espagne, devenant un excellent souvenir.<\/p>\n","protected":false},"featured_media":8530,"template":"","meta":{"_acf_changed":false},"product_brand":[],"product_cat":[584],"product_tag":[530,585],"class_list":{"0":"post-29694","1":"product","2":"type-product","3":"status-publish","4":"has-post-thumbnail","6":"product_cat-cendriers","7":"product_tag-animaux","8":"product_tag-ceramique","9":"pa_motivo-taureaux","11":"first","12":"instock","13":"shipping-taxable","14":"product-type-simple"},"acf":[],"_links":{"self":[{"href":"https:\/\/olemosaic.orbitalia.org\/fr\/wp-json\/wp\/v2\/product\/29694","targetHints":{"allow":["GET"]}}],"collection":[{"href":"https:\/\/olemosaic.orbitalia.org\/fr\/wp-json\/wp\/v2\/product"}],"about":[{"href":"https:\/\/olemosaic.orbitalia.org\/fr\/wp-json\/wp\/v2\/types\/product"}],"wp:featuredmedia":[{"embeddable":true,"href":"https:\/\/olemosaic.orbitalia.org\/fr\/wp-json\/wp\/v2\/media\/8530"}],"wp:attachment":[{"href":"https:\/\/olemosaic.orbitalia.org\/fr\/wp-json\/wp\/v2\/media?parent=29694"}],"wp:term":[{"taxonomy":"product_brand","embeddable":true,"href":"https:\/\/olemosaic.orbitalia.org\/fr\/wp-json\/wp\/v2\/product_brand?post=29694"},{"taxonomy":"product_cat","embeddable":true,"href":"https:\/\/olemosaic.orbitalia.org\/fr\/wp-json\/wp\/v2\/product_cat?post=29694"},{"taxonomy":"product_tag","embeddable":true,"href":"https:\/\/olemosaic.orbitalia.org\/fr\/wp-json\/wp\/v2\/product_tag?post=29694"}],"curies":[{"name":"wp","href":"https:\/\/api.w.org\/{rel}","templated":true}]}}