{"id":29693,"date":"2025-02-20T23:31:18","date_gmt":"2025-02-20T22:31:18","guid":{"rendered":"https:\/\/olemosaic.orbitalia.org\/producto\/cenicero-de-ceramica-de-9-cm-salamandra-y-flores-barcelona-blanco\/"},"modified":"2025-07-25T19:09:34","modified_gmt":"2025-07-25T17:09:34","slug":"cendrier-en-ceramique-de-9-cm-salamandre-et-fleurs-barcelone-blanc","status":"publish","type":"product","link":"https:\/\/olemosaic.orbitalia.org\/fr\/produit\/cendrier-en-ceramique-de-9-cm-salamandre-et-fleurs-barcelone-blanc\/","title":{"rendered":"Cendrier en c\u00e9ramique de 9 cm. Salamandre et fleurs. Barcelone. Blanc"},"content":{"rendered":"<p>Ce cendrier en c\u00e9ramique de 9 cm est une pi\u00e8ce artisanale qui capture l&rsquo;essence vibrante de Barcelone, fruit du riche h\u00e9ritage artistique de la ville. Avec un design charmant pr\u00e9sentant une salamandre parmi des motifs floraux color\u00e9s, ce cendrier peint \u00e0 la main se distingue par son fond blanc attrayant qui accentue les couleurs vives dans les tons rouge, jaune, bleu et vert, inspir\u00e9s du c\u00e9l\u00e8bre trencad\u00eds de l&rsquo;architecte Antoni Gaud\u00ed. La salamandre, symbole embl\u00e9matique de l&rsquo;\u0153uvre de Gaud\u00ed, souligne le lien culturel avec la modernit\u00e9 et la nature qui d\u00e9finit la ville.<\/p>\n<p>La base de cet \u00e9l\u00e9gant cendrier est d\u00e9cor\u00e9e de l&rsquo;inscription \u00ab\u00a0Barcelona\u00a0\u00bb, ce qui en fait un souvenir parfait et repr\u00e9sentatif de la m\u00e9tropole catalane. Ce souvenir n&rsquo;est pas seulement un article fonctionnel, mais aussi une \u0153uvre d&rsquo;art qui c\u00e9l\u00e8bre le patrimoine culturel et l&rsquo;esprit innovant de Barcelone. Son design unique en fait une excellente option pour les touristes \u00e0 la recherche d&rsquo;un souvenir authentique refl\u00e9tant la beaut\u00e9 et la cr\u00e9ativit\u00e9 de cette ville cosmopolite.<\/p>\n<p>Chez Ol\u00e9 Mosaic, nous sommes des distributeurs de souvenirs en gros, proposant des produits comme ce cendrier en c\u00e9ramique, qui sont non seulement utiles, mais aussi authentiques et embl\u00e9matiques. Id\u00e9al pour les boutiques de cadeaux touristiques, ce cendrier en c\u00e9ramique de Barcelone se pr\u00e9sente comme une option in\u00e9gal\u00e9e pour ceux qui souhaitent emporter un morceau de la riche culture moderne de la ville.<\/p>\n","protected":false},"excerpt":{"rendered":"<p>Cendrier en c\u00e9ramique de 9 cm avec un design vibrant repr\u00e9sentant une salamandre et des fleurs, inspir\u00e9 de l&rsquo;architecture de Barcelone. Cet \u00e9l\u00e9gant cendrier, au design artisanal peint \u00e0 la main sur un fond blanc, met en valeur les motifs floraux color\u00e9s dans les tons rouge, jaune, bleu et vert, avec des d\u00e9tails \u00e9voquant le c\u00e9l\u00e8bre trencad\u00eds de Gaud\u00ed. Sur sa base, le mot \u00ab\u00a0Barcelona\u00a0\u00bb est imprim\u00e9, ce qui en fait un souvenir attrayant et repr\u00e9sentatif de la ville.<\/p>\n","protected":false},"featured_media":8074,"template":"","meta":{"_acf_changed":false},"product_brand":[],"product_cat":[584],"product_tag":[530,585],"class_list":{"0":"post-29693","1":"product","2":"type-product","3":"status-publish","4":"has-post-thumbnail","6":"product_cat-cendriers","7":"product_tag-animaux","8":"product_tag-ceramique","9":"pa_ciudad-barcelona","10":"pa_motivo-salamandres","11":"pa_pais-espana","13":"first","14":"instock","15":"shipping-taxable","16":"product-type-simple"},"acf":[],"_links":{"self":[{"href":"https:\/\/olemosaic.orbitalia.org\/fr\/wp-json\/wp\/v2\/product\/29693","targetHints":{"allow":["GET"]}}],"collection":[{"href":"https:\/\/olemosaic.orbitalia.org\/fr\/wp-json\/wp\/v2\/product"}],"about":[{"href":"https:\/\/olemosaic.orbitalia.org\/fr\/wp-json\/wp\/v2\/types\/product"}],"wp:featuredmedia":[{"embeddable":true,"href":"https:\/\/olemosaic.orbitalia.org\/fr\/wp-json\/wp\/v2\/media\/8074"}],"wp:attachment":[{"href":"https:\/\/olemosaic.orbitalia.org\/fr\/wp-json\/wp\/v2\/media?parent=29693"}],"wp:term":[{"taxonomy":"product_brand","embeddable":true,"href":"https:\/\/olemosaic.orbitalia.org\/fr\/wp-json\/wp\/v2\/product_brand?post=29693"},{"taxonomy":"product_cat","embeddable":true,"href":"https:\/\/olemosaic.orbitalia.org\/fr\/wp-json\/wp\/v2\/product_cat?post=29693"},{"taxonomy":"product_tag","embeddable":true,"href":"https:\/\/olemosaic.orbitalia.org\/fr\/wp-json\/wp\/v2\/product_tag?post=29693"}],"curies":[{"name":"wp","href":"https:\/\/api.w.org\/{rel}","templated":true}]}}