{"id":29692,"date":"2025-02-20T23:31:18","date_gmt":"2025-02-20T22:31:18","guid":{"rendered":"https:\/\/olemosaic.orbitalia.org\/producto\/cenicero-de-ceramica-de-9-cm-mosaico-blanco\/"},"modified":"2025-07-25T18:38:46","modified_gmt":"2025-07-25T16:38:46","slug":"cendrier-en-ceramique-de-9-cm-mosaique-blanc","status":"publish","type":"product","link":"https:\/\/olemosaic.orbitalia.org\/fr\/produit\/cendrier-en-ceramique-de-9-cm-mosaique-blanc\/","title":{"rendered":"Cendrier en c\u00e9ramique de 9 cm. Mosa\u00efque. Blanc"},"content":{"rendered":"<p>Ce cendrier en c\u00e9ramique, de 9 cm de diam\u00e8tre, est une pi\u00e8ce d\u00e9corative qui \u00e9voque le folklore espagnol \u00e0 travers son impressionnant design de mosa\u00efques. Avec une finition brillante qui rehausse ses dessins complexes, cet \u00e9l\u00e9gant cendrier circulaire pr\u00e9sente une palette de couleurs captivante, avec des rouges, des oranges, des bleus et des jaunes. Chaque mosa\u00efque est m\u00e9ticuleusement con\u00e7ue, rappelant l&rsquo;art traditionnel espagnol qui orne les rues et les places de diverses r\u00e9gions, devenant ainsi un symbole du patrimoine culturel du pays.<\/p>\n<p>La polyvalence de ce cendrier le rend id\u00e9al pour d\u00e9corer n&rsquo;importe quel espace, des salons aux terrasses, apportant une touche artistique et fonctionnelle. Son design est non seulement attrayant, mais il refl\u00e8te \u00e9galement la riche histoire de la c\u00e9ramique en Espagne, reliant ceux qui l&rsquo;utilisent \u00e0 une tradition s\u00e9culaire. Ce cendrier est un cadeau parfait pour ceux qui recherchent des souvenirs authentiques, offrant non seulement une excellente option d\u00e9corative, mais aussi un souvenir repr\u00e9sentatif de la culture espagnole. Chez Ol\u00e9 Mosaic, distributeurs de c\u00e9ramiques et de souvenirs, nous proposons ce cendrier comme une pi\u00e8ce unique qui se distingue parmi les souvenirs traditionnels d&rsquo;Espagne, garantissant aux boutiques de cadeaux touristiques des produits de qualit\u00e9 et de pertinence culturelle.<\/p>\n","protected":false},"excerpt":{"rendered":"<p>Cendrier en c\u00e9ramique de 9 cm, d\u00e9cor\u00e9 de mosa\u00efques vibrantes dans une vari\u00e9t\u00e9 de couleurs \u00e9voquant l&rsquo;art traditionnel espagnol. Cet \u00e9l\u00e9gant cendrier pr\u00e9sente un design circulaire avec une finition brillante qui rehausse les motifs complexes dans les tons rouge, orange, bleu et jaune, refl\u00e9tant la richesse du folklore et de la culture. Id\u00e9al pour ajouter une touche artistique et fonctionnelle \u00e0 n&rsquo;importe quel espace.<\/p>\n","protected":false},"featured_media":9027,"template":"","meta":{"_acf_changed":false},"product_brand":[],"product_cat":[584],"product_tag":[585],"class_list":{"0":"post-29692","1":"product","2":"type-product","3":"status-publish","4":"has-post-thumbnail","6":"product_cat-cendriers","7":"product_tag-ceramique","8":"pa_motivo-mosaique","10":"first","11":"instock","12":"shipping-taxable","13":"product-type-simple"},"acf":[],"_links":{"self":[{"href":"https:\/\/olemosaic.orbitalia.org\/fr\/wp-json\/wp\/v2\/product\/29692","targetHints":{"allow":["GET"]}}],"collection":[{"href":"https:\/\/olemosaic.orbitalia.org\/fr\/wp-json\/wp\/v2\/product"}],"about":[{"href":"https:\/\/olemosaic.orbitalia.org\/fr\/wp-json\/wp\/v2\/types\/product"}],"wp:featuredmedia":[{"embeddable":true,"href":"https:\/\/olemosaic.orbitalia.org\/fr\/wp-json\/wp\/v2\/media\/9027"}],"wp:attachment":[{"href":"https:\/\/olemosaic.orbitalia.org\/fr\/wp-json\/wp\/v2\/media?parent=29692"}],"wp:term":[{"taxonomy":"product_brand","embeddable":true,"href":"https:\/\/olemosaic.orbitalia.org\/fr\/wp-json\/wp\/v2\/product_brand?post=29692"},{"taxonomy":"product_cat","embeddable":true,"href":"https:\/\/olemosaic.orbitalia.org\/fr\/wp-json\/wp\/v2\/product_cat?post=29692"},{"taxonomy":"product_tag","embeddable":true,"href":"https:\/\/olemosaic.orbitalia.org\/fr\/wp-json\/wp\/v2\/product_tag?post=29692"}],"curies":[{"name":"wp","href":"https:\/\/api.w.org\/{rel}","templated":true}]}}