{"id":29650,"date":"2025-02-20T22:31:17","date_gmt":"2025-02-20T22:31:17","guid":{"rendered":"https:\/\/olemosaic.orbitalia.org\/producto\/cenicero-de-ceramica-de-8-cm-barcelona-blanco\/"},"modified":"2025-07-25T19:11:18","modified_gmt":"2025-07-25T17:11:18","slug":"cendrier-en-ceramique-de-8-cm-barcelone-blanc","status":"publish","type":"product","link":"https:\/\/olemosaic.orbitalia.org\/fr\/produit\/cendrier-en-ceramique-de-8-cm-barcelone-blanc\/","title":{"rendered":"Cendrier en c\u00e9ramique de 8 cm. Barcelone. Blanc"},"content":{"rendered":"<p>Ce cendrier en c\u00e9ramique de 8 cm est une magnifique repr\u00e9sentation de l&rsquo;ambiance vibrante de Barcelone, encapsulant le meilleur de l&rsquo;architecture et de l&rsquo;art de cette ville iconique. Sa base blanche sert de toile parfaite pour un design color\u00e9 et frappant, qui expose de belles illustrations de monuments embl\u00e9matiques tels que la Sagrada Familia et la Casa Batll\u00f3. Chaque d\u00e9tail a \u00e9t\u00e9 soigneusement con\u00e7u, avec des mosa\u00efques c\u00e9l\u00e9brant le style unique d&rsquo;Antoni Gaud\u00ed, ainsi que des \u00e9l\u00e9ments architecturaux refl\u00e9tant la diversit\u00e9 culturelle de Barcelone. Sur la partie sup\u00e9rieure, le nom \u00ab\u00a0Barcelone\u00a0\u00bb se d\u00e9tache avec une typographie audacieuse qui ajoute une touche sp\u00e9ciale et personnelle \u00e0 l&rsquo;objet.<\/p>\n<p>Ce cendrier ne remplit pas seulement une fonction pratique, il agit \u00e9galement comme un \u00e9l\u00e9ment d\u00e9coratif attrayant qui embellira n&rsquo;importe quel espace, que ce soit \u00e0 la maison, dans un bureau ou dans un bar. Le lien culturel de ce souvenir r\u00e9side dans sa capacit\u00e9 \u00e0 \u00e9voquer des moments v\u00e9cus dans cette m\u00e9tropole passionnante, en faisant un souvenir unique et inoubliable.<\/p>\n<p>Chez Ol\u00e9 Mosaic, nous sommes sp\u00e9cialis\u00e9s dans la distribution de souvenirs authentiques en gros, et ce cendrier de Barcelone est une excellente option pour les boutiques de cadeaux touristiques cherchant \u00e0 proposer des produits significatifs et de qualit\u00e9. Cet objet attrayant est id\u00e9al pour ceux qui souhaitent ramener chez eux un morceau de la culture espagnole et, en tant que grossistes de souvenirs, nous garantissons son authenticit\u00e9 et son attrait artistique.<\/p>\n","protected":false},"excerpt":{"rendered":"<p>Cendrier en c\u00e9ramique de 8 cm inspir\u00e9 par la ville vibrante de Barcelone. Ce cendrier blanc attrayant pr\u00e9sente un design color\u00e9 avec des repr\u00e9sentations iconiques telles que la Sagrada Familia et la Casa Batll\u00f3, incluant des mosa\u00efques d\u00e9taill\u00e9es et des \u00e9l\u00e9ments architecturaux caract\u00e9ristiques. Le nom \u00ab\u00a0Barcelone\u00a0\u00bb se d\u00e9tache sur le dessus, ajoutant une touche sp\u00e9ciale. Parfait pour embellir n&rsquo;importe quel espace, il combine fonctionnalit\u00e9 et art culturel en un seul objet.<\/p>\n","protected":false},"featured_media":9504,"template":"","meta":{"_acf_changed":false},"product_brand":[],"product_cat":[584],"product_tag":[585],"class_list":{"0":"post-29650","1":"product","2":"type-product","3":"status-publish","4":"has-post-thumbnail","6":"product_cat-cendriers","7":"product_tag-ceramique","8":"pa_ciudad-barcelona","9":"pa_pais-espana","11":"first","12":"instock","13":"shipping-taxable","14":"product-type-simple"},"acf":[],"_links":{"self":[{"href":"https:\/\/olemosaic.orbitalia.org\/fr\/wp-json\/wp\/v2\/product\/29650","targetHints":{"allow":["GET"]}}],"collection":[{"href":"https:\/\/olemosaic.orbitalia.org\/fr\/wp-json\/wp\/v2\/product"}],"about":[{"href":"https:\/\/olemosaic.orbitalia.org\/fr\/wp-json\/wp\/v2\/types\/product"}],"wp:featuredmedia":[{"embeddable":true,"href":"https:\/\/olemosaic.orbitalia.org\/fr\/wp-json\/wp\/v2\/media\/9504"}],"wp:attachment":[{"href":"https:\/\/olemosaic.orbitalia.org\/fr\/wp-json\/wp\/v2\/media?parent=29650"}],"wp:term":[{"taxonomy":"product_brand","embeddable":true,"href":"https:\/\/olemosaic.orbitalia.org\/fr\/wp-json\/wp\/v2\/product_brand?post=29650"},{"taxonomy":"product_cat","embeddable":true,"href":"https:\/\/olemosaic.orbitalia.org\/fr\/wp-json\/wp\/v2\/product_cat?post=29650"},{"taxonomy":"product_tag","embeddable":true,"href":"https:\/\/olemosaic.orbitalia.org\/fr\/wp-json\/wp\/v2\/product_tag?post=29650"}],"curies":[{"name":"wp","href":"https:\/\/api.w.org\/{rel}","templated":true}]}}