{"id":29648,"date":"2025-02-20T23:31:17","date_gmt":"2025-02-20T22:31:17","guid":{"rendered":"https:\/\/olemosaic.orbitalia.org\/producto\/cenicero-de-ceramica-de-8-cm-flores-blanco\/"},"modified":"2025-07-25T19:01:11","modified_gmt":"2025-07-25T17:01:11","slug":"cendrier-en-ceramique-de-8-cm-fleurs-blanc","status":"publish","type":"product","link":"https:\/\/olemosaic.orbitalia.org\/fr\/produit\/cendrier-en-ceramique-de-8-cm-fleurs-blanc\/","title":{"rendered":"Cendrier en c\u00e9ramique de 8 cm. Fleurs. Blanc"},"content":{"rendered":"<p>Ce cendrier en c\u00e9ramique de 8 cm est une repr\u00e9sentation \u00e9l\u00e9gante de l&rsquo;art et de la culture m\u00e9diterran\u00e9enne, id\u00e9al pour ceux qui recherchent des souvenirs uniques d&rsquo;Espagne. Son design attrayant pr\u00e9sente une base blanche qui fait ressortir la mosa\u00efque vibrante de fleurs \u00e0 l&rsquo;effet peint \u00e0 la main dans des tons color\u00e9s de rouge, jaune, bleu et vert, cr\u00e9ant un effet visuel captivant. La d\u00e9coration int\u00e9rieure, riche en d\u00e9tails floraux, capture l&rsquo;essence des paysages m\u00e9diterran\u00e9ens, transformant cette pi\u00e8ce non seulement en un objet fonctionnel, mais en une \u0153uvre d&rsquo;art d\u00e9corative qui \u00e9gayera n&rsquo;importe quel espace.<\/p>\n<p>Ce cendrier repr\u00e9sente la tradition artisanale de la r\u00e9gion, o\u00f9 la mosa\u00efque est utilis\u00e9e depuis des si\u00e8cles pour orner les b\u00e2timents et les objets du quotidien. Les motifs floraux sont un symbole de la diversit\u00e9 et de la beaut\u00e9 qui caract\u00e9risent la vie sur la c\u00f4te m\u00e9diterran\u00e9enne, \u00e9voquant la chaleur des mois ensoleill\u00e9s et la fra\u00eecheur des jardins.<\/p>\n<p>Chez Ol\u00e9 Mosaic, nous sommes fiers de proposer des souvenirs authentiques et de qualit\u00e9 en gros, parfaits pour les boutiques de cadeaux touristiques. Ce cendrier en c\u00e9ramique est une excellente option pour les touristes \u00e0 la recherche d&rsquo;une pi\u00e8ce repr\u00e9sentative avec une touche de couleur, constituant un cadeau id\u00e9al pour se souvenir de leur visite et emporter un petit morceau de la culture espagnole.<\/p>\n","protected":false},"excerpt":{"rendered":"<p>Cendrier en c\u00e9ramique de 8 cm, d\u00e9cor\u00e9 d&rsquo;un design floral vibrant. Cet \u00e9l\u00e9gant cendrier pr\u00e9sente une base blanche qui rehausse les mosa\u00efques color\u00e9es de fleurs rouges, jaunes, bleues et vertes, peintes \u00e0 la main avec soin. L&rsquo;art floral d\u00e9taill\u00e9 orne son int\u00e9rieur, cr\u00e9ant une pi\u00e8ce distinctive qui refl\u00e8te l&rsquo;esprit de la culture m\u00e9diterran\u00e9enne. Id\u00e9al pour ajouter une touche de couleur et de style \u00e0 n&rsquo;importe quel espace.<\/p>\n","protected":false},"featured_media":8882,"template":"","meta":{"_acf_changed":false},"product_brand":[],"product_cat":[584],"product_tag":[585],"class_list":{"0":"post-29648","1":"product","2":"type-product","3":"status-publish","4":"has-post-thumbnail","6":"product_cat-cendriers","7":"product_tag-ceramique","8":"pa_motivo-fleurs","10":"first","11":"instock","12":"shipping-taxable","13":"product-type-simple"},"acf":[],"_links":{"self":[{"href":"https:\/\/olemosaic.orbitalia.org\/fr\/wp-json\/wp\/v2\/product\/29648","targetHints":{"allow":["GET"]}}],"collection":[{"href":"https:\/\/olemosaic.orbitalia.org\/fr\/wp-json\/wp\/v2\/product"}],"about":[{"href":"https:\/\/olemosaic.orbitalia.org\/fr\/wp-json\/wp\/v2\/types\/product"}],"wp:featuredmedia":[{"embeddable":true,"href":"https:\/\/olemosaic.orbitalia.org\/fr\/wp-json\/wp\/v2\/media\/8882"}],"wp:attachment":[{"href":"https:\/\/olemosaic.orbitalia.org\/fr\/wp-json\/wp\/v2\/media?parent=29648"}],"wp:term":[{"taxonomy":"product_brand","embeddable":true,"href":"https:\/\/olemosaic.orbitalia.org\/fr\/wp-json\/wp\/v2\/product_brand?post=29648"},{"taxonomy":"product_cat","embeddable":true,"href":"https:\/\/olemosaic.orbitalia.org\/fr\/wp-json\/wp\/v2\/product_cat?post=29648"},{"taxonomy":"product_tag","embeddable":true,"href":"https:\/\/olemosaic.orbitalia.org\/fr\/wp-json\/wp\/v2\/product_tag?post=29648"}],"curies":[{"name":"wp","href":"https:\/\/api.w.org\/{rel}","templated":true}]}}