{"id":29644,"date":"2025-02-20T22:31:16","date_gmt":"2025-02-20T22:31:16","guid":{"rendered":"https:\/\/olemosaic.orbitalia.org\/producto\/cenicero-de-ceramica-de-8-cm-barcelona-azul\/"},"modified":"2025-07-25T20:21:53","modified_gmt":"2025-07-25T18:21:53","slug":"cendrier-en-ceramique-de-8-cm-barcelone-bleu","status":"publish","type":"product","link":"https:\/\/olemosaic.orbitalia.org\/fr\/produit\/cendrier-en-ceramique-de-8-cm-barcelone-bleu\/","title":{"rendered":"Cendrier en c\u00e9ramique de 8 cm. Barcelone. Bleu."},"content":{"rendered":"<p>Ce cendrier en c\u00e9ramique de 8 cm est un hommage vibrant \u00e0 l&rsquo;architecture iconique de Barcelone, avec une repr\u00e9sentation color\u00e9e de ses monuments embl\u00e9matiques. Avec un design attrayant qui m\u00e9lange des mosa\u00efques dans des tons intenses de bleu, rouge et jaune, cette pi\u00e8ce met en avant la majestueuse Sagrada Familia et d&rsquo;autres symboles architecturaux qui ont fait de la ville une r\u00e9f\u00e9rence culturelle mondiale. Sa finition brillante ne fait pas que souligner les d\u00e9tails artistiques, elle en fait \u00e9galement une pi\u00e8ce id\u00e9ale, tant pour un usage pratique que d\u00e9coratif. Chaque centim\u00e8tre de ce cendrier capture l&rsquo;essence de l&rsquo;art et de la culture catalane, offrant un souvenir authentique que les touristes appr\u00e9cieront. Son design unique et color\u00e9 \u00e9voque la tradition et la modernit\u00e9, faisant de ce cendrier le souvenir parfait pour ceux qui cherchent \u00e0 ramener un morceau de Barcelone chez eux. Chez Ol\u00e9 Mosaic, nous nous sp\u00e9cialisons dans la distribution de souvenirs en gros, garantissant que chaque pi\u00e8ce, comme ce cendrier, respecte les normes de qualit\u00e9 et d&rsquo;authenticit\u00e9 attendues par les clients. Cet article est, sans aucun doute, une excellente option pour les boutiques de cadeaux touristiques qui cherchent \u00e0 proposer des produits repr\u00e9sentatifs de la riche culture espagnole.<\/p>\n","protected":false},"excerpt":{"rendered":"<p>Cendrier en c\u00e9ramique de 8 cm d\u00e9cor\u00e9 d&rsquo;une repr\u00e9sentation color\u00e9e des monuments embl\u00e9matiques de Barcelone. Cet article attrayant pr\u00e9sente un design vibrant avec des mosa\u00efques dans les tons bleus, rouges et jaunes, mettant en avant la Sagrada Familia et d&rsquo;autres ic\u00f4nes architecturales de la ville. Avec une finition brillante, ce cendrier est id\u00e9al aussi bien comme objet d\u00e9coratif que pour un usage pratique, capturant l&rsquo;essence de l&rsquo;art et de la culture catalane.<\/p>\n","protected":false},"featured_media":12095,"template":"","meta":{"_acf_changed":false},"product_brand":[],"product_cat":[584],"product_tag":[585],"class_list":{"0":"post-29644","1":"product","2":"type-product","3":"status-publish","4":"has-post-thumbnail","6":"product_cat-cendriers","7":"product_tag-ceramique","8":"pa_ciudad-barcelona","9":"pa_pais-espana","11":"first","12":"instock","13":"shipping-taxable","14":"product-type-simple"},"acf":[],"_links":{"self":[{"href":"https:\/\/olemosaic.orbitalia.org\/fr\/wp-json\/wp\/v2\/product\/29644","targetHints":{"allow":["GET"]}}],"collection":[{"href":"https:\/\/olemosaic.orbitalia.org\/fr\/wp-json\/wp\/v2\/product"}],"about":[{"href":"https:\/\/olemosaic.orbitalia.org\/fr\/wp-json\/wp\/v2\/types\/product"}],"wp:featuredmedia":[{"embeddable":true,"href":"https:\/\/olemosaic.orbitalia.org\/fr\/wp-json\/wp\/v2\/media\/12095"}],"wp:attachment":[{"href":"https:\/\/olemosaic.orbitalia.org\/fr\/wp-json\/wp\/v2\/media?parent=29644"}],"wp:term":[{"taxonomy":"product_brand","embeddable":true,"href":"https:\/\/olemosaic.orbitalia.org\/fr\/wp-json\/wp\/v2\/product_brand?post=29644"},{"taxonomy":"product_cat","embeddable":true,"href":"https:\/\/olemosaic.orbitalia.org\/fr\/wp-json\/wp\/v2\/product_cat?post=29644"},{"taxonomy":"product_tag","embeddable":true,"href":"https:\/\/olemosaic.orbitalia.org\/fr\/wp-json\/wp\/v2\/product_tag?post=29644"}],"curies":[{"name":"wp","href":"https:\/\/api.w.org\/{rel}","templated":true}]}}