{"id":29621,"date":"2025-02-20T23:31:16","date_gmt":"2025-02-20T22:31:16","guid":{"rendered":"https:\/\/olemosaic.orbitalia.org\/producto\/cenicero-de-ceramica-de-8-cm-sevilla-blanco\/"},"modified":"2025-07-25T19:12:48","modified_gmt":"2025-07-25T17:12:48","slug":"cendrier-en-ceramique-de-8-cm-seville-blanc","status":"publish","type":"product","link":"https:\/\/olemosaic.orbitalia.org\/fr\/produit\/cendrier-en-ceramique-de-8-cm-seville-blanc\/","title":{"rendered":"Cendrier en c\u00e9ramique de 8 cm. S\u00e9ville. Blanc"},"content":{"rendered":"<p>Ce cendrier en c\u00e9ramique de 8 cm est un souvenir attrayant qui capture l&rsquo;essence de S\u00e9ville, une ville riche en histoire et en culture. Avec un fond blanc \u00e9l\u00e9gant qui contraste merveilleusement avec les tons rouges et jaunes vibrants, ce cendrier pr\u00e9sente des illustrations de l&rsquo;architecture andalouse embl\u00e9matique, y compris la c\u00e9l\u00e8bre Giralda, symbole incontestable de la ville. Chaque d\u00e9tail a \u00e9t\u00e9 soigneusement peint \u00e0 la main, ce qui garantit l&rsquo;exclusivit\u00e9 de chaque pi\u00e8ce et refl\u00e8te le savoir-faire artisanal des cr\u00e9ateurs locaux. L&rsquo;inscription \u00ab\u00a0S\u00c9VILLE\u00a0\u00bb dans un style amusant et moderne lui ajoute une touche contemporaine, en faisant un choix id\u00e9al pour ajouter une touche andalouse \u00e0 n&rsquo;importe quel foyer ou espace.<\/p>\n<p>Ce cendrier n&rsquo;est pas seulement fonctionnel, il sert \u00e9galement de charmant rappel de l&rsquo;exp\u00e9rience magique v\u00e9cue \u00e0 S\u00e9ville. C&rsquo;est un excellent souvenir pour les touristes qui souhaitent emporter un morceau de cette ville vibrante. Chez Ol\u00e9 Mosaic, sp\u00e9cialis\u00e9s dans la distribution de souvenirs en gros, nous proposons des produits qui refl\u00e8tent l&rsquo;authentique culture espagnole. Ce cendrier de S\u00e9ville est parfait pour les boutiques de cadeaux touristiques qui cherchent \u00e0 offrir des souvenirs repr\u00e9sentatifs, artisanaux et de qualit\u00e9, assurant la satisfaction du client et l&rsquo;appr\u00e9ciation du riche h\u00e9ritage culturel de l&rsquo;Andalousie.<\/p>\n","protected":false},"excerpt":{"rendered":"<p>Cendrier en c\u00e9ramique de 8 cm inspir\u00e9 par le paysage embl\u00e9matique de S\u00e9ville. Ce cendrier attrayant pr\u00e9sente un design vibrant et color\u00e9, d\u00e9cor\u00e9 d&rsquo;illustrations de l&rsquo;architecture andalouse, incluant des ic\u00f4nes comme la Giralda. Peint dans un style artisanal, son fond blanc \u00e9l\u00e9gant contraste avec les tons rouges et jaunes vifs des \u00e9difices, tandis que le mot \u00ab\u00a0S\u00c9VILLE\u00a0\u00bb se distingue par un style amusant et moderne. Id\u00e9al pour ajouter une touche andalouse \u00e0 n&rsquo;importe quel espace.<\/p>\n","protected":false},"featured_media":9939,"template":"","meta":{"_acf_changed":false},"product_brand":[],"product_cat":[584],"product_tag":[585],"class_list":{"0":"post-29621","1":"product","2":"type-product","3":"status-publish","4":"has-post-thumbnail","6":"product_cat-cendriers","7":"product_tag-ceramique","8":"pa_ciudad-sevilla","9":"pa_pais-espana","11":"first","12":"instock","13":"shipping-taxable","14":"product-type-simple"},"acf":[],"_links":{"self":[{"href":"https:\/\/olemosaic.orbitalia.org\/fr\/wp-json\/wp\/v2\/product\/29621","targetHints":{"allow":["GET"]}}],"collection":[{"href":"https:\/\/olemosaic.orbitalia.org\/fr\/wp-json\/wp\/v2\/product"}],"about":[{"href":"https:\/\/olemosaic.orbitalia.org\/fr\/wp-json\/wp\/v2\/types\/product"}],"wp:featuredmedia":[{"embeddable":true,"href":"https:\/\/olemosaic.orbitalia.org\/fr\/wp-json\/wp\/v2\/media\/9939"}],"wp:attachment":[{"href":"https:\/\/olemosaic.orbitalia.org\/fr\/wp-json\/wp\/v2\/media?parent=29621"}],"wp:term":[{"taxonomy":"product_brand","embeddable":true,"href":"https:\/\/olemosaic.orbitalia.org\/fr\/wp-json\/wp\/v2\/product_brand?post=29621"},{"taxonomy":"product_cat","embeddable":true,"href":"https:\/\/olemosaic.orbitalia.org\/fr\/wp-json\/wp\/v2\/product_cat?post=29621"},{"taxonomy":"product_tag","embeddable":true,"href":"https:\/\/olemosaic.orbitalia.org\/fr\/wp-json\/wp\/v2\/product_tag?post=29621"}],"curies":[{"name":"wp","href":"https:\/\/api.w.org\/{rel}","templated":true}]}}