{"id":29619,"date":"2025-02-20T23:31:15","date_gmt":"2025-02-20T22:31:15","guid":{"rendered":"https:\/\/olemosaic.orbitalia.org\/producto\/cenicero-de-ceramica-de-6-cm-salamandra-barcelona-beige\/"},"modified":"2025-07-25T18:38:47","modified_gmt":"2025-07-25T16:38:47","slug":"cendrier-en-ceramique-de-6-cm-salamandre-barcelone-beige","status":"publish","type":"product","link":"https:\/\/olemosaic.orbitalia.org\/fr\/produit\/cendrier-en-ceramique-de-6-cm-salamandre-barcelone-beige\/","title":{"rendered":"Cendrier en c\u00e9ramique de 6 cm. Salamandre. Barcelone. Beige"},"content":{"rendered":"<p>Ce cendrier en c\u00e9ramique de 6 cm est un charmant souvenir de Barcelone qui refl\u00e8te l&rsquo;esth\u00e9tique vibrante de l&rsquo;art catalan. Sa base beige contraste magistralement avec un bord rouge vif, cr\u00e9ant un effet visuel attrayant et joyeux. Le mot \u00ab\u00a0Barcelone\u00a0\u00bb est \u00e9l\u00e9gamment peint avec des lettres color\u00e9es qui \u00e9voquent l&rsquo;\u00e9nergie et l&rsquo;esprit de la ville. \u00c0 l&rsquo;int\u00e9rieur, ce cendrier pr\u00e9sente une salamandre color\u00e9e d\u00e9cor\u00e9e d&rsquo;une mosa\u00efque rappelant le c\u00e9l\u00e8bre style d&rsquo;Antoni Gaud\u00ed, figure embl\u00e9matique du modernisme qui a marqu\u00e9 le paysage architectural de la ville.<\/p>\n<p>Les motifs floraux entourant la salamandre ajoutent une touche festive, renfor\u00e7ant le lien culturel avec le riche h\u00e9ritage artistique de Barcelone. Ce cendrier n&rsquo;est pas seulement un objet fonctionnel, mais un v\u00e9ritable repr\u00e9sentant de la culture espagnole, id\u00e9al pour ceux qui recherchent des souvenirs qui racontent une histoire. C&rsquo;est un excellent cadeau pour les touristes et les collectionneurs, car il allie design et fonctionnalit\u00e9, offrant un souvenir authentique de la capitale catalane. Chez Ol\u00e9 Mosaic, nous sommes des distributeurs de souvenirs authentiques, et ce cendrier de Barcelone est un choix de premier plan pour les boutiques de cadeaux touristiques cherchant \u00e0 proposer des produits uniques et significatifs.<\/p>\n","protected":false},"excerpt":{"rendered":"<p>Cendrier en c\u00e9ramique de 6 cm avec un design color\u00e9 de salamandre, inspir\u00e9 de l&rsquo;art barcelonais. Sa base beige contraste avec un bord rouge vif et arbore le mot \u00ab\u00a0Barcelone\u00a0\u00bb en lettres joyeuses. D\u00e9cor\u00e9 dans un style artisanal, l&rsquo;int\u00e9rieur pr\u00e9sente des motifs floraux et une salamandre avec une mosa\u00efque de couleurs \u00e9voquant le c\u00e9l\u00e8bre style de Gaud\u00ed. Id\u00e9al pour les collectionneurs et les amoureux de la ville.<\/p>\n","protected":false},"featured_media":7559,"template":"","meta":{"_acf_changed":false},"product_brand":[],"product_cat":[584],"product_tag":[530,585],"class_list":{"0":"post-29619","1":"product","2":"type-product","3":"status-publish","4":"has-post-thumbnail","6":"product_cat-cendriers","7":"product_tag-animaux","8":"product_tag-ceramique","9":"pa_ciudad-barcelona","10":"pa_motivo-salamandres","11":"pa_pais-espana","13":"first","14":"instock","15":"shipping-taxable","16":"product-type-simple"},"acf":[],"_links":{"self":[{"href":"https:\/\/olemosaic.orbitalia.org\/fr\/wp-json\/wp\/v2\/product\/29619","targetHints":{"allow":["GET"]}}],"collection":[{"href":"https:\/\/olemosaic.orbitalia.org\/fr\/wp-json\/wp\/v2\/product"}],"about":[{"href":"https:\/\/olemosaic.orbitalia.org\/fr\/wp-json\/wp\/v2\/types\/product"}],"wp:featuredmedia":[{"embeddable":true,"href":"https:\/\/olemosaic.orbitalia.org\/fr\/wp-json\/wp\/v2\/media\/7559"}],"wp:attachment":[{"href":"https:\/\/olemosaic.orbitalia.org\/fr\/wp-json\/wp\/v2\/media?parent=29619"}],"wp:term":[{"taxonomy":"product_brand","embeddable":true,"href":"https:\/\/olemosaic.orbitalia.org\/fr\/wp-json\/wp\/v2\/product_brand?post=29619"},{"taxonomy":"product_cat","embeddable":true,"href":"https:\/\/olemosaic.orbitalia.org\/fr\/wp-json\/wp\/v2\/product_cat?post=29619"},{"taxonomy":"product_tag","embeddable":true,"href":"https:\/\/olemosaic.orbitalia.org\/fr\/wp-json\/wp\/v2\/product_tag?post=29619"}],"curies":[{"name":"wp","href":"https:\/\/api.w.org\/{rel}","templated":true}]}}