{"id":29559,"date":"2025-02-20T22:31:12","date_gmt":"2025-02-20T22:31:12","guid":{"rendered":"https:\/\/olemosaic.orbitalia.org\/producto\/cenicero-de-ceramica-de-10-cm-barcelona-azul\/"},"modified":"2025-07-25T18:33:33","modified_gmt":"2025-07-25T16:33:33","slug":"cendrier-en-ceramique-de-10-cm-barcelone-bleu","status":"publish","type":"product","link":"https:\/\/olemosaic.orbitalia.org\/fr\/produit\/cendrier-en-ceramique-de-10-cm-barcelone-bleu\/","title":{"rendered":"Cendrier en c\u00e9ramique de 10 cm. Barcelone. Bleu."},"content":{"rendered":"<p>Ce cendrier en c\u00e9ramique de 10 cm est un merveilleux souvenir de Barcelone, id\u00e9al pour ceux qui souhaitent emporter un morceau de la vibrante culture catalane. Son design se distingue par un fond bleu qui \u00e9voque les mosa\u00efques caract\u00e9ristiques de Gaud\u00ed, int\u00e9grant de mani\u00e8re color\u00e9e et artistique les monuments les plus embl\u00e9matiques de la ville, comme l&rsquo;iconique Sagrada Familia.<\/p>\n<p>La c\u00e9ramique avec laquelle ce cendrier est fabriqu\u00e9 est non seulement robuste et fonctionnelle, mais elle agit \u00e9galement comme une pi\u00e8ce d\u00e9corative qui peut embellir n&rsquo;importe quel espace. Les d\u00e9tails complexes des monuments, avec leurs nuances vives et un style particulier, vous transporteront dans les rues de Barcelone \u00e0 chaque fois que vous le verrez. Ce cendrier est parfait pour un usage quotidien, mais aussi comme objet ornemental refl\u00e9tant la richesse du patrimoine architectural de la ville.<\/p>\n<p>Avec son design m\u00ealant art et utilit\u00e9, c&rsquo;est un souvenir exceptionnel pour les touristes en qu\u00eate d&rsquo;une connexion authentique avec Barcelone. Chez Ol\u00e9 Mosaic, nous nous sp\u00e9cialisons dans la distribution de souvenirs de haute qualit\u00e9, et ce cendrier de Barcelone est une excellente option pour les magasins de cadeaux touristiques \u00e0 la recherche de produits distinctifs et culturels. En tant que grossistes de souvenirs, nous garantissons l&rsquo;authenticit\u00e9 et le style de chaque pi\u00e8ce.<\/p>\n","protected":false},"excerpt":{"rendered":"<p>Cendrier en c\u00e9ramique de 10 cm d\u00e9cor\u00e9 d&rsquo;un design vibrant repr\u00e9sentant les monuments les plus embl\u00e9matiques de Barcelone. Sur un fond bleu, la pi\u00e8ce met en valeur la Sagrada Familia et d&rsquo;autres \u00e9l\u00e9ments architecturaux iconiques, le tout exprim\u00e9 dans un style color\u00e9 qui \u00e9voque les c\u00e9l\u00e8bres mosa\u00efques de Gaud\u00ed. Ce cendrier est \u00e0 la fois fonctionnel et d\u00e9coratif, id\u00e9al pour ajouter une touche artistique et culturelle \u00e0 n&rsquo;importe quel espace.<\/p>\n","protected":false},"featured_media":12094,"template":"","meta":{"_acf_changed":false},"product_brand":[],"product_cat":[584],"product_tag":[585],"class_list":{"0":"post-29559","1":"product","2":"type-product","3":"status-publish","4":"has-post-thumbnail","6":"product_cat-cendriers","7":"product_tag-ceramique","8":"pa_ciudad-barcelona","9":"pa_pais-espana","11":"first","12":"instock","13":"shipping-taxable","14":"product-type-simple"},"acf":[],"_links":{"self":[{"href":"https:\/\/olemosaic.orbitalia.org\/fr\/wp-json\/wp\/v2\/product\/29559","targetHints":{"allow":["GET"]}}],"collection":[{"href":"https:\/\/olemosaic.orbitalia.org\/fr\/wp-json\/wp\/v2\/product"}],"about":[{"href":"https:\/\/olemosaic.orbitalia.org\/fr\/wp-json\/wp\/v2\/types\/product"}],"wp:featuredmedia":[{"embeddable":true,"href":"https:\/\/olemosaic.orbitalia.org\/fr\/wp-json\/wp\/v2\/media\/12094"}],"wp:attachment":[{"href":"https:\/\/olemosaic.orbitalia.org\/fr\/wp-json\/wp\/v2\/media?parent=29559"}],"wp:term":[{"taxonomy":"product_brand","embeddable":true,"href":"https:\/\/olemosaic.orbitalia.org\/fr\/wp-json\/wp\/v2\/product_brand?post=29559"},{"taxonomy":"product_cat","embeddable":true,"href":"https:\/\/olemosaic.orbitalia.org\/fr\/wp-json\/wp\/v2\/product_cat?post=29559"},{"taxonomy":"product_tag","embeddable":true,"href":"https:\/\/olemosaic.orbitalia.org\/fr\/wp-json\/wp\/v2\/product_tag?post=29559"}],"curies":[{"name":"wp","href":"https:\/\/api.w.org\/{rel}","templated":true}]}}