{"id":29548,"date":"2025-02-20T23:31:11","date_gmt":"2025-02-20T22:31:11","guid":{"rendered":"https:\/\/olemosaic.orbitalia.org\/producto\/bol-de-coco-marron-mano\/"},"modified":"2025-07-25T19:38:33","modified_gmt":"2025-07-25T17:38:33","slug":"bol-noix-de-coco-marron-main-de-fatma","status":"publish","type":"product","link":"https:\/\/olemosaic.orbitalia.org\/fr\/produit\/bol-noix-de-coco-marron-main-de-fatma\/","title":{"rendered":"Bol en noix de coco marron. Main de Fatma. Khamsa."},"content":{"rendered":"<p>Ce bol captivant en noix de coco marron est une pi\u00e8ce unique qui fusionne le naturel du mat\u00e9riau avec la richesse culturelle. De conception artisanale, le bol pr\u00e9sente un design traditionnel mettant en avant l&#8217;embl\u00e9matique main de Fatma au centre, symbole de protection et de chance dans de nombreuses cultures m\u00e9diterran\u00e9ennes et du Moyen-Orient. La base du bol est en noix de coco naturelle, offrant une finition brillante qui souligne les tons marron et cr\u00e8me, tandis que les d\u00e9licates pi\u00e8ces de mosa\u00efque qui l&rsquo;ornent ajoutent une touche artistique et vibrante qui attire l&rsquo;attention.<\/p>\n<p>Parfait pour servir des ap\u00e9ritifs ou comme \u00e9l\u00e9ment d\u00e9coratif, ce bol refl\u00e8te la ma\u00eetrise de l&rsquo;artisanat local et le respect des traditions. La main de Fatma, d\u00e9licatement peinte, non seulement embellit le bol, mais en fait \u00e9galement un rappel plein de sens, id\u00e9al pour ceux qui souhaitent emporter un morceau de culture authentique. Son authenticit\u00e9 et son design attrayant font de ce bol un excellent souvenir qui enchante les touristes et ceux qui appr\u00e9cient la beaut\u00e9 de l&rsquo;art dans leur foyer.<\/p>\n<p>Chez Ol\u00e9 Mosaic, nous sommes fiers de distribuer des souvenirs de haute qualit\u00e9 qui c\u00e9l\u00e8brent l&rsquo;h\u00e9ritage culturel. Ce bol en noix de coco marron est une merveilleuse option pour les boutiques de cadeaux touristiques \u00e0 la recherche de produits authentiques et significatifs. En tant que grossistes de souvenirs, nous proposons des pi\u00e8ces qui racontent des histoires et pr\u00e9servent les traditions, parfaites pour tout visiteur souhaitant se souvenir de son voyage.<\/p>\n","protected":false},"excerpt":{"rendered":"<p>Bol en noix de coco marron, d\u00e9cor\u00e9 dans un style artisanal avec un design traditionnel repr\u00e9sentant la main de Fatma au centre. Ce bol attrayant, fabriqu\u00e9 en noix de coco naturelle, pr\u00e9sente une finition brillante qui souligne les tons marron et cr\u00e8me du mat\u00e9riau. Les pi\u00e8ces de mosa\u00efque qui l&rsquo;ornent ajoutent une touche culturelle et artistique, id\u00e9ale pour servir des ap\u00e9ritifs ou comme \u00e9l\u00e9ment d\u00e9coratif dans n&rsquo;importe quel foyer. Une belle repr\u00e9sentation de l&rsquo;art et de la tradition.<\/p>\n","protected":false},"featured_media":13485,"template":"","meta":{"_acf_changed":false},"product_brand":[],"product_cat":[521],"product_tag":[],"class_list":{"0":"post-29548","1":"product","2":"type-product","3":"status-publish","4":"has-post-thumbnail","6":"product_cat-bols","7":"pa_motivo-mains","9":"first","10":"instock","11":"shipping-taxable","12":"product-type-simple"},"acf":[],"_links":{"self":[{"href":"https:\/\/olemosaic.orbitalia.org\/fr\/wp-json\/wp\/v2\/product\/29548","targetHints":{"allow":["GET"]}}],"collection":[{"href":"https:\/\/olemosaic.orbitalia.org\/fr\/wp-json\/wp\/v2\/product"}],"about":[{"href":"https:\/\/olemosaic.orbitalia.org\/fr\/wp-json\/wp\/v2\/types\/product"}],"wp:featuredmedia":[{"embeddable":true,"href":"https:\/\/olemosaic.orbitalia.org\/fr\/wp-json\/wp\/v2\/media\/13485"}],"wp:attachment":[{"href":"https:\/\/olemosaic.orbitalia.org\/fr\/wp-json\/wp\/v2\/media?parent=29548"}],"wp:term":[{"taxonomy":"product_brand","embeddable":true,"href":"https:\/\/olemosaic.orbitalia.org\/fr\/wp-json\/wp\/v2\/product_brand?post=29548"},{"taxonomy":"product_cat","embeddable":true,"href":"https:\/\/olemosaic.orbitalia.org\/fr\/wp-json\/wp\/v2\/product_cat?post=29548"},{"taxonomy":"product_tag","embeddable":true,"href":"https:\/\/olemosaic.orbitalia.org\/fr\/wp-json\/wp\/v2\/product_tag?post=29548"}],"curies":[{"name":"wp","href":"https:\/\/api.w.org\/{rel}","templated":true}]}}