{"id":29531,"date":"2025-02-20T22:31:11","date_gmt":"2025-02-20T22:31:11","guid":{"rendered":"https:\/\/olemosaic.orbitalia.org\/producto\/bol-de-coco-con-flores-delfin\/"},"modified":"2025-07-25T19:36:17","modified_gmt":"2025-07-25T17:36:17","slug":"bol-de-coco-avec-fleurs-dauphin","status":"publish","type":"product","link":"https:\/\/olemosaic.orbitalia.org\/fr\/produit\/bol-de-coco-avec-fleurs-dauphin\/","title":{"rendered":"Bol de coco avec fleurs. Dauphin."},"content":{"rendered":"<p>Ce bol en noix de coco, d\u00e9cor\u00e9 d&rsquo;un design vibrant de fleurs et de dauphins, est une pi\u00e8ce artisanale unique qui capture l&rsquo;essence de l&rsquo;art populaire m\u00e9diterran\u00e9en. Fabriqu\u00e9 \u00e0 la main, il pr\u00e9sente une mosa\u00efque complexe de p\u00e9tales dans les tons rouge, jaune et bleu, qui se d\u00e9ploient sur un fond doux, cr\u00e9ant un effet visuel captivant. Au centre du bol, deux dauphins, \u00e9labor\u00e9s avec \u00e9l\u00e9gance et subtilit\u00e9 selon la technique du ajourage, \u00e9mergent, symbolisant la connexion avec la mer et la joie de la vie marine. Le travail minutieux sur les d\u00e9tails floraux et la sim\u00e9trie du design soulignent le savoir-faire artisanal des cr\u00e9ateurs, faisant de ce bol un bel objet d\u00e9coratif, id\u00e9al pour mettre en valeur n&rsquo;importe quel coin de votre maison.<\/p>\n<p>Ce souvenir, typique des r\u00e9gions c\u00f4ti\u00e8res d&rsquo;Espagne, \u00e9voque un air estival et frais, devenant un excellent cadeau pour ceux qui souhaitent emporter un morceau de la culture m\u00e9diterran\u00e9enne. Parfait comme souvenir de vacances ou pour ceux qui appr\u00e9cient la fusion entre l&rsquo;art et la nature, ce bol en coco est un choix id\u00e9al pour les boutiques de cadeaux touristiques. Chez Ol\u00e9 Mosaic, en tant que grossistes de souvenirs, nous garantissons que chaque pi\u00e8ce est authentique et de qualit\u00e9, soulignant la pertinence culturelle de chaque produit que nous distribuons.<\/p>\n","protected":false},"excerpt":{"rendered":"<p>Bol en noix de coco d\u00e9cor\u00e9 d&rsquo;un design floral vibrant et de dauphins. Ce magnifique bol, fait \u00e0 la main, pr\u00e9sente une mosa\u00efque complexe de p\u00e9tales dans les tons rouge, jaune et bleu sur un fond doux qui fait ressortir les d\u00e9licats dauphins au centre, \u00e9galement r\u00e9alis\u00e9s avec la technique de l&rsquo;ajourage. Parfait pour un usage d\u00e9coratif, il \u00e9voque un air marin et une touche de couleur, id\u00e9al pour n&rsquo;importe quel coin de votre maison.<\/p>\n","protected":false},"featured_media":10292,"template":"","meta":{"_acf_changed":false},"product_brand":[],"product_cat":[521],"product_tag":[530],"class_list":{"0":"post-29531","1":"product","2":"type-product","3":"status-publish","4":"has-post-thumbnail","6":"product_cat-bols","7":"product_tag-animaux","8":"pa_motivo-dauphins","10":"first","11":"instock","12":"shipping-taxable","13":"product-type-simple"},"acf":[],"_links":{"self":[{"href":"https:\/\/olemosaic.orbitalia.org\/fr\/wp-json\/wp\/v2\/product\/29531","targetHints":{"allow":["GET"]}}],"collection":[{"href":"https:\/\/olemosaic.orbitalia.org\/fr\/wp-json\/wp\/v2\/product"}],"about":[{"href":"https:\/\/olemosaic.orbitalia.org\/fr\/wp-json\/wp\/v2\/types\/product"}],"wp:featuredmedia":[{"embeddable":true,"href":"https:\/\/olemosaic.orbitalia.org\/fr\/wp-json\/wp\/v2\/media\/10292"}],"wp:attachment":[{"href":"https:\/\/olemosaic.orbitalia.org\/fr\/wp-json\/wp\/v2\/media?parent=29531"}],"wp:term":[{"taxonomy":"product_brand","embeddable":true,"href":"https:\/\/olemosaic.orbitalia.org\/fr\/wp-json\/wp\/v2\/product_brand?post=29531"},{"taxonomy":"product_cat","embeddable":true,"href":"https:\/\/olemosaic.orbitalia.org\/fr\/wp-json\/wp\/v2\/product_cat?post=29531"},{"taxonomy":"product_tag","embeddable":true,"href":"https:\/\/olemosaic.orbitalia.org\/fr\/wp-json\/wp\/v2\/product_tag?post=29531"}],"curies":[{"name":"wp","href":"https:\/\/api.w.org\/{rel}","templated":true}]}}