{"id":29530,"date":"2025-02-20T23:31:11","date_gmt":"2025-02-20T22:31:11","guid":{"rendered":"https:\/\/olemosaic.orbitalia.org\/producto\/bol-de-coco-de-beige-tortuga-mallorca\/"},"modified":"2025-07-25T20:32:43","modified_gmt":"2025-07-25T18:32:43","slug":"bol-de-coco-beige-tortue-majorque","status":"publish","type":"product","link":"https:\/\/olemosaic.orbitalia.org\/fr\/produit\/bol-de-coco-beige-tortue-majorque\/","title":{"rendered":"Bol de coco beige. Tortue. Majorque."},"content":{"rendered":"<p>Ce bol en noix de coco, d&rsquo;un ton beige \u00e9l\u00e9gant, est un reflet authentique de la beaut\u00e9 naturelle de Majorque. Son design ovale se distingue par sa structure et, surtout, par le m\u00e9lange harmonieux de la texture organique du coco, qui le rend unique et authentique. Au centre de cette pi\u00e8ce, une illustration captivante d&rsquo;une tortue, symbole de la vie marine m\u00e9diterran\u00e9enne, prend vie, accompagn\u00e9e du mot \u00ab\u00a0MALLORCA\u00a0\u00bb dans un ton bicolore attrayant. Ce d\u00e9tail ajoute non seulement une touche visuelle intrigante, mais connecte \u00e9galement le bol \u00e0 la culture et \u00e0 la biodiversit\u00e9 de l&rsquo;\u00eele. Parfait pour ceux qui recherchent un souvenir alliant fonctionnalit\u00e9 et esth\u00e9tique, ce bol permet d&rsquo;ajouter une touche rustique et culturelle \u00e0 n&rsquo;importe quel foyer. Id\u00e9al pour conserver des fruits, de petits objets ou simplement comme \u00e9l\u00e9ment d\u00e9coratif, c&rsquo;est une excellente option pour les touristes souhaitant emporter un morceau de la tradition majorquine. Chez Ol\u00e9 Mosaic, nous sommes fiers de proposer des produits authentiques en gros, comme ce bol d\u00e9coratif, qui repr\u00e9sentent l&rsquo;essence des souvenirs de Majorque, apportant une valeur culturelle qui en fait des souvenirs m\u00e9morables.<\/p>\n","protected":false},"excerpt":{"rendered":"<p>Bol en noix de coco beige, d\u00e9cor\u00e9 d&rsquo;un motif de tortue repr\u00e9sentatif de Majorque. Ce bol \u00e9l\u00e9gant pr\u00e9sente un design tr\u00e8s sp\u00e9cial, avec une structure ovale qui combine la texture naturelle du coco avec des d\u00e9tails visuels dans les tons beige et une finition brillante. Au centre, l&rsquo;illustration d&rsquo;une tortue se d\u00e9tache, accompagn\u00e9e du mot \u00ab\u00a0MALLORCA\u00a0\u00bb dans un ton bicolore attrayant. Id\u00e9al pour donner une touche rustique et culturelle \u00e0 n&rsquo;importe quel foyer.<\/p>\n","protected":false},"featured_media":11895,"template":"","meta":{"_acf_changed":false},"product_brand":[],"product_cat":[521],"product_tag":[530],"class_list":{"0":"post-29530","1":"product","2":"type-product","3":"status-publish","4":"has-post-thumbnail","6":"product_cat-bols","7":"product_tag-animaux","8":"pa_ciudad-mallorca","9":"pa_motivo-tortues","10":"pa_pais-espana","12":"first","13":"instock","14":"shipping-taxable","15":"product-type-simple"},"acf":[],"_links":{"self":[{"href":"https:\/\/olemosaic.orbitalia.org\/fr\/wp-json\/wp\/v2\/product\/29530","targetHints":{"allow":["GET"]}}],"collection":[{"href":"https:\/\/olemosaic.orbitalia.org\/fr\/wp-json\/wp\/v2\/product"}],"about":[{"href":"https:\/\/olemosaic.orbitalia.org\/fr\/wp-json\/wp\/v2\/types\/product"}],"wp:featuredmedia":[{"embeddable":true,"href":"https:\/\/olemosaic.orbitalia.org\/fr\/wp-json\/wp\/v2\/media\/11895"}],"wp:attachment":[{"href":"https:\/\/olemosaic.orbitalia.org\/fr\/wp-json\/wp\/v2\/media?parent=29530"}],"wp:term":[{"taxonomy":"product_brand","embeddable":true,"href":"https:\/\/olemosaic.orbitalia.org\/fr\/wp-json\/wp\/v2\/product_brand?post=29530"},{"taxonomy":"product_cat","embeddable":true,"href":"https:\/\/olemosaic.orbitalia.org\/fr\/wp-json\/wp\/v2\/product_cat?post=29530"},{"taxonomy":"product_tag","embeddable":true,"href":"https:\/\/olemosaic.orbitalia.org\/fr\/wp-json\/wp\/v2\/product_tag?post=29530"}],"curies":[{"name":"wp","href":"https:\/\/api.w.org\/{rel}","templated":true}]}}