{"id":29529,"date":"2025-02-20T23:31:11","date_gmt":"2025-02-20T22:31:11","guid":{"rendered":"https:\/\/olemosaic.orbitalia.org\/producto\/bol-de-coco-naranja-delfin-mallorca-2\/"},"modified":"2025-07-25T19:51:01","modified_gmt":"2025-07-25T17:51:01","slug":"bol-de-coco-orange-dauphin-majorque-2","status":"publish","type":"product","link":"https:\/\/olemosaic.orbitalia.org\/fr\/produit\/bol-de-coco-orange-dauphin-majorque-2\/","title":{"rendered":"Bol de coco orange. Dauphin. Majorque. Bal\u00e9ares."},"content":{"rendered":"<p>Ce bol en noix de coco vibrant, d&rsquo;une couleur orange intense, est un reflet authentique de la beaut\u00e9 marine de Majorque, id\u00e9al pour ceux qui souhaitent ramener un morceau de la M\u00e9diterran\u00e9e chez eux. Son design singulier en forme de dauphin \u00e9voque la vie aquatique qui entoure l&rsquo;\u00eele, capturant l&rsquo;essence joueuse de ces magnifiques mammif\u00e8res marins. Orn\u00e9 d&rsquo;un motif distinctif qui compl\u00e8te sa couleur \u00e9clatante, ce bol n&rsquo;est pas seulement une pi\u00e8ce fonctionnelle pour servir des ap\u00e9ritifs, mais aussi un charmant objet d\u00e9coratif qui ajoute une touche de couleur \u00e0 n&rsquo;importe quelle ambiance.<\/p>\n<p>Fabriqu\u00e9 \u00e0 partir de mat\u00e9riaux naturels, le bol se distingue par son originalit\u00e9 et son authenticit\u00e9, des caract\u00e9ristiques qui en font un souvenir de grande valeur culturelle, repr\u00e9sentant le riche h\u00e9ritage de l&rsquo;artisanat des Bal\u00e9ares. Sa polyvalence le rend parfait pour diverses occasions, que ce soit comme centre de table ou pour pr\u00e9senter une tapa app\u00e9tissante, insufflant \u00e0 chaque utilisation la chaleur et le charme de Majorque.<\/p>\n<p>Chez Ol\u00e9 Mosaic, nous sommes sp\u00e9cialis\u00e9s dans la distribution de souvenirs en gros, et ce bol en coco est une excellente option pour les boutiques de cadeaux touristiques \u00e0 la recherche de produits authentiques et pleins de caract\u00e8re. Souvenirs id\u00e9aux de Majorque, ces bols apportent un petit morceau de la M\u00e9diterran\u00e9e aux visiteurs qui cherchent des souvenirs racontant l&rsquo;histoire et la culture locales.<\/p>\n","protected":false},"excerpt":{"rendered":"<p>Bol en noix de coco d&rsquo;une couleur orange vibrante, inspir\u00e9 par la beaut\u00e9 marine de Majorque. Ce charmant bol pr\u00e9sente la silhouette d&rsquo;un dauphin, \u00e9voquant la vie aquatique de l&rsquo;\u00eele, et est orn\u00e9 d&rsquo;un design tr\u00e8s sp\u00e9cial qui souligne son esprit m\u00e9diterran\u00e9en. Fabriqu\u00e9 en mat\u00e9riau naturel, il est parfait pour servir des ap\u00e9ritifs ou comme \u00e9l\u00e9ment d\u00e9coratif. Id\u00e9al pour se souvenir du charme de Majorque \u00e0 chaque utilisation.<\/p>\n","protected":false},"featured_media":11781,"template":"","meta":{"_acf_changed":false},"product_brand":[],"product_cat":[521],"product_tag":[530],"class_list":{"0":"post-29529","1":"product","2":"type-product","3":"status-publish","4":"has-post-thumbnail","6":"product_cat-bols","7":"product_tag-animaux","8":"pa_ciudad-mallorca","9":"pa_motivo-dauphins","10":"pa_pais-espana","12":"first","13":"instock","14":"shipping-taxable","15":"product-type-simple"},"acf":[],"_links":{"self":[{"href":"https:\/\/olemosaic.orbitalia.org\/fr\/wp-json\/wp\/v2\/product\/29529","targetHints":{"allow":["GET"]}}],"collection":[{"href":"https:\/\/olemosaic.orbitalia.org\/fr\/wp-json\/wp\/v2\/product"}],"about":[{"href":"https:\/\/olemosaic.orbitalia.org\/fr\/wp-json\/wp\/v2\/types\/product"}],"wp:featuredmedia":[{"embeddable":true,"href":"https:\/\/olemosaic.orbitalia.org\/fr\/wp-json\/wp\/v2\/media\/11781"}],"wp:attachment":[{"href":"https:\/\/olemosaic.orbitalia.org\/fr\/wp-json\/wp\/v2\/media?parent=29529"}],"wp:term":[{"taxonomy":"product_brand","embeddable":true,"href":"https:\/\/olemosaic.orbitalia.org\/fr\/wp-json\/wp\/v2\/product_brand?post=29529"},{"taxonomy":"product_cat","embeddable":true,"href":"https:\/\/olemosaic.orbitalia.org\/fr\/wp-json\/wp\/v2\/product_cat?post=29529"},{"taxonomy":"product_tag","embeddable":true,"href":"https:\/\/olemosaic.orbitalia.org\/fr\/wp-json\/wp\/v2\/product_tag?post=29529"}],"curies":[{"name":"wp","href":"https:\/\/api.w.org\/{rel}","templated":true}]}}