{"id":29528,"date":"2025-02-20T22:31:10","date_gmt":"2025-02-20T22:31:10","guid":{"rendered":"https:\/\/olemosaic.orbitalia.org\/producto\/bol-de-coco-verde-metalizado\/"},"modified":"2025-07-25T19:02:47","modified_gmt":"2025-07-25T17:02:47","slug":"bol-de-coco-vert-metallise","status":"publish","type":"product","link":"https:\/\/olemosaic.orbitalia.org\/fr\/produit\/bol-de-coco-vert-metallise\/","title":{"rendered":"Bol de coco vert. M\u00e9tallis\u00e9."},"content":{"rendered":"<p>Ce bol en noix de coco vert m\u00e9tallis\u00e9 est une pi\u00e8ce d\u00e9corative exquise qui capture l&rsquo;essence de la tradition artisanale. Sa forme circulaire et son bord irr\u00e9gulier apportent de la singularit\u00e9 \u00e0 son design, tandis que la finition brillante, dans un ton vert vibrant, rappelle les paysages naturels luxuriants de la r\u00e9gion. \u00c9labor\u00e9 avec des techniques qui honorent l&rsquo;artisanat local, ce bol se distingue par sa touche m\u00e9tallis\u00e9e luxueuse, qui rehausse les couleurs et les nuances, en faisant un \u00e9l\u00e9ment id\u00e9al pour embellir n&rsquo;importe quel environnement. Que ce soit comme centre de table lors d&rsquo;un d\u00eener ou comme compl\u00e9ment \u00e9l\u00e9gant dans la maison, sa polyvalence le rend parfait pour ceux qui appr\u00e9cient l&rsquo;esth\u00e9tique et l&rsquo;authenticit\u00e9 dans leurs d\u00e9corations.<\/p>\n<p>Culturellement, ce bol refl\u00e8te le riche h\u00e9ritage des r\u00e9gions o\u00f9 ces objets artisanaux sont cr\u00e9\u00e9s, \u00e9tant un authentique repr\u00e9sentant de l&rsquo;art populaire transmis de g\u00e9n\u00e9ration en g\u00e9n\u00e9ration. Chez Ol\u00e9 Mosaic, nous sommes fiers de proposer des souvenirs qui ne sont pas seulement d\u00e9coratifs, mais qui racontent aussi des histoires et capturent l&rsquo;essence de chaque culture. Ce bol en coco vert m\u00e9tallis\u00e9 est une excellente option pour les boutiques de cadeaux touristiques \u00e0 la recherche d&rsquo;articles authentiques et de qualit\u00e9 mettant en valeur la beaut\u00e9 du patrimoine artisanal. En tant que grossiste d&rsquo;articles d\u00e9coratifs, nous garantissons l&rsquo;excellence et l&rsquo;authenticit\u00e9 de chaque pi\u00e8ce que nous distribuons.<\/p>\n","protected":false},"excerpt":{"rendered":"<p>Bol en noix de coco vert m\u00e9tallis\u00e9, un accessoire d\u00e9coratif \u00e9l\u00e9gant inspir\u00e9 de la tradition artisanale. Ce bol, de forme circulaire et au bord irr\u00e9gulier, pr\u00e9sente une finition brillante dans un ton vert vibrant qui \u00e9voque les paysages naturels de la r\u00e9gion. Son design luxueux, avec une touche m\u00e9tallis\u00e9e, en fait une pi\u00e8ce parfaite pour rehausser n&rsquo;importe quel espace, que ce soit comme centre de table ou comme \u00e9l\u00e9ment d\u00e9coratif dans la maison. Id\u00e9al pour ceux qui appr\u00e9cient l&rsquo;artisanat et le style.<\/p>\n","protected":false},"featured_media":10805,"template":"","meta":{"_acf_changed":false},"product_brand":[],"product_cat":[521],"product_tag":[],"class_list":{"0":"post-29528","1":"product","2":"type-product","3":"status-publish","4":"has-post-thumbnail","6":"product_cat-bols","7":"pa_motivo-metallise","9":"first","10":"instock","11":"shipping-taxable","12":"product-type-simple"},"acf":[],"_links":{"self":[{"href":"https:\/\/olemosaic.orbitalia.org\/fr\/wp-json\/wp\/v2\/product\/29528","targetHints":{"allow":["GET"]}}],"collection":[{"href":"https:\/\/olemosaic.orbitalia.org\/fr\/wp-json\/wp\/v2\/product"}],"about":[{"href":"https:\/\/olemosaic.orbitalia.org\/fr\/wp-json\/wp\/v2\/types\/product"}],"wp:featuredmedia":[{"embeddable":true,"href":"https:\/\/olemosaic.orbitalia.org\/fr\/wp-json\/wp\/v2\/media\/10805"}],"wp:attachment":[{"href":"https:\/\/olemosaic.orbitalia.org\/fr\/wp-json\/wp\/v2\/media?parent=29528"}],"wp:term":[{"taxonomy":"product_brand","embeddable":true,"href":"https:\/\/olemosaic.orbitalia.org\/fr\/wp-json\/wp\/v2\/product_brand?post=29528"},{"taxonomy":"product_cat","embeddable":true,"href":"https:\/\/olemosaic.orbitalia.org\/fr\/wp-json\/wp\/v2\/product_cat?post=29528"},{"taxonomy":"product_tag","embeddable":true,"href":"https:\/\/olemosaic.orbitalia.org\/fr\/wp-json\/wp\/v2\/product_tag?post=29528"}],"curies":[{"name":"wp","href":"https:\/\/api.w.org\/{rel}","templated":true}]}}