{"id":29495,"date":"2025-02-20T23:31:08","date_gmt":"2025-02-20T22:31:08","guid":{"rendered":"https:\/\/olemosaic.orbitalia.org\/producto\/bol-de-coco-rojo-ibiscus-4\/"},"modified":"2025-07-25T20:06:42","modified_gmt":"2025-07-25T18:06:42","slug":"bol-noix-de-coco-rouge-hibiscus-rouge-dore-4","status":"publish","type":"product","link":"https:\/\/olemosaic.orbitalia.org\/fr\/produit\/bol-noix-de-coco-rouge-hibiscus-rouge-dore-4\/","title":{"rendered":"Bol en noix de coco rouge. Hibiscus. Rouge et dor\u00e9."},"content":{"rendered":"<p>Ce bol en noix de coco rouge, inspir\u00e9 de l&rsquo;hibiscus, est un v\u00e9ritable bijou artisanal qui capture l&rsquo;essence de la beaut\u00e9 tropicale. Son design vibrant pr\u00e9sente un int\u00e9rieur \u00e9blouissant qui combine des tons rouges intenses avec d&rsquo;\u00e9l\u00e9gants d\u00e9tails dor\u00e9s, cr\u00e9ant un contraste visuel percutant. La forme organique du bol, avec des contours doux qui \u00e9voquent la nature, le rend parfait non seulement comme centre de table attrayant, mais aussi comme r\u00e9cipient \u00e9l\u00e9gant pour servir des ap\u00e9ritifs et des fruits secs. La surface du bol est orn\u00e9e d&rsquo;un motif subtil qui rappelle la texture des feuilles, et au centre se d\u00e9tache la repr\u00e9sentation de la fleur d&rsquo;hibiscus, symbole de la beaut\u00e9 exotique et de la chaleur du paysage tropical.<\/p>\n<p>Fabriqu\u00e9 \u00e0 partir de noix de coco, ce bol est durable et refl\u00e8te la tradition artisanale, offrant un souvenir authentique de la riche culture des r\u00e9gions tropicales. Id\u00e9al pour les touristes \u00e0 la recherche de souvenirs qui soulignent la singularit\u00e9 du lieu visit\u00e9, ce bol en noix de coco rouge devient une pi\u00e8ce ma\u00eetresse dans n&rsquo;importe quel foyer, ajoutant une touche d&rsquo;\u00e9l\u00e9gance et un air de sophistication. Chez Ol\u00e9 Mosaic, nous nous sp\u00e9cialisons dans la distribution de souvenirs en gros, et ce bol est une excellente option pour les boutiques de cadeaux touristiques qui souhaitent offrir des produits authentiques et artistiques. Avec sa beaut\u00e9 et sa fonctionnalit\u00e9, il repr\u00e9sente une fusion parfaite d&rsquo;art et d&rsquo;utilit\u00e9, en faisant un cadeau m\u00e9morable.<\/p>\n","protected":false},"excerpt":{"rendered":"<p>Bol en noix de coco rouge, inspir\u00e9 de l&rsquo;hibiscus et d\u00e9cor\u00e9 d&rsquo;un design vibrant. Ce bol original, \u00e0 la finition artisanale, pr\u00e9sente un int\u00e9rieur qui combine des tons rouges et dor\u00e9s, cr\u00e9ant un contraste frappant et \u00e9l\u00e9gant. Sa forme organique et les d\u00e9tails distinctifs de la surface le rendent id\u00e9al comme centre de table ou pour servir des ap\u00e9ritifs, \u00e9voquant la beaut\u00e9 tropicale. Parfait pour ajouter une touche exotique \u00e0 n&rsquo;importe quel int\u00e9rieur.<\/p>\n","protected":false},"featured_media":13426,"template":"","meta":{"_acf_changed":false},"product_brand":[],"product_cat":[521],"product_tag":[],"class_list":{"0":"post-29495","1":"product","2":"type-product","3":"status-publish","4":"has-post-thumbnail","6":"product_cat-bols","7":"pa_motivo-hibiscus","9":"first","10":"instock","11":"shipping-taxable","12":"product-type-simple"},"acf":[],"_links":{"self":[{"href":"https:\/\/olemosaic.orbitalia.org\/fr\/wp-json\/wp\/v2\/product\/29495","targetHints":{"allow":["GET"]}}],"collection":[{"href":"https:\/\/olemosaic.orbitalia.org\/fr\/wp-json\/wp\/v2\/product"}],"about":[{"href":"https:\/\/olemosaic.orbitalia.org\/fr\/wp-json\/wp\/v2\/types\/product"}],"wp:featuredmedia":[{"embeddable":true,"href":"https:\/\/olemosaic.orbitalia.org\/fr\/wp-json\/wp\/v2\/media\/13426"}],"wp:attachment":[{"href":"https:\/\/olemosaic.orbitalia.org\/fr\/wp-json\/wp\/v2\/media?parent=29495"}],"wp:term":[{"taxonomy":"product_brand","embeddable":true,"href":"https:\/\/olemosaic.orbitalia.org\/fr\/wp-json\/wp\/v2\/product_brand?post=29495"},{"taxonomy":"product_cat","embeddable":true,"href":"https:\/\/olemosaic.orbitalia.org\/fr\/wp-json\/wp\/v2\/product_cat?post=29495"},{"taxonomy":"product_tag","embeddable":true,"href":"https:\/\/olemosaic.orbitalia.org\/fr\/wp-json\/wp\/v2\/product_tag?post=29495"}],"curies":[{"name":"wp","href":"https:\/\/api.w.org\/{rel}","templated":true}]}}