{"id":29485,"date":"2025-02-20T23:31:07","date_gmt":"2025-02-20T22:31:07","guid":{"rendered":"https:\/\/olemosaic.orbitalia.org\/producto\/bol-de-coco-rojo-salamandra-tenerife-4\/"},"modified":"2025-07-25T18:50:58","modified_gmt":"2025-07-25T16:50:58","slug":"bol-noix-de-coco-rouge-salamandre-tenerife-4","status":"publish","type":"product","link":"https:\/\/olemosaic.orbitalia.org\/fr\/produit\/bol-noix-de-coco-rouge-salamandre-tenerife-4\/","title":{"rendered":"Bol en noix de coco rouge. Salamandre. Tenerife. Canaries."},"content":{"rendered":"<p>Ce bol en noix de coco rouge est une pi\u00e8ce unique, id\u00e9ale pour ceux qui souhaitent ramener un souvenir authentique de Tenerife. Sa couleur rouge vibrante captive au premier regard, tandis que les d\u00e9tails dans les tons clairs offrent un contraste attrayant qui souligne sa beaut\u00e9. La surface du bol, m\u00e9ticuleusement peinte \u00e0 la main, pr\u00e9sente une charmante salamandre, symbole repr\u00e9sentatif de la faune locale, qui \u00e9voque la riche biodiversit\u00e9 des \u00eeles Canaries. De plus, le mot \u00ab\u00a0Tenerife\u00a0\u00bb appara\u00eet avec fiert\u00e9 dans le design, soulignant son lien culturel et sa pertinence en tant que souvenir.<\/p>\n<p>Les motifs qui ornent le bord du bol sont un hommage \u00e0 l&rsquo;esth\u00e9tique canarienne, apportant une touche artistique qui compl\u00e8te sa fonctionnalit\u00e9. Ce bol n&rsquo;est pas seulement parfait comme pi\u00e8ce d\u00e9corative, il ajoute \u00e9galement un charmant accent canarien \u00e0 n&rsquo;importe quel espace, en faisant un cadeau id\u00e9al pour les touristes et les amoureux de la culture locale. Chez Ol\u00e9 Mosaic, nous garantissons l&rsquo;authenticit\u00e9 de nos produits, et ce bol en noix de coco rouge est une excellente option pour les boutiques de cadeaux touristiques \u00e0 la recherche de souvenirs de Tenerife qui refl\u00e8tent l&rsquo;essence de sa culture et de sa beaut\u00e9 naturelle. Con\u00e7u avec soin, il devient un v\u00e9ritable tr\u00e9sor qui capture l&rsquo;essence des \u00eeles Canaries.<\/p>\n","protected":false},"excerpt":{"rendered":"<p>Bol en noix de coco rouge d\u00e9cor\u00e9 d&rsquo;une salamandre, animal repr\u00e9sentatif de la faune de Tenerife. Ce bol attrayant combine une couleur rouge vibrante avec des d\u00e9tails dans les tons clairs, cr\u00e9ant un contraste saisissant. La surface pr\u00e9sente un design artisanal, peint \u00e0 la main, avec la figure d&rsquo;une salamandre et le mot \u00ab\u00a0Tenerife\u00a0\u00bb, orn\u00e9 de motifs \u00e9voquant la culture locale. Id\u00e9al comme pi\u00e8ce d\u00e9corative ou pour donner une touche canarienne \u00e0 n&rsquo;importe quel espace.<\/p>\n","protected":false},"featured_media":11792,"template":"","meta":{"_acf_changed":false},"product_brand":[],"product_cat":[521],"product_tag":[530],"class_list":{"0":"post-29485","1":"product","2":"type-product","3":"status-publish","4":"has-post-thumbnail","6":"product_cat-bols","7":"product_tag-animaux","8":"pa_ciudad-tenerife","9":"pa_motivo-salamandres","10":"pa_pais-espana","12":"first","13":"instock","14":"shipping-taxable","15":"product-type-simple"},"acf":[],"_links":{"self":[{"href":"https:\/\/olemosaic.orbitalia.org\/fr\/wp-json\/wp\/v2\/product\/29485","targetHints":{"allow":["GET"]}}],"collection":[{"href":"https:\/\/olemosaic.orbitalia.org\/fr\/wp-json\/wp\/v2\/product"}],"about":[{"href":"https:\/\/olemosaic.orbitalia.org\/fr\/wp-json\/wp\/v2\/types\/product"}],"wp:featuredmedia":[{"embeddable":true,"href":"https:\/\/olemosaic.orbitalia.org\/fr\/wp-json\/wp\/v2\/media\/11792"}],"wp:attachment":[{"href":"https:\/\/olemosaic.orbitalia.org\/fr\/wp-json\/wp\/v2\/media?parent=29485"}],"wp:term":[{"taxonomy":"product_brand","embeddable":true,"href":"https:\/\/olemosaic.orbitalia.org\/fr\/wp-json\/wp\/v2\/product_brand?post=29485"},{"taxonomy":"product_cat","embeddable":true,"href":"https:\/\/olemosaic.orbitalia.org\/fr\/wp-json\/wp\/v2\/product_cat?post=29485"},{"taxonomy":"product_tag","embeddable":true,"href":"https:\/\/olemosaic.orbitalia.org\/fr\/wp-json\/wp\/v2\/product_tag?post=29485"}],"curies":[{"name":"wp","href":"https:\/\/api.w.org\/{rel}","templated":true}]}}