{"id":29484,"date":"2025-02-20T23:31:07","date_gmt":"2025-02-20T22:31:07","guid":{"rendered":"https:\/\/olemosaic.orbitalia.org\/producto\/bol-de-coco-rojo-sagrada-familia-barcelona-2\/"},"modified":"2025-07-25T19:22:32","modified_gmt":"2025-07-25T17:22:32","slug":"bol-noix-de-coco-rouge-sagrada-familia-barcelone-2","status":"publish","type":"product","link":"https:\/\/olemosaic.orbitalia.org\/fr\/produit\/bol-noix-de-coco-rouge-sagrada-familia-barcelone-2\/","title":{"rendered":"Bol en noix de coco rouge. Sagrada Familia. Gaudi. Barcelone."},"content":{"rendered":"<p>Ce bol en noix de coco rouge est une pi\u00e8ce unique et \u00e9l\u00e9gante, inspir\u00e9e de l&#8217;embl\u00e9matique Sagrada Familia de Barcelone, un monument mondialement reconnu et symbole de l&rsquo;architecture moderniste. Avec une finition rouge brillante qui attire instantan\u00e9ment le regard, le bol pr\u00e9sente un design sophistiqu\u00e9 qui allie tradition artisanale et touche contemporaine, id\u00e9al pour ceux qui recherchent des souvenirs authentiques de Barcelone. Au centre du bol se d\u00e9tache une gravure du temple iconique, entour\u00e9e d&rsquo;une bordure d\u00e9corative \u00e9voquant les mosa\u00efques color\u00e9es qui ornent la ville.<\/p>\n<p>La finition rouge vibrante symbolise la passion et la cr\u00e9ativit\u00e9 de la culture catalane, tandis que les d\u00e9tails noirs ajoutent un contraste qui souligne la beaut\u00e9 du design. Parfait pour servir des ap\u00e9ritifs ou comme pi\u00e8ce d\u00e9corative dans n&rsquo;importe quelle maison, ce bol n&rsquo;est pas seulement fonctionnel, il sert \u00e9galement de rappel visuel de la richesse culturelle de Barcelone.<\/p>\n<p>Ol\u00e9 Mosaic se sp\u00e9cialise dans la distribution de souvenirs en gros, offrant des articles authentiques et repr\u00e9sentatifs. Ce bol en noix de coco rouge est l&rsquo;option id\u00e9ale pour les boutiques de cadeaux touristiques \u00e0 la recherche de produits refl\u00e9tant l&rsquo;art et l&rsquo;essence de la ville, garantissant que chaque pi\u00e8ce raconte une histoire et soit un souvenir appr\u00e9ci\u00e9 par ceux qui l&rsquo;acqui\u00e8rent.<\/p>\n","protected":false},"excerpt":{"rendered":"<p>Bol en noix de coco rouge, inspir\u00e9 de l&#8217;embl\u00e9matique Sagrada Familia de Barcelone. Ce bol attrayant pr\u00e9sente un design \u00e9l\u00e9gant avec une finition rouge brillante et des d\u00e9tails noirs \u00e9voquant les couleurs vibrantes de la ville. Au centre, une gravure de la Sagrada Familia se combine avec une bordure d\u00e9corative imitant la mosa\u00efque. Id\u00e9al pour servir des ap\u00e9ritifs ou comme pi\u00e8ce d\u00e9corative, il ajoute une touche d&rsquo;authenticit\u00e9 catalane \u00e0 n&rsquo;importe quel foyer.<\/p>\n","protected":false},"featured_media":13463,"template":"","meta":{"_acf_changed":false},"product_brand":[],"product_cat":[521],"product_tag":[],"class_list":{"0":"post-29484","1":"product","2":"type-product","3":"status-publish","4":"has-post-thumbnail","6":"product_cat-bols","7":"pa_ciudad-barcelona","8":"pa_motivo-sagrada-familia","9":"pa_pais-espana","11":"first","12":"instock","13":"shipping-taxable","14":"product-type-simple"},"acf":[],"_links":{"self":[{"href":"https:\/\/olemosaic.orbitalia.org\/fr\/wp-json\/wp\/v2\/product\/29484","targetHints":{"allow":["GET"]}}],"collection":[{"href":"https:\/\/olemosaic.orbitalia.org\/fr\/wp-json\/wp\/v2\/product"}],"about":[{"href":"https:\/\/olemosaic.orbitalia.org\/fr\/wp-json\/wp\/v2\/types\/product"}],"wp:featuredmedia":[{"embeddable":true,"href":"https:\/\/olemosaic.orbitalia.org\/fr\/wp-json\/wp\/v2\/media\/13463"}],"wp:attachment":[{"href":"https:\/\/olemosaic.orbitalia.org\/fr\/wp-json\/wp\/v2\/media?parent=29484"}],"wp:term":[{"taxonomy":"product_brand","embeddable":true,"href":"https:\/\/olemosaic.orbitalia.org\/fr\/wp-json\/wp\/v2\/product_brand?post=29484"},{"taxonomy":"product_cat","embeddable":true,"href":"https:\/\/olemosaic.orbitalia.org\/fr\/wp-json\/wp\/v2\/product_cat?post=29484"},{"taxonomy":"product_tag","embeddable":true,"href":"https:\/\/olemosaic.orbitalia.org\/fr\/wp-json\/wp\/v2\/product_tag?post=29484"}],"curies":[{"name":"wp","href":"https:\/\/api.w.org\/{rel}","templated":true}]}}