{"id":29482,"date":"2025-02-20T23:31:07","date_gmt":"2025-02-20T22:31:07","guid":{"rendered":"https:\/\/olemosaic.orbitalia.org\/producto\/bol-de-coco-rojo-bailaora-3\/"},"modified":"2025-07-25T20:29:28","modified_gmt":"2025-07-25T18:29:28","slug":"bol-noix-de-coco-rouge-danseuse-flamenco-3","status":"publish","type":"product","link":"https:\/\/olemosaic.orbitalia.org\/fr\/produit\/bol-noix-de-coco-rouge-danseuse-flamenco-3\/","title":{"rendered":"Bol en noix de coco rouge. Danseuse de Flamenco. Art Flamenco. Andalousie."},"content":{"rendered":"<p>Ce bol en noix de coco rouge est une pi\u00e8ce unique qui \u00e9voque l&rsquo;essence intense du flamenco, id\u00e9al pour ceux qui recherchent des souvenirs authentiques d&rsquo;Andalousie. Fabriqu\u00e9 \u00e0 partir de coques de noix de coco recycl\u00e9es, il allie durabilit\u00e9 et cr\u00e9ativit\u00e9 dans son design. Son int\u00e9rieur rouge vif vibrant attire l&rsquo;attention, contrastant avec le d\u00e9licat motif blanc repr\u00e9sentant la silhouette d&rsquo;une danseuse en mouvement, immortalisant la gr\u00e2ce et la passion de la danse flamenco.<\/p>\n<p>L&rsquo;ext\u00e9rieur du bol est orn\u00e9 d&rsquo;un motif rustique dans les tons marron, apportant une touche naturelle et authentique qui souligne le lien avec la tradition artisanale andalouse. Chaque d\u00e9tail du design transforme cette pi\u00e8ce en un objet d\u00e9coratif \u00e9l\u00e9gant et polyvalent, adapt\u00e9 \u00e0 n&rsquo;importe quel espace, d&rsquo;une table basse \u00e0 une vitrine.<\/p>\n<p>Ce bol n&rsquo;est pas seulement un beau souvenir, mais une repr\u00e9sentation culturelle significative qui c\u00e9l\u00e8bre le riche h\u00e9ritage de l&rsquo;Espagne. Chez Ol\u00e9 Mosaic, notre engagement est d&rsquo;offrir des produits authentiques qui capturent l&rsquo;\u00e2me de leur origine, garantissant que chaque bol en noix de coco soit un excellent choix pour les boutiques de cadeaux touristiques \u00e0 la recherche d&rsquo;une pr\u00e9sentation authentique de l&rsquo;esprit andalou. En tant que distributeurs de souvenirs en gros, nous assurons une s\u00e9lection de qualit\u00e9 qui ravira vos clients.<\/p>\n","protected":false},"excerpt":{"rendered":"<p>Bol en noix de coco rouge, d\u00e9cor\u00e9 de la silhouette d&rsquo;une danseuse \u00e9voquant l&rsquo;essence du flamenco. Ce bol sophistiqu\u00e9, fabriqu\u00e9 \u00e0 partir de coque de noix de coco, pr\u00e9sente un int\u00e9rieur rouge vibrant avec un motif blanc tr\u00e8s sp\u00e9cial repr\u00e9sentant une danseuse en mouvement. L&rsquo;ext\u00e9rieur est orn\u00e9 d&rsquo;un motif dans les tons marron qui ajoute une touche rustique et authentique, id\u00e9al pour sublimer n&rsquo;importe quel espace avec l&rsquo;esprit andalou.<\/p>\n","protected":false},"featured_media":12029,"template":"","meta":{"_acf_changed":false},"product_brand":[],"product_cat":[521],"product_tag":[],"class_list":{"0":"post-29482","1":"product","2":"type-product","3":"status-publish","4":"has-post-thumbnail","6":"product_cat-bols","7":"pa_motivo-danseurs","9":"first","10":"instock","11":"shipping-taxable","12":"product-type-simple"},"acf":[],"_links":{"self":[{"href":"https:\/\/olemosaic.orbitalia.org\/fr\/wp-json\/wp\/v2\/product\/29482","targetHints":{"allow":["GET"]}}],"collection":[{"href":"https:\/\/olemosaic.orbitalia.org\/fr\/wp-json\/wp\/v2\/product"}],"about":[{"href":"https:\/\/olemosaic.orbitalia.org\/fr\/wp-json\/wp\/v2\/types\/product"}],"wp:featuredmedia":[{"embeddable":true,"href":"https:\/\/olemosaic.orbitalia.org\/fr\/wp-json\/wp\/v2\/media\/12029"}],"wp:attachment":[{"href":"https:\/\/olemosaic.orbitalia.org\/fr\/wp-json\/wp\/v2\/media?parent=29482"}],"wp:term":[{"taxonomy":"product_brand","embeddable":true,"href":"https:\/\/olemosaic.orbitalia.org\/fr\/wp-json\/wp\/v2\/product_brand?post=29482"},{"taxonomy":"product_cat","embeddable":true,"href":"https:\/\/olemosaic.orbitalia.org\/fr\/wp-json\/wp\/v2\/product_cat?post=29482"},{"taxonomy":"product_tag","embeddable":true,"href":"https:\/\/olemosaic.orbitalia.org\/fr\/wp-json\/wp\/v2\/product_tag?post=29482"}],"curies":[{"name":"wp","href":"https:\/\/api.w.org\/{rel}","templated":true}]}}