{"id":29471,"date":"2025-02-20T23:31:07","date_gmt":"2025-02-20T22:31:07","guid":{"rendered":"https:\/\/olemosaic.orbitalia.org\/producto\/bol-de-coco-rojo-mariposa-4\/"},"modified":"2025-07-25T20:07:32","modified_gmt":"2025-07-25T18:07:32","slug":"bol-noix-de-coco-rouge-papillon-4","status":"publish","type":"product","link":"https:\/\/olemosaic.orbitalia.org\/fr\/produit\/bol-noix-de-coco-rouge-papillon-4\/","title":{"rendered":"Bol en noix de coco rouge. Papillon. Fond dor\u00e9."},"content":{"rendered":"<p>Ce bol en noix de coco rouge est une pi\u00e8ce unique qui allie \u00e9l\u00e9gance et durabilit\u00e9, id\u00e9al pour embellir n&rsquo;importe quel espace. Fabriqu\u00e9 \u00e0 partir de coques de noix de coco recycl\u00e9es, ce merveilleux objet d\u00e9coratif pr\u00e9sente une finition vibrante dans des tons rouges et dor\u00e9s \u00e0 l&rsquo;int\u00e9rieur, cr\u00e9ant un bel effet visuel qui capture la lumi\u00e8re de mani\u00e8re exceptionnelle. Au centre du bol se d\u00e9tache un d\u00e9licat papillon d\u00e9coratif, dont la silhouette apporte une touche naturelle et artistique. Les motifs complexes de la surface du bol, qui rappellent la beaut\u00e9 de l&rsquo;art populaire, font de chaque pi\u00e8ce une \u0153uvre unique, apportant un air boh\u00e8me et distinctif \u00e0 votre d\u00e9coration. Ce bol n&rsquo;est pas seulement parfait pour de petites plantes ou comme \u00e9l\u00e9ment d\u00e9coratif, mais il refl\u00e8te \u00e9galement l&rsquo;engagement envers l&rsquo;art durable, soulignant la r\u00e9utilisation des mat\u00e9riaux dans la cr\u00e9ation d&rsquo;articles d\u00e9coratifs. Les souvenirs de ce type sont id\u00e9aux pour les touristes \u00e0 la recherche de souvenirs authentiques et significatifs de leur voyage. Chez Ol\u00e9 Mosaic, en tant que grossiste de produits uniques, nous proposons ce bol en noix de coco rouge comme une option exceptionnelle pour les boutiques de cadeaux touristiques qui valorisent l&rsquo;artisanat, la culture durable et la beaut\u00e9 esth\u00e9tique.<\/p>\n","protected":false},"excerpt":{"rendered":"<p>Bol en noix de coco rouge avec un design attrayant de papillon, id\u00e9al pour d\u00e9corer n&rsquo;importe quel espace. Fabriqu\u00e9 avec des coques de noix de coco recycl\u00e9es, son int\u00e9rieur pr\u00e9sente une finition vibrante dans des tons rouges et dor\u00e9s, cr\u00e9ant un bel effet visuel. Le papillon d\u00e9coratif se d\u00e9tache au centre, ajoutant une touche \u00e9l\u00e9gante et naturelle. Parfait comme \u00e9l\u00e9ment d\u00e9coratif ou pour de petites plantes, ce bol est le reflet de l&rsquo;art durable.<\/p>\n","protected":false},"featured_media":13422,"template":"","meta":{"_acf_changed":false},"product_brand":[],"product_cat":[521],"product_tag":[530],"class_list":{"0":"post-29471","1":"product","2":"type-product","3":"status-publish","4":"has-post-thumbnail","6":"product_cat-bols","7":"product_tag-animaux","8":"pa_motivo-papillons","10":"first","11":"instock","12":"shipping-taxable","13":"product-type-simple"},"acf":[],"_links":{"self":[{"href":"https:\/\/olemosaic.orbitalia.org\/fr\/wp-json\/wp\/v2\/product\/29471","targetHints":{"allow":["GET"]}}],"collection":[{"href":"https:\/\/olemosaic.orbitalia.org\/fr\/wp-json\/wp\/v2\/product"}],"about":[{"href":"https:\/\/olemosaic.orbitalia.org\/fr\/wp-json\/wp\/v2\/types\/product"}],"wp:featuredmedia":[{"embeddable":true,"href":"https:\/\/olemosaic.orbitalia.org\/fr\/wp-json\/wp\/v2\/media\/13422"}],"wp:attachment":[{"href":"https:\/\/olemosaic.orbitalia.org\/fr\/wp-json\/wp\/v2\/media?parent=29471"}],"wp:term":[{"taxonomy":"product_brand","embeddable":true,"href":"https:\/\/olemosaic.orbitalia.org\/fr\/wp-json\/wp\/v2\/product_brand?post=29471"},{"taxonomy":"product_cat","embeddable":true,"href":"https:\/\/olemosaic.orbitalia.org\/fr\/wp-json\/wp\/v2\/product_cat?post=29471"},{"taxonomy":"product_tag","embeddable":true,"href":"https:\/\/olemosaic.orbitalia.org\/fr\/wp-json\/wp\/v2\/product_tag?post=29471"}],"curies":[{"name":"wp","href":"https:\/\/api.w.org\/{rel}","templated":true}]}}