{"id":29470,"date":"2025-02-20T23:31:07","date_gmt":"2025-02-20T22:31:07","guid":{"rendered":"https:\/\/olemosaic.orbitalia.org\/producto\/bol-de-coco-rojo-salamandra-menorca-2\/"},"modified":"2025-07-25T19:11:56","modified_gmt":"2025-07-25T17:11:56","slug":"bol-noix-de-coco-rouge-salamandre-minorque-2","status":"publish","type":"product","link":"https:\/\/olemosaic.orbitalia.org\/fr\/produit\/bol-noix-de-coco-rouge-salamandre-minorque-2\/","title":{"rendered":"Bol en noix de coco rouge. Salamandre. Minorque. Bal\u00e9ares."},"content":{"rendered":"<p>Ce bol en noix de coco rouge est une pi\u00e8ce fascinante qui incarne l&rsquo;essence de Minorque, id\u00e9al pour ceux qui recherchent un souvenir authentique et artisanal. Son int\u00e9rieur brillant, d\u00e9cor\u00e9 de p\u00e9tales de noix de coco dans des tons rouges vibrants, rehausse son \u00e9l\u00e9gance et sa singularit\u00e9, en faisant un \u00e9l\u00e9ment d\u00e9coratif attrayant pour n&rsquo;importe quelle ambiance. \u00c0 l&rsquo;ext\u00e9rieur, une belle illustration d&rsquo;une salamandre, symbole embl\u00e9matique du folklore minorquin, est \u00e9l\u00e9gamment imprim\u00e9e, accompagn\u00e9e du texte \u00ab\u00a0MENORCA\u00a0\u00bb, ce qui ajoute une touche culturelle et distinctive \u00e0 cette pi\u00e8ce. La salamandre, qui symbolise le renouveau et le pouvoir d&rsquo;adaptation, refl\u00e8te la riche biodiversit\u00e9 de l&rsquo;\u00eele, connue pour ses paysages naturels et sa culture unique.<\/p>\n<p>Ce bol ne fonctionne pas seulement comme un objet d\u00e9coratif, mais repr\u00e9sente \u00e9galement l&rsquo;h\u00e9ritage artisanal de Minorque, \u00e9tant un excellent moyen d&#8217;emporter un morceau de son histoire et de sa tradition. Chez Ol\u00e9 Mosaic, nous nous sp\u00e9cialisons dans la distribution de souvenirs en gros, et ce bol en noix de coco rouge est un choix id\u00e9al pour les boutiques de cadeaux touristiques qui cherchent \u00e0 offrir des produits encapsulant l&rsquo;authenticit\u00e9 et l&rsquo;art local. Sans aucun doute, ce souvenir de Minorque sera un souvenir m\u00e9morable pour tous les visiteurs souhaitant ramener chez eux un morceau de la beaut\u00e9 minorquine.<\/p>\n","protected":false},"excerpt":{"rendered":"<p>Bol en noix de coco rouge, d\u00e9cor\u00e9 d&rsquo;un motif de salamandre, symbole de Minorque. Ce bol attrayant pr\u00e9sente une finition brillante \u00e0 l&rsquo;int\u00e9rieur, orn\u00e9e de p\u00e9tales de noix de coco rouges qui rehaussent sa beaut\u00e9 naturelle. \u00c0 l&rsquo;ext\u00e9rieur, il arbore une illustration d&rsquo;une salamandre, \u00e9l\u00e9ment du folklore minorquin, accompagn\u00e9e du mot \u00ab\u00a0MENORCA\u00a0\u00bb. Id\u00e9al pour donner une touche distinctive et artisanale \u00e0 n&rsquo;importe quelle ambiance.<\/p>\n","protected":false},"featured_media":11902,"template":"","meta":{"_acf_changed":false},"product_brand":[],"product_cat":[521],"product_tag":[530],"class_list":{"0":"post-29470","1":"product","2":"type-product","3":"status-publish","4":"has-post-thumbnail","6":"product_cat-bols","7":"product_tag-animaux","8":"pa_ciudad-menorca","9":"pa_motivo-salamandres","10":"pa_pais-espana","12":"first","13":"instock","14":"shipping-taxable","15":"product-type-simple"},"acf":[],"_links":{"self":[{"href":"https:\/\/olemosaic.orbitalia.org\/fr\/wp-json\/wp\/v2\/product\/29470","targetHints":{"allow":["GET"]}}],"collection":[{"href":"https:\/\/olemosaic.orbitalia.org\/fr\/wp-json\/wp\/v2\/product"}],"about":[{"href":"https:\/\/olemosaic.orbitalia.org\/fr\/wp-json\/wp\/v2\/types\/product"}],"wp:featuredmedia":[{"embeddable":true,"href":"https:\/\/olemosaic.orbitalia.org\/fr\/wp-json\/wp\/v2\/media\/11902"}],"wp:attachment":[{"href":"https:\/\/olemosaic.orbitalia.org\/fr\/wp-json\/wp\/v2\/media?parent=29470"}],"wp:term":[{"taxonomy":"product_brand","embeddable":true,"href":"https:\/\/olemosaic.orbitalia.org\/fr\/wp-json\/wp\/v2\/product_brand?post=29470"},{"taxonomy":"product_cat","embeddable":true,"href":"https:\/\/olemosaic.orbitalia.org\/fr\/wp-json\/wp\/v2\/product_cat?post=29470"},{"taxonomy":"product_tag","embeddable":true,"href":"https:\/\/olemosaic.orbitalia.org\/fr\/wp-json\/wp\/v2\/product_tag?post=29470"}],"curies":[{"name":"wp","href":"https:\/\/api.w.org\/{rel}","templated":true}]}}