{"id":29469,"date":"2025-02-20T23:31:07","date_gmt":"2025-02-20T22:31:07","guid":{"rendered":"https:\/\/olemosaic.orbitalia.org\/producto\/bol-de-coco-rojo-tortuga-4\/"},"modified":"2025-07-25T18:55:20","modified_gmt":"2025-07-25T16:55:20","slug":"bol-noix-de-coco-rouge-tortue-4","status":"publish","type":"product","link":"https:\/\/olemosaic.orbitalia.org\/fr\/produit\/bol-noix-de-coco-rouge-tortue-4\/","title":{"rendered":"Bol en noix de coco rouge. Tortue. Fond marin."},"content":{"rendered":"<p>Ce bol en noix de coco rouge est une pi\u00e8ce exquise qui combine la beaut\u00e9 naturelle avec un design inspir\u00e9 de la faune marine, id\u00e9al pour rehausser n&rsquo;importe quel espace de la maison. Avec un fond rouge vibrant, ce bol se distingue par son motif complexe qui \u00e9voque le monde sous-marin et pr\u00e9sente au centre une d\u00e9licate tortue \u00e0 l&rsquo;effet peint \u00e0 la main, entour\u00e9e de d\u00e9tails dor\u00e9s simulant un environnement marin. Les motifs \u00e0 l&rsquo;int\u00e9rieur cr\u00e9ent un effet visuel attrayant et sophistiqu\u00e9, refl\u00e9tant la riche biodiversit\u00e9 des oc\u00e9ans.<\/p>\n<p>Fabriqu\u00e9 artisanalement, chaque bol est unique et refl\u00e8te une connexion authentique avec la culture et la nature, ce qui en fait un magnifique souvenir id\u00e9al pour les amateurs d&rsquo;art et d&rsquo;environnement. La tortue, symbole de long\u00e9vit\u00e9 et de protection dans de nombreuses cultures, sert de rappel de l&rsquo;importance de la conservation marine, ajoutant une valeur significative \u00e0 cette \u0153uvre d\u00e9corative.<\/p>\n<p>Ce bol en noix de coco rouge n&rsquo;est pas seulement un objet d\u00e9coratif, mais aussi un excellent cadeau qui porte en lui l&rsquo;essence de la tradition et la beaut\u00e9 de l&rsquo;environnement naturel, parfait pour les touristes \u00e0 la recherche de souvenirs authentiques. Chez Ol\u00e9 Mosaic, en tant que distributeurs de souvenirs en gros, nous proposons des produits qui se distinguent par leur artisanat et leur pertinence culturelle, ce bol \u00e9tant un attrait indispensable pour les boutiques de cadeaux touristiques.<\/p>\n","protected":false},"excerpt":{"rendered":"<p>Bol en noix de coco rouge d\u00e9cor\u00e9 d&rsquo;une magnifique tortue au centre, id\u00e9al pour donner une touche exotique \u00e0 votre maison. Ce bol attrayant pr\u00e9sente un fond rouge vibrant orn\u00e9 d&rsquo;un design complexe \u00e9voquant des motifs marins, mettant en valeur la tortue ainsi que des d\u00e9tails dans les tons dor\u00e9s. Fabriqu\u00e9 de mani\u00e8re artisanale, ce produit refl\u00e8te la richesse culturelle et naturelle, devenant un souvenir id\u00e9al pour les amateurs d&rsquo;art et de nature.<\/p>\n","protected":false},"featured_media":10062,"template":"","meta":{"_acf_changed":false},"product_brand":[],"product_cat":[521],"product_tag":[530],"class_list":{"0":"post-29469","1":"product","2":"type-product","3":"status-publish","4":"has-post-thumbnail","6":"product_cat-bols","7":"product_tag-animaux","8":"pa_motivo-tortues","10":"first","11":"instock","12":"shipping-taxable","13":"product-type-simple"},"acf":[],"_links":{"self":[{"href":"https:\/\/olemosaic.orbitalia.org\/fr\/wp-json\/wp\/v2\/product\/29469","targetHints":{"allow":["GET"]}}],"collection":[{"href":"https:\/\/olemosaic.orbitalia.org\/fr\/wp-json\/wp\/v2\/product"}],"about":[{"href":"https:\/\/olemosaic.orbitalia.org\/fr\/wp-json\/wp\/v2\/types\/product"}],"wp:featuredmedia":[{"embeddable":true,"href":"https:\/\/olemosaic.orbitalia.org\/fr\/wp-json\/wp\/v2\/media\/10062"}],"wp:attachment":[{"href":"https:\/\/olemosaic.orbitalia.org\/fr\/wp-json\/wp\/v2\/media?parent=29469"}],"wp:term":[{"taxonomy":"product_brand","embeddable":true,"href":"https:\/\/olemosaic.orbitalia.org\/fr\/wp-json\/wp\/v2\/product_brand?post=29469"},{"taxonomy":"product_cat","embeddable":true,"href":"https:\/\/olemosaic.orbitalia.org\/fr\/wp-json\/wp\/v2\/product_cat?post=29469"},{"taxonomy":"product_tag","embeddable":true,"href":"https:\/\/olemosaic.orbitalia.org\/fr\/wp-json\/wp\/v2\/product_tag?post=29469"}],"curies":[{"name":"wp","href":"https:\/\/api.w.org\/{rel}","templated":true}]}}