{"id":29467,"date":"2025-02-20T23:31:06","date_gmt":"2025-02-20T22:31:06","guid":{"rendered":"https:\/\/olemosaic.orbitalia.org\/producto\/bol-de-coco-rojo-caballito-de-mar-4\/"},"modified":"2025-07-25T19:33:50","modified_gmt":"2025-07-25T17:33:50","slug":"bol-noix-de-coco-rouge-hippocampe-4","status":"publish","type":"product","link":"https:\/\/olemosaic.orbitalia.org\/fr\/produit\/bol-noix-de-coco-rouge-hippocampe-4\/","title":{"rendered":"Bol en noix de coco rouge. Hippocampe. Fond blanc et vert."},"content":{"rendered":"<p>Ce bol en noix de coco rouge est une pi\u00e8ce d\u00e9corative et fonctionnelle qui \u00e9voque l&rsquo;essence des c\u00f4tes espagnoles. Avec un fond rouge vibrant qui rehausse sa pr\u00e9sence, ce bol attrayant pr\u00e9sente un design charmant d&rsquo;un hippocampe, soigneusement peint dans des tons blancs et verts. L&rsquo;illustration de l&rsquo;hippocampe, en plus d&rsquo;ajouter une touche exotique, symbolise la vie marine et la richesse des \u00e9cosyst\u00e8mes c\u00f4tiers qui caract\u00e9risent les plages espagnoles.<\/p>\n<p>La texture unique du bol, combin\u00e9e \u00e0 sa finition brillante, offre un effet visuel captivant, ce qui en fait une excellente option pour servir des ap\u00e9ritifs ou comme \u00e9l\u00e9ment d\u00e9coratif dans n&rsquo;importe quelle maison. Sa forme arrondie et douce au toucher souligne l&rsquo;artisanat manuel qui a int\u00e9gr\u00e9 des traditions culturelles dans sa fabrication. Ce bol n&rsquo;est pas seulement un souvenir, mais un souvenir authentique qui c\u00e9l\u00e8bre la beaut\u00e9 des c\u00f4tes, id\u00e9al pour les touristes qui cherchent \u00e0 emporter un petit morceau d&rsquo;Espagne.<\/p>\n<p>Chez Ol\u00e9 Mosaic, en tant que grossistes de souvenirs, nous proposons des produits qui refl\u00e8tent l&rsquo;authenticit\u00e9 et le caract\u00e8re culturel de la r\u00e9gion. Ce bol en noix de coco rouge avec hippocampe est une option parfaite pour les boutiques de cadeaux touristiques int\u00e9ress\u00e9es par l&rsquo;artisanat alliant fonctionnalit\u00e9 et style authentique et repr\u00e9sentatif.<\/p>\n","protected":false},"excerpt":{"rendered":"<p>Bol en noix de coco rouge d\u00e9cor\u00e9 d&rsquo;un hippocampe. Ce bol attrayant pr\u00e9sente un fond rouge vibrant, orn\u00e9 d&rsquo;un design tr\u00e8s sp\u00e9cial d&rsquo;un hippocampe dans les tons blanc et vert. La texture unique et la finition brillante ajoutent une touche sp\u00e9ciale \u00e0 sa pr\u00e9sentation. Id\u00e9al pour servir des ap\u00e9ritifs ou comme \u00e9l\u00e9ment d\u00e9coratif, c&rsquo;est un souvenir typique des c\u00f4tes espagnoles, alliant fonctionnalit\u00e9 et style dans n&rsquo;importe quelle maison.<\/p>\n","protected":false},"featured_media":10058,"template":"","meta":{"_acf_changed":false},"product_brand":[],"product_cat":[521],"product_tag":[530],"class_list":{"0":"post-29467","1":"product","2":"type-product","3":"status-publish","4":"has-post-thumbnail","6":"product_cat-bols","7":"product_tag-animaux","8":"pa_motivo-hippocampes","10":"first","11":"instock","12":"shipping-taxable","13":"product-type-simple"},"acf":[],"_links":{"self":[{"href":"https:\/\/olemosaic.orbitalia.org\/fr\/wp-json\/wp\/v2\/product\/29467","targetHints":{"allow":["GET"]}}],"collection":[{"href":"https:\/\/olemosaic.orbitalia.org\/fr\/wp-json\/wp\/v2\/product"}],"about":[{"href":"https:\/\/olemosaic.orbitalia.org\/fr\/wp-json\/wp\/v2\/types\/product"}],"wp:featuredmedia":[{"embeddable":true,"href":"https:\/\/olemosaic.orbitalia.org\/fr\/wp-json\/wp\/v2\/media\/10058"}],"wp:attachment":[{"href":"https:\/\/olemosaic.orbitalia.org\/fr\/wp-json\/wp\/v2\/media?parent=29467"}],"wp:term":[{"taxonomy":"product_brand","embeddable":true,"href":"https:\/\/olemosaic.orbitalia.org\/fr\/wp-json\/wp\/v2\/product_brand?post=29467"},{"taxonomy":"product_cat","embeddable":true,"href":"https:\/\/olemosaic.orbitalia.org\/fr\/wp-json\/wp\/v2\/product_cat?post=29467"},{"taxonomy":"product_tag","embeddable":true,"href":"https:\/\/olemosaic.orbitalia.org\/fr\/wp-json\/wp\/v2\/product_tag?post=29467"}],"curies":[{"name":"wp","href":"https:\/\/api.w.org\/{rel}","templated":true}]}}