{"id":29465,"date":"2025-02-20T23:31:06","date_gmt":"2025-02-20T22:31:06","guid":{"rendered":"https:\/\/olemosaic.orbitalia.org\/producto\/bol-de-coco-rojo-flor-4\/"},"modified":"2025-07-25T18:53:27","modified_gmt":"2025-07-25T16:53:27","slug":"bol-coco-rouge-fleur-fond-blanc-4","status":"publish","type":"product","link":"https:\/\/olemosaic.orbitalia.org\/fr\/produit\/bol-coco-rouge-fleur-fond-blanc-4\/","title":{"rendered":"Bol en coco rouge. Fleur. Fond blanc."},"content":{"rendered":"<p>Ce bol en coco rouge est une pi\u00e8ce d\u00e9corative qui incarne l&rsquo;essence de l&rsquo;art populaire, parfait pour ceux qui recherchent des souvenirs authentiques d&rsquo;Espagne. Fabriqu\u00e9 \u00e0 partir de noix de coco naturelle, il pr\u00e9sente un design vibrant peint \u00e0 la main qui met en valeur une d\u00e9licate fleur blanche avec de charmants d\u00e9tails rouges, le tout sur un fond rouge intense qui apporte chaleur et \u00e9nergie. Les textures subtiles et les motifs \u00e9labor\u00e9s de ce bol sont encadr\u00e9s par une bordure d\u00e9licate, rehaussant son attrait visuel. Ce magnifique bol n&rsquo;est pas seulement un objet fonctionnel, mais aussi une pi\u00e8ce d\u00e9corative qui peut illuminer n&rsquo;importe quel espace, apportant une touche de couleur et de tradition.<\/p>\n<p>Le design de ce bol refl\u00e8te le riche h\u00e9ritage culturel de la r\u00e9gion, symbolisant la joie et les couleurs caract\u00e9ristiques des march\u00e9s artisanaux espagnols. En tant que souvenir repr\u00e9sentatif, il fonctionne comme un rappel qui lie les visiteurs \u00e0 la culture locale et \u00e0 sa cr\u00e9ativit\u00e9. Chez Ol\u00e9 Mosaic, nous sommes des distributeurs de souvenirs en gros, proposant des produits authentiques comme ce bol en coco rouge, id\u00e9al pour les boutiques de cadeaux touristiques recherchant des articles uniques et pleins de valeur. Ajouter ce bol \u00e0 votre collection de souvenirs permettra \u00e0 vos clients d&#8217;emporter un morceau de la culture espagnole chez eux.<\/p>\n","protected":false},"excerpt":{"rendered":"<p>Bol en coco rouge d\u00e9cor\u00e9 d&rsquo;un motif floral vibrant. Cet article charmant pr\u00e9sente un design artisanal, peint \u00e0 la main, qui met en valeur une fleur blanche avec des d\u00e9tails rouges sur un magnifique fond rouge intense. Les textures et les motifs sont compl\u00e9t\u00e9s par une bordure d\u00e9licate, en faisant une pi\u00e8ce parfaite pour la d\u00e9coration ou comme \u00e9l\u00e9ment fonctionnel. Ce bol est un bel exemple d&rsquo;artisanat populaire, id\u00e9al pour ajouter une touche de couleur \u00e0 n&rsquo;importe quel foyer.<\/p>\n","protected":false},"featured_media":10066,"template":"","meta":{"_acf_changed":false},"product_brand":[],"product_cat":[521],"product_tag":[],"class_list":{"0":"post-29465","1":"product","2":"type-product","3":"status-publish","4":"has-post-thumbnail","6":"product_cat-bols","7":"pa_motivo-fleurs","9":"first","10":"instock","11":"shipping-taxable","12":"product-type-simple"},"acf":[],"_links":{"self":[{"href":"https:\/\/olemosaic.orbitalia.org\/fr\/wp-json\/wp\/v2\/product\/29465","targetHints":{"allow":["GET"]}}],"collection":[{"href":"https:\/\/olemosaic.orbitalia.org\/fr\/wp-json\/wp\/v2\/product"}],"about":[{"href":"https:\/\/olemosaic.orbitalia.org\/fr\/wp-json\/wp\/v2\/types\/product"}],"wp:featuredmedia":[{"embeddable":true,"href":"https:\/\/olemosaic.orbitalia.org\/fr\/wp-json\/wp\/v2\/media\/10066"}],"wp:attachment":[{"href":"https:\/\/olemosaic.orbitalia.org\/fr\/wp-json\/wp\/v2\/media?parent=29465"}],"wp:term":[{"taxonomy":"product_brand","embeddable":true,"href":"https:\/\/olemosaic.orbitalia.org\/fr\/wp-json\/wp\/v2\/product_brand?post=29465"},{"taxonomy":"product_cat","embeddable":true,"href":"https:\/\/olemosaic.orbitalia.org\/fr\/wp-json\/wp\/v2\/product_cat?post=29465"},{"taxonomy":"product_tag","embeddable":true,"href":"https:\/\/olemosaic.orbitalia.org\/fr\/wp-json\/wp\/v2\/product_tag?post=29465"}],"curies":[{"name":"wp","href":"https:\/\/api.w.org\/{rel}","templated":true}]}}