{"id":29464,"date":"2025-02-20T23:31:06","date_gmt":"2025-02-20T22:31:06","guid":{"rendered":"https:\/\/olemosaic.orbitalia.org\/producto\/bol-de-coco-rojo-flamenco-3\/"},"modified":"2025-07-25T20:40:18","modified_gmt":"2025-07-25T18:40:18","slug":"bol-coco-rouge-flamant-rose-3","status":"publish","type":"product","link":"https:\/\/olemosaic.orbitalia.org\/fr\/produit\/bol-coco-rouge-flamant-rose-3\/","title":{"rendered":"Bol en coco rouge. Flamant rose. Fond blanc."},"content":{"rendered":"<p>Ce bol en coco rouge est une pi\u00e8ce d\u00e9corative fonctionnelle qui capture l&rsquo;essence de l&rsquo;Andalousie, parfait pour ajouter une touche authentique \u00e0 n&rsquo;importe quel foyer. Fabriqu\u00e9 avec des coques de noix de coco dans des tons rouges et blancs vibrants, son design combine la chaleur de la nature avec la cr\u00e9ativit\u00e9 de l&rsquo;art r\u00e9gional. Au centre se d\u00e9tache une gravure d\u00e9licate de deux flamants roses dans un ton marron, symbolisant l&rsquo;\u00e9l\u00e9gance et la beaut\u00e9 de la faune ib\u00e9rique, \u00e9voquant l&rsquo;esprit des paysages du sud de l&rsquo;Espagne.<\/p>\n<p>La structure du bol, courb\u00e9e et douce au toucher, en fait non seulement un r\u00e9cipient attrayant pour les ap\u00e9ritifs lors de c\u00e9l\u00e9brations, mais aussi un \u00e9l\u00e9ment de d\u00e9coration remarquable, id\u00e9al pour tout environnement. Sa riche combinaison de couleurs et le design des flamants apportent un air festif et vibrant.<\/p>\n<p>Ce bol n&rsquo;est pas seulement un ustensile, mais aussi un souvenir culturel qui refl\u00e8te la diversit\u00e9 et la tradition andalouse, ce qui en fait un souvenir id\u00e9al pour les touristes souhaitant emporter un morceau de la culture espagnole. Chez Ol\u00e9 Mosaic, en tant que distributeurs de souvenirs authentiques, nous proposons ce bol en coco rouge comme une excellente option pour les boutiques de cadeaux touristiques. Ajouter ce produit \u00e0 votre inventaire signifie offrir \u00e0 vos clients une pi\u00e8ce unique et repr\u00e9sentative du folklore espagnol.<\/p>\n","protected":false},"excerpt":{"rendered":"<p>Bol en coco rouge d\u00e9cor\u00e9 de motifs de flamants roses, parfait pour donner une touche andalouse \u00e0 n&rsquo;importe quel foyer. Ce bol attrayant, fabriqu\u00e9 avec des coques de noix de coco dans des tons rouges et blancs, cr\u00e9e un magnifique contraste visuel. Au centre, un design d\u00e9licat de deux flamants roses marron se distingue, symbolisant l&rsquo;\u00e9l\u00e9gance de la faune ib\u00e9rique. Id\u00e9al comme \u00e9l\u00e9ment d\u00e9coratif ou pour servir des ap\u00e9ritifs lors de c\u00e9l\u00e9brations.<\/p>\n","protected":false},"featured_media":13515,"template":"","meta":{"_acf_changed":false},"product_brand":[],"product_cat":[521],"product_tag":[530],"class_list":{"0":"post-29464","1":"product","2":"type-product","3":"status-publish","4":"has-post-thumbnail","6":"product_cat-bols","7":"product_tag-animaux","8":"pa_motivo-flamants-roses","10":"first","11":"instock","12":"shipping-taxable","13":"product-type-simple"},"acf":[],"_links":{"self":[{"href":"https:\/\/olemosaic.orbitalia.org\/fr\/wp-json\/wp\/v2\/product\/29464","targetHints":{"allow":["GET"]}}],"collection":[{"href":"https:\/\/olemosaic.orbitalia.org\/fr\/wp-json\/wp\/v2\/product"}],"about":[{"href":"https:\/\/olemosaic.orbitalia.org\/fr\/wp-json\/wp\/v2\/types\/product"}],"wp:featuredmedia":[{"embeddable":true,"href":"https:\/\/olemosaic.orbitalia.org\/fr\/wp-json\/wp\/v2\/media\/13515"}],"wp:attachment":[{"href":"https:\/\/olemosaic.orbitalia.org\/fr\/wp-json\/wp\/v2\/media?parent=29464"}],"wp:term":[{"taxonomy":"product_brand","embeddable":true,"href":"https:\/\/olemosaic.orbitalia.org\/fr\/wp-json\/wp\/v2\/product_brand?post=29464"},{"taxonomy":"product_cat","embeddable":true,"href":"https:\/\/olemosaic.orbitalia.org\/fr\/wp-json\/wp\/v2\/product_cat?post=29464"},{"taxonomy":"product_tag","embeddable":true,"href":"https:\/\/olemosaic.orbitalia.org\/fr\/wp-json\/wp\/v2\/product_tag?post=29464"}],"curies":[{"name":"wp","href":"https:\/\/api.w.org\/{rel}","templated":true}]}}