{"id":29456,"date":"2025-02-20T23:31:05","date_gmt":"2025-02-20T22:31:05","guid":{"rendered":"https:\/\/olemosaic.orbitalia.org\/producto\/bol-de-coco-rojo-delfin-mallorca-3\/"},"modified":"2025-07-25T18:59:54","modified_gmt":"2025-07-25T16:59:54","slug":"bol-noix-de-coco-rouge-dauphin-majorque-3","status":"publish","type":"product","link":"https:\/\/olemosaic.orbitalia.org\/fr\/produit\/bol-noix-de-coco-rouge-dauphin-majorque-3\/","title":{"rendered":"Bol en noix de coco rouge. Dauphin. Majorque. Bal\u00e9ares."},"content":{"rendered":"<p>Ce bol en noix de coco rouge est une pi\u00e8ce captivante qui \u00e9voque la beaut\u00e9 de la mer M\u00e9diterran\u00e9e, plus pr\u00e9cis\u00e9ment de Majorque. Avec un design charmant de dauphins, il symbolise la vie marine vibrante de cette \u00eele espagnole, c\u00e9l\u00e8bre pour ses plages et ses paysages c\u00f4tiers. Fabriqu\u00e9 \u00e0 partir de mati\u00e8res premi\u00e8res naturelles, ce bol se distingue par sa finition en mosa\u00efque dans des tons rouges et blancs, qui apporte une touche tropicale et joyeuse, parfaite pour n&rsquo;importe quel foyer.<\/p>\n<p>Sa forme courbe et \u00e9l\u00e9gante n&rsquo;en fait pas seulement un objet fonctionnel id\u00e9al pour servir des salades, des ap\u00e9ritifs ou des fruits, mais il est aussi parfait comme \u00e9l\u00e9ment d\u00e9coratif \u00e9voquant les brises chaudes de la M\u00e9diterran\u00e9e. Les repr\u00e9sentations d\u00e9licates de dauphins qui ornent sa surface ne sont pas seulement visuellement attrayantes, elles rendent \u00e9galement hommage \u00e0 la riche faune marine de la r\u00e9gion, cr\u00e9ant un lien direct avec l&rsquo;environnement naturel de Majorque.<\/p>\n<p>Ce bol est un souvenir exceptionnel qui allie art et fonctionnalit\u00e9, devenant un souvenir repr\u00e9sentatif que les touristes peuvent emporter chez eux. Chez Ol\u00e9 Mosaic, nous sommes fiers de proposer des produits authentiques qui refl\u00e8tent la culture locale. Ce bol en noix de coco est une excellente option pour les boutiques de cadeaux touristiques \u00e0 la recherche de souvenirs de qualit\u00e9, authentiques et pertinents, id\u00e9aux pour ceux qui souhaitent emporter un petit morceau de Majorque avec eux. En tant que grossistes de produits uniques comme celui-ci, nous garantissons que chaque pi\u00e8ce b\u00e9n\u00e9ficie d&rsquo;un design artisanal qui met en valeur la tradition et la chaleur de l&rsquo;\u00eele.<\/p>\n","protected":false},"excerpt":{"rendered":"<p>Bol en noix de coco rouge d\u00e9cor\u00e9 d&rsquo;un charmant design de dauphins, repr\u00e9sentant la beaut\u00e9 et la vie marine de Majorque. Ce bol, fabriqu\u00e9 \u00e0 partir de mati\u00e8res premi\u00e8res naturelles, pr\u00e9sente une finition en mosa\u00efque dans des tons rouges et blancs, ce qui lui donne une touche vibrante et tropicale. Sa forme courbe et \u00e9l\u00e9gante en fait une pi\u00e8ce id\u00e9ale pour servir ou pour d\u00e9corer, \u00e9voquant l&rsquo;essence de la M\u00e9diterran\u00e9e dans n&rsquo;importe quel foyer. Un souvenir parfait qui allie art et fonctionnalit\u00e9.<\/p>\n","protected":false},"featured_media":11890,"template":"","meta":{"_acf_changed":false},"product_brand":[],"product_cat":[521],"product_tag":[530],"class_list":{"0":"post-29456","1":"product","2":"type-product","3":"status-publish","4":"has-post-thumbnail","6":"product_cat-bols","7":"product_tag-animaux","8":"pa_ciudad-mallorca","9":"pa_motivo-dauphins","10":"pa_pais-espana","12":"first","13":"instock","14":"shipping-taxable","15":"product-type-simple"},"acf":[],"_links":{"self":[{"href":"https:\/\/olemosaic.orbitalia.org\/fr\/wp-json\/wp\/v2\/product\/29456","targetHints":{"allow":["GET"]}}],"collection":[{"href":"https:\/\/olemosaic.orbitalia.org\/fr\/wp-json\/wp\/v2\/product"}],"about":[{"href":"https:\/\/olemosaic.orbitalia.org\/fr\/wp-json\/wp\/v2\/types\/product"}],"wp:featuredmedia":[{"embeddable":true,"href":"https:\/\/olemosaic.orbitalia.org\/fr\/wp-json\/wp\/v2\/media\/11890"}],"wp:attachment":[{"href":"https:\/\/olemosaic.orbitalia.org\/fr\/wp-json\/wp\/v2\/media?parent=29456"}],"wp:term":[{"taxonomy":"product_brand","embeddable":true,"href":"https:\/\/olemosaic.orbitalia.org\/fr\/wp-json\/wp\/v2\/product_brand?post=29456"},{"taxonomy":"product_cat","embeddable":true,"href":"https:\/\/olemosaic.orbitalia.org\/fr\/wp-json\/wp\/v2\/product_cat?post=29456"},{"taxonomy":"product_tag","embeddable":true,"href":"https:\/\/olemosaic.orbitalia.org\/fr\/wp-json\/wp\/v2\/product_tag?post=29456"}],"curies":[{"name":"wp","href":"https:\/\/api.w.org\/{rel}","templated":true}]}}