{"id":29455,"date":"2025-02-20T23:31:05","date_gmt":"2025-02-20T22:31:05","guid":{"rendered":"https:\/\/olemosaic.orbitalia.org\/producto\/bol-de-coco-rojo-mano-3\/"},"modified":"2025-07-25T19:04:16","modified_gmt":"2025-07-25T17:04:16","slug":"bol-noix-de-coco-rouge-main-de-fatma-3","status":"publish","type":"product","link":"https:\/\/olemosaic.orbitalia.org\/fr\/produit\/bol-noix-de-coco-rouge-main-de-fatma-3\/","title":{"rendered":"Bol en noix de coco rouge. Main de Fatma."},"content":{"rendered":"<p>Ce bol en noix de coco rouge est une pi\u00e8ce artistique \u00e9labor\u00e9e de mani\u00e8re artisanale, id\u00e9ale pour ceux qui cherchent \u00e0 ajouter une touche vibrante et culturelle \u00e0 leur int\u00e9rieur. Son int\u00e9rieur, plein de vie, se pr\u00e9sente dans des tons rouges et dor\u00e9s captivants, o\u00f9 se d\u00e9tache un motif distinctif en forme de main, symbolisant la protection et la chance, des \u00e9l\u00e9ments profond\u00e9ment ancr\u00e9s dans diverses cultures de la M\u00e9diterran\u00e9e. La surface du bol, avec une finition brillante qui invite \u00e0 l&rsquo;admiration, accentue la singularit\u00e9 du mat\u00e9riau, qui n&rsquo;est pas seulement d\u00e9coratif, mais aussi fonctionnel. Il est parfait comme accessoire pour d\u00e9corer n&rsquo;importe quel espace ou pour servir de d\u00e9licieux ap\u00e9ritifs lors de r\u00e9unions sociales, ajoutant un air de sophistication et d&rsquo;authenticit\u00e9.<\/p>\n<p>Le bol en noix de coco rouge repr\u00e9sente une riche tradition artisanale qui se connecte au patrimoine culturel de la r\u00e9gion m\u00e9diterran\u00e9enne, o\u00f9 la cr\u00e9ativit\u00e9 et le symbolisme jouent un r\u00f4le important. Ce souvenir ne capture pas seulement l&rsquo;essence de l&rsquo;art local, mais devient \u00e9galement un cadeau significatif pour ceux qui visitent la r\u00e9gion. Chez Ol\u00e9 Mosaic, nous distribuons des produits uniques qui refl\u00e8tent la culture m\u00e9diterran\u00e9enne, offrant aux boutiques de cadeaux touristiques l&rsquo;opportunit\u00e9 d&rsquo;acqu\u00e9rir des souvenirs authentiques et de qualit\u00e9. Ce bol en noix de coco est une excellente option pour ceux qui recherchent des souvenirs de d\u00e9coration \u00e0 la fois beaux et pleins de sens.<\/p>\n","protected":false},"excerpt":{"rendered":"<p>Bol en noix de coco rouge fait main, id\u00e9al pour d\u00e9corer n&rsquo;importe quel espace avec une touche vibrante et culturelle. Ce bol pr\u00e9sente un design int\u00e9rieur dans des tons rouges et dor\u00e9s, avec un motif distinctif en forme de main symbolisant la protection et la chance. La texture de sa surface, avec une finition brillante, compl\u00e8te la singularit\u00e9 du mat\u00e9riau. Parfait comme accessoire d\u00e9coratif ou pour servir des ap\u00e9ritifs, son esth\u00e9tique frappante souligne la riche tradition artisanale.<\/p>\n","protected":false},"featured_media":13430,"template":"","meta":{"_acf_changed":false},"product_brand":[],"product_cat":[521],"product_tag":[],"class_list":{"0":"post-29455","1":"product","2":"type-product","3":"status-publish","4":"has-post-thumbnail","6":"product_cat-bols","7":"pa_motivo-mains","9":"first","10":"instock","11":"shipping-taxable","12":"product-type-simple"},"acf":[],"_links":{"self":[{"href":"https:\/\/olemosaic.orbitalia.org\/fr\/wp-json\/wp\/v2\/product\/29455","targetHints":{"allow":["GET"]}}],"collection":[{"href":"https:\/\/olemosaic.orbitalia.org\/fr\/wp-json\/wp\/v2\/product"}],"about":[{"href":"https:\/\/olemosaic.orbitalia.org\/fr\/wp-json\/wp\/v2\/types\/product"}],"wp:featuredmedia":[{"embeddable":true,"href":"https:\/\/olemosaic.orbitalia.org\/fr\/wp-json\/wp\/v2\/media\/13430"}],"wp:attachment":[{"href":"https:\/\/olemosaic.orbitalia.org\/fr\/wp-json\/wp\/v2\/media?parent=29455"}],"wp:term":[{"taxonomy":"product_brand","embeddable":true,"href":"https:\/\/olemosaic.orbitalia.org\/fr\/wp-json\/wp\/v2\/product_brand?post=29455"},{"taxonomy":"product_cat","embeddable":true,"href":"https:\/\/olemosaic.orbitalia.org\/fr\/wp-json\/wp\/v2\/product_cat?post=29455"},{"taxonomy":"product_tag","embeddable":true,"href":"https:\/\/olemosaic.orbitalia.org\/fr\/wp-json\/wp\/v2\/product_tag?post=29455"}],"curies":[{"name":"wp","href":"https:\/\/api.w.org\/{rel}","templated":true}]}}