{"id":29440,"date":"2025-02-20T23:31:04","date_gmt":"2025-02-20T22:31:04","guid":{"rendered":"https:\/\/olemosaic.orbitalia.org\/producto\/bol-de-coco-rojo-mano-2\/"},"modified":"2025-07-25T19:41:54","modified_gmt":"2025-07-25T17:41:54","slug":"bol-noix-de-coco-rouge-main-2","status":"publish","type":"product","link":"https:\/\/olemosaic.orbitalia.org\/fr\/produit\/bol-noix-de-coco-rouge-main-2\/","title":{"rendered":"Bol en noix de coco rouge. Main. Hamsa."},"content":{"rendered":"<p>Ce bol en noix de coco rouge est une pi\u00e8ce artisanale qui capture l&rsquo;essence de l&rsquo;art d\u00e9coratif m\u00e9diterran\u00e9en, id\u00e9al pour ceux qui recherchent des souvenirs authentiques, de qualit\u00e9 et avec une signification culturelle. D\u00e9cor\u00e9 \u00e0 la main, il pr\u00e9sente un motif vibrant de formes ovales dans des tons rouges sur fond blanc, cr\u00e9ant un contraste visuel captivant et contemporain. Au centre se d\u00e9tache un symbole embl\u00e9matique de la main, qui symbolise la protection et la bonne fortune, ajoutant une touche culturelle profonde \u00e0 la pi\u00e8ce.<\/p>\n<p>Parfait comme centre de table ou pour ranger de petits objets, ce bol n&rsquo;est pas seulement fonctionnel, il refl\u00e8te \u00e9galement la riche tradition artisanale de la r\u00e9gion, constituant une excellente option pour les touristes et les collectionneurs. Son design unique et color\u00e9 est un rappel tangible de la chaleur et de l&rsquo;esth\u00e9tique de la culture m\u00e9diterran\u00e9enne, ce qui en fait un cadeau m\u00e9morable ou un ornement exceptionnel pour n&rsquo;importe quel foyer.<\/p>\n<p>Chez Ol\u00e9 Mosaic, nous nous sp\u00e9cialisons dans la distribution de souvenirs en gros, et ce bol en noix de coco rouge se positionne comme un choix id\u00e9al pour les boutiques de cadeaux touristiques cherchant \u00e0 offrir des produits authentiques et repr\u00e9sentatifs. En tant que grossistes d&rsquo;articles artisanaux, nous garantissons que chaque pi\u00e8ce capture la beaut\u00e9 et le caract\u00e8re culturel de son origine, en faisant un tr\u00e9sor in\u00e9galable pour ceux qui le choisissent.<\/p>\n","protected":false},"excerpt":{"rendered":"<p>Bol en noix de coco rouge, d\u00e9cor\u00e9 avec un style artisanal avec un design magnifique. Ce bol attrayant pr\u00e9sente un motif d&rsquo;ovales dans des tons rouges sur un fond blanc, ce qui lui donne un aspect vibrant et contemporain. La pi\u00e8ce inclut un symbole distinctif de la main, qui apporte une touche culturelle significative. Id\u00e9al comme centre de table ou pour ranger de petits objets, ce bol refl\u00e8te la richesse de l&rsquo;art et de la tradition artisanale.<\/p>\n","protected":false},"featured_media":13511,"template":"","meta":{"_acf_changed":false},"product_brand":[],"product_cat":[521],"product_tag":[],"class_list":{"0":"post-29440","1":"product","2":"type-product","3":"status-publish","4":"has-post-thumbnail","6":"product_cat-bols","7":"pa_motivo-mains","9":"first","10":"instock","11":"shipping-taxable","12":"product-type-simple"},"acf":[],"_links":{"self":[{"href":"https:\/\/olemosaic.orbitalia.org\/fr\/wp-json\/wp\/v2\/product\/29440","targetHints":{"allow":["GET"]}}],"collection":[{"href":"https:\/\/olemosaic.orbitalia.org\/fr\/wp-json\/wp\/v2\/product"}],"about":[{"href":"https:\/\/olemosaic.orbitalia.org\/fr\/wp-json\/wp\/v2\/types\/product"}],"wp:featuredmedia":[{"embeddable":true,"href":"https:\/\/olemosaic.orbitalia.org\/fr\/wp-json\/wp\/v2\/media\/13511"}],"wp:attachment":[{"href":"https:\/\/olemosaic.orbitalia.org\/fr\/wp-json\/wp\/v2\/media?parent=29440"}],"wp:term":[{"taxonomy":"product_brand","embeddable":true,"href":"https:\/\/olemosaic.orbitalia.org\/fr\/wp-json\/wp\/v2\/product_brand?post=29440"},{"taxonomy":"product_cat","embeddable":true,"href":"https:\/\/olemosaic.orbitalia.org\/fr\/wp-json\/wp\/v2\/product_cat?post=29440"},{"taxonomy":"product_tag","embeddable":true,"href":"https:\/\/olemosaic.orbitalia.org\/fr\/wp-json\/wp\/v2\/product_tag?post=29440"}],"curies":[{"name":"wp","href":"https:\/\/api.w.org\/{rel}","templated":true}]}}