{"id":29437,"date":"2025-02-20T23:31:04","date_gmt":"2025-02-20T22:31:04","guid":{"rendered":"https:\/\/olemosaic.orbitalia.org\/producto\/bol-de-coco-rojo-flor-2\/"},"modified":"2025-07-25T19:00:48","modified_gmt":"2025-07-25T17:00:48","slug":"bol-noix-de-coco-rouge-fleur-2","status":"publish","type":"product","link":"https:\/\/olemosaic.orbitalia.org\/fr\/produit\/bol-noix-de-coco-rouge-fleur-2\/","title":{"rendered":"Bol en noix de coco rouge. Fleur."},"content":{"rendered":"<p>Ce bol en noix de coco rouge est une \u0153uvre artisanale qui rayonne d&rsquo;authenticit\u00e9 et de beaut\u00e9, parfait pour rehausser n&rsquo;importe quel coin. Son design, peint \u00e0 la main, pr\u00e9sente un contraste vibrant entre les tons rouges et noirs, cr\u00e9ant un effet visuel attrayant. \u00c0 l&rsquo;int\u00e9rieur, une \u00e9l\u00e9gante fleur se distingue par ses p\u00e9tales contourn\u00e9s d&rsquo;un rouge intense, entour\u00e9e de d\u00e9licats d\u00e9tails noirs rappelant la riche flore des r\u00e9gions m\u00e9diterran\u00e9ennes.<\/p>\n<p>Ce bol ne sert pas seulement d&rsquo;objet d\u00e9coratif, il est aussi fonctionnel, id\u00e9al pour servir des fruits, des ap\u00e9ritifs ou pour ranger de petits objets. Ses formes arrondies offrent un aspect accueillant et \u00e9l\u00e9gant, en faisant un \u00e9l\u00e9ment frappant sur n&rsquo;importe quelle table ou \u00e9tag\u00e8re. Son design \u00e9voque la chaleur et le coloris traditionnel de l&rsquo;artisanat local, repr\u00e9sentant la richesse culturelle de l&rsquo;Espagne.<\/p>\n<p>Il repr\u00e9sente le savoir-faire des artisans locaux, qui ont perfectionn\u00e9 leurs techniques au fil du temps, faisant de chaque bol une pi\u00e8ce unique. Chez Ol\u00e9 Mosaic, nous sommes fiers de proposer des souvenirs de qualit\u00e9 qui capturent l&rsquo;essence de l&rsquo;h\u00e9ritage espagnol. Ce bol en noix de coco rouge est un souvenir parfait pour les touristes \u00e0 la recherche d&rsquo;articles authentiques et significatifs de leur visite. En tant que grossistes de souvenirs, nous garantissons que nos produits sont le reflet de l&rsquo;artisanat et de la culture des r\u00e9gions qu&rsquo;ils repr\u00e9sentent.<\/p>\n","protected":false},"excerpt":{"rendered":"<p>Bol en noix de coco rouge d\u00e9cor\u00e9 d&rsquo;une magnifique fleur \u00e0 l&rsquo;int\u00e9rieur, id\u00e9al pour embellir n&rsquo;importe quel espace. Cet article artisanal se distingue par son design fait main, peint \u00e0 la main, o\u00f9 pr\u00e9dominent les tons rouges et noirs, cr\u00e9ant un contraste vibrant et attrayant. La fleur centrale ajoute un d\u00e9tail distinctif et charmant, tandis que les formes arrondies du bol en font un \u00e9l\u00e9ment frappant et fonctionnel, parfait pour servir ou comme objet d\u00e9coratif.<\/p>\n","protected":false},"featured_media":10188,"template":"","meta":{"_acf_changed":false},"product_brand":[],"product_cat":[521],"product_tag":[],"class_list":{"0":"post-29437","1":"product","2":"type-product","3":"status-publish","4":"has-post-thumbnail","6":"product_cat-bols","7":"pa_motivo-fleurs","9":"first","10":"instock","11":"shipping-taxable","12":"product-type-simple"},"acf":[],"_links":{"self":[{"href":"https:\/\/olemosaic.orbitalia.org\/fr\/wp-json\/wp\/v2\/product\/29437","targetHints":{"allow":["GET"]}}],"collection":[{"href":"https:\/\/olemosaic.orbitalia.org\/fr\/wp-json\/wp\/v2\/product"}],"about":[{"href":"https:\/\/olemosaic.orbitalia.org\/fr\/wp-json\/wp\/v2\/types\/product"}],"wp:featuredmedia":[{"embeddable":true,"href":"https:\/\/olemosaic.orbitalia.org\/fr\/wp-json\/wp\/v2\/media\/10188"}],"wp:attachment":[{"href":"https:\/\/olemosaic.orbitalia.org\/fr\/wp-json\/wp\/v2\/media?parent=29437"}],"wp:term":[{"taxonomy":"product_brand","embeddable":true,"href":"https:\/\/olemosaic.orbitalia.org\/fr\/wp-json\/wp\/v2\/product_brand?post=29437"},{"taxonomy":"product_cat","embeddable":true,"href":"https:\/\/olemosaic.orbitalia.org\/fr\/wp-json\/wp\/v2\/product_cat?post=29437"},{"taxonomy":"product_tag","embeddable":true,"href":"https:\/\/olemosaic.orbitalia.org\/fr\/wp-json\/wp\/v2\/product_tag?post=29437"}],"curies":[{"name":"wp","href":"https:\/\/api.w.org\/{rel}","templated":true}]}}