{"id":29421,"date":"2025-02-20T22:31:03","date_gmt":"2025-02-20T22:31:03","guid":{"rendered":"https:\/\/olemosaic.orbitalia.org\/producto\/bol-de-coco-rojo-mariposa-2\/"},"modified":"2025-07-25T19:45:11","modified_gmt":"2025-07-25T17:45:11","slug":"bol-en-noix-de-coco-rouge-papillon-2","status":"publish","type":"product","link":"https:\/\/olemosaic.orbitalia.org\/fr\/produit\/bol-en-noix-de-coco-rouge-papillon-2\/","title":{"rendered":"Bol en noix de coco rouge. Papillon."},"content":{"rendered":"<p>Ce bol en noix de coco rouge est une \u0153uvre artisanale qui fusionne beaut\u00e9 et fonctionnalit\u00e9, parfait pour ceux qui recherchent un authentique souvenir culturel. Avec une finition rouge vibrante, ce bol se distingue non seulement par sa couleur, mais aussi par son d\u00e9licat motif de papillon au centre, peint dans un ton qui contraste et attire le regard. Le bord du bol est d\u00e9cor\u00e9 de motifs sombres qui compl\u00e8tent son design et ajoutent une touche de sophistication. Chaque pi\u00e8ce est unique, cr\u00e9\u00e9e \u00e0 la main par des artisans locaux, ce qui souligne sa qualit\u00e9 et son authenticit\u00e9.<\/p>\n<p>Utilis\u00e9 traditionnellement dans diverses c\u00e9l\u00e9brations et festividades, le bol en noix de coco devient un symbole de l&rsquo;art et de la culture de la r\u00e9gion. Il est parfait comme centre de table, transformant n&rsquo;importe quel espace en un lieu plus accueillant et \u00e9l\u00e9gant. Ce produit pr\u00e9sente non seulement une esth\u00e9tique attrayante, mais il renferme \u00e9galement une profonde signification culturelle, \u00e9tant un rappel de la richesse de l&rsquo;artisanat local.<\/p>\n<p>Chez Ol\u00e9 Mosaic, nous travaillons comme distributeurs de souvenirs en gros, offrant des articles authentiques qui repr\u00e9sentent la tradition et l&rsquo;art de l&rsquo;Espagne. Ce bol en noix de coco rouge est une option id\u00e9ale pour les boutiques de cadeaux touristiques qui souhaitent offrir \u00e0 leurs clients des souvenirs authentiques et de qualit\u00e9.<\/p>\n","protected":false},"excerpt":{"rendered":"<p>Bol en noix de coco rouge avec un d\u00e9licat motif de papillon au centre. Cet article attrayant, fruit de l&rsquo;artisanat local, pr\u00e9sente une finition brillante qui se distingue par sa couleur rouge vibrante, avec une d\u00e9coration de motifs sombres sur le bord. Le papillon, peint dans un ton contrast\u00e9, apporte une touche \u00e9l\u00e9gante et distinctive au bol, en faisant une pi\u00e8ce id\u00e9ale pour d\u00e9corer ou comme centre de table. Parfait pour ajouter une touche d&rsquo;art et de culture \u00e0 n&rsquo;importe quel espace.<\/p>\n","protected":false},"featured_media":13438,"template":"","meta":{"_acf_changed":false},"product_brand":[],"product_cat":[521],"product_tag":[530],"class_list":{"0":"post-29421","1":"product","2":"type-product","3":"status-publish","4":"has-post-thumbnail","6":"product_cat-bols","7":"product_tag-animaux","8":"pa_motivo-papillons","10":"first","11":"instock","12":"shipping-taxable","13":"product-type-simple"},"acf":[],"_links":{"self":[{"href":"https:\/\/olemosaic.orbitalia.org\/fr\/wp-json\/wp\/v2\/product\/29421","targetHints":{"allow":["GET"]}}],"collection":[{"href":"https:\/\/olemosaic.orbitalia.org\/fr\/wp-json\/wp\/v2\/product"}],"about":[{"href":"https:\/\/olemosaic.orbitalia.org\/fr\/wp-json\/wp\/v2\/types\/product"}],"wp:featuredmedia":[{"embeddable":true,"href":"https:\/\/olemosaic.orbitalia.org\/fr\/wp-json\/wp\/v2\/media\/13438"}],"wp:attachment":[{"href":"https:\/\/olemosaic.orbitalia.org\/fr\/wp-json\/wp\/v2\/media?parent=29421"}],"wp:term":[{"taxonomy":"product_brand","embeddable":true,"href":"https:\/\/olemosaic.orbitalia.org\/fr\/wp-json\/wp\/v2\/product_brand?post=29421"},{"taxonomy":"product_cat","embeddable":true,"href":"https:\/\/olemosaic.orbitalia.org\/fr\/wp-json\/wp\/v2\/product_cat?post=29421"},{"taxonomy":"product_tag","embeddable":true,"href":"https:\/\/olemosaic.orbitalia.org\/fr\/wp-json\/wp\/v2\/product_tag?post=29421"}],"curies":[{"name":"wp","href":"https:\/\/api.w.org\/{rel}","templated":true}]}}