{"id":29419,"date":"2025-02-20T23:31:03","date_gmt":"2025-02-20T22:31:03","guid":{"rendered":"https:\/\/olemosaic.orbitalia.org\/producto\/bol-de-coco-rojo-sardina-4\/"},"modified":"2025-07-25T18:38:57","modified_gmt":"2025-07-25T16:38:57","slug":"bol-en-noix-de-coco-rouge-sardine-4","status":"publish","type":"product","link":"https:\/\/olemosaic.orbitalia.org\/fr\/produit\/bol-en-noix-de-coco-rouge-sardine-4\/","title":{"rendered":"Bol en noix de coco rouge. Sardine. Lisbonne. Portugal."},"content":{"rendered":"<p>Ce bol en noix de coco rouge est une pi\u00e8ce d\u00e9corative exquise, id\u00e9ale pour ceux qui appr\u00e9cient la richesse de la culture m\u00e9diterran\u00e9enne. Con\u00e7u avec un air sophistiqu\u00e9, sa finition brillante est obtenue gr\u00e2ce \u00e0 des techniques artisanales qui int\u00e8grent de d\u00e9licats morceaux de noix de coco, cr\u00e9ant un effet luxueux et color\u00e9. Le fond blanc du bol fait ressortir les d\u00e9tails dans des tons rouges, qui apportent fra\u00eecheur et joie \u00e0 n&rsquo;importe quel espace.<\/p>\n<p>Au centre, une illustration d&rsquo;une sardine, un poisson embl\u00e9matique de la gastronomie m\u00e9diterran\u00e9enne, ajoute une touche d&rsquo;authenticit\u00e9 et repr\u00e9sente la riche tradition maritime de la r\u00e9gion. Les bords du bol sont \u00e9l\u00e9gamment d\u00e9cor\u00e9s d&rsquo;un motif de cercles rouges, qui \u00e9voquent l&rsquo;ambiance vibrante des c\u00f4tes m\u00e9diterran\u00e9ennes.<\/p>\n<p>Ce bol est non seulement id\u00e9al comme pi\u00e8ce d\u00e9corative, mais il est \u00e9galement fonctionnel, parfait pour servir des tapas ou comme centre de table lors d&rsquo;une c\u00e9l\u00e9bration. Il repr\u00e9sente un souvenir exquis de la culture maritime espagnole, devenant un cadeau significatif pour les touristes qui cherchent \u00e0 ramener un morceau de la M\u00e9diterran\u00e9e chez eux. Chez Ol\u00e9 Mosaic, en tant que grossiste de souvenirs authentiques, nous proposons des produits qui capturent l&rsquo;essence culturelle de l&rsquo;Espagne, faisant de ce bol une option id\u00e9ale pour les boutiques de cadeaux touristiques souhaitant proposer des articles uniques et repr\u00e9sentatifs.<\/p>\n","protected":false},"excerpt":{"rendered":"<p>Bol en noix de coco rouge d\u00e9cor\u00e9 de motifs de sardines, id\u00e9al pour les amoureux de la culture m\u00e9diterran\u00e9enne. Ce charmant bol pr\u00e9sente un design sophistiqu\u00e9 avec un \u00e9clat distinctif gr\u00e2ce aux morceaux de noix de coco, qui cr\u00e9ent un effet luxueux et color\u00e9. Les d\u00e9tails dans des tons rouges apportent fra\u00eecheur et joie, tandis que l&rsquo;illustration de la sardine au centre ajoute une touche authentique et repr\u00e9sentative du folklore marin. Parfait pour un usage d\u00e9coratif ou comme pi\u00e8ce fonctionnelle dans la cuisine.<\/p>\n","protected":false},"featured_media":11850,"template":"","meta":{"_acf_changed":false},"product_brand":[],"product_cat":[521],"product_tag":[530],"class_list":{"0":"post-29419","1":"product","2":"type-product","3":"status-publish","4":"has-post-thumbnail","6":"product_cat-bols","7":"product_tag-animaux","8":"pa_motivo-sardines","10":"first","11":"instock","12":"shipping-taxable","13":"product-type-simple"},"acf":[],"_links":{"self":[{"href":"https:\/\/olemosaic.orbitalia.org\/fr\/wp-json\/wp\/v2\/product\/29419","targetHints":{"allow":["GET"]}}],"collection":[{"href":"https:\/\/olemosaic.orbitalia.org\/fr\/wp-json\/wp\/v2\/product"}],"about":[{"href":"https:\/\/olemosaic.orbitalia.org\/fr\/wp-json\/wp\/v2\/types\/product"}],"wp:featuredmedia":[{"embeddable":true,"href":"https:\/\/olemosaic.orbitalia.org\/fr\/wp-json\/wp\/v2\/media\/11850"}],"wp:attachment":[{"href":"https:\/\/olemosaic.orbitalia.org\/fr\/wp-json\/wp\/v2\/media?parent=29419"}],"wp:term":[{"taxonomy":"product_brand","embeddable":true,"href":"https:\/\/olemosaic.orbitalia.org\/fr\/wp-json\/wp\/v2\/product_brand?post=29419"},{"taxonomy":"product_cat","embeddable":true,"href":"https:\/\/olemosaic.orbitalia.org\/fr\/wp-json\/wp\/v2\/product_cat?post=29419"},{"taxonomy":"product_tag","embeddable":true,"href":"https:\/\/olemosaic.orbitalia.org\/fr\/wp-json\/wp\/v2\/product_tag?post=29419"}],"curies":[{"name":"wp","href":"https:\/\/api.w.org\/{rel}","templated":true}]}}