{"id":29416,"date":"2025-02-20T22:31:03","date_gmt":"2025-02-20T22:31:03","guid":{"rendered":"https:\/\/olemosaic.orbitalia.org\/producto\/bol-de-coco-rojo-isla-lanzarote\/"},"modified":"2025-07-25T18:46:18","modified_gmt":"2025-07-25T16:46:18","slug":"bol-noix-de-coco-rouge-ile-lanzarote","status":"publish","type":"product","link":"https:\/\/olemosaic.orbitalia.org\/fr\/produit\/bol-noix-de-coco-rouge-ile-lanzarote\/","title":{"rendered":"Bol en noix de coco rouge. \u00cele. Lanzarote."},"content":{"rendered":"<p>Ce bol en noix de coco rouge est une pi\u00e8ce d\u00e9corative exquise inspir\u00e9e par la beaut\u00e9 naturelle de Lanzarote, l&rsquo;un des joyaux de l&rsquo;archipel canarien. \u00c9labor\u00e9 \u00e0 partir d&rsquo;une base de noix de coco, ce bol se pr\u00e9sente \u00e9l\u00e9gamment orn\u00e9 de d\u00e9licates incrustations dans des tons rouges qui cr\u00e9ent un contraste visuel attrayant, \u00e9voquant la chaleur et l&rsquo;esprit vibrant de l&rsquo;\u00eele. \u00c0 l&rsquo;int\u00e9rieur, il arbore une carte de Lanzarote imprim\u00e9e qui non seulement souligne l&#8217;emplacement de cette destination paradisiaque, mais c\u00e9l\u00e8bre \u00e9galement sa riche culture et ses paysages uniques.<\/p>\n<p>Le design du bol combine avec \u00e9l\u00e9gance fonctionnalit\u00e9 et art, devenant un excellent \u00e9l\u00e9ment d\u00e9coratif pour n&rsquo;importe quel foyer ou un article id\u00e9al pour servir des ap\u00e9ritifs lors de r\u00e9unions sociales. Ses tons chauds et sa finition artisanale le transforment en un souvenir authentique et repr\u00e9sentatif de Lanzarote, en faisant un souvenir de qualit\u00e9 que chaque touriste voudra emporter comme un petit morceau de l&rsquo;\u00eele.<\/p>\n<p>Chez Ol\u00e9 Mosaic, nous sommes fiers de proposer ce type de souvenirs de Lanzarote en gros, parfaits pour les boutiques de cadeaux touristiques \u00e0 la recherche de produits uniques et d&rsquo;une grande pertinence culturelle. Ce bol en noix de coco rouge n&rsquo;est pas seulement un objet fonctionnel, mais aussi un symbole de la connexion entre tradition et modernit\u00e9, un v\u00e9ritable tr\u00e9sor de l&rsquo;h\u00e9ritage canarien qui enchantera tout visiteur.<\/p>\n","protected":false},"excerpt":{"rendered":"<p>Bol en noix de coco rouge, inspir\u00e9 par la beaut\u00e9 de Lanzarote. Cet \u00e9l\u00e9gant bol, \u00e9labor\u00e9 \u00e0 partir d&rsquo;une base de noix de coco, est orn\u00e9 de d\u00e9licates incrustations dans des tons rouges qui cr\u00e9ent un contraste vibrant et attrayant. \u00c0 l&rsquo;int\u00e9rieur, une carte imprim\u00e9e de Lanzarote est affich\u00e9e, soulignant l&#8217;emplacement de cette magnifique \u00eele canarienne. Parfait comme \u00e9l\u00e9ment d\u00e9coratif ou pour servir des ap\u00e9ritifs, il allie style et tradition en un seul article.<\/p>\n","protected":false},"featured_media":11997,"template":"","meta":{"_acf_changed":false},"product_brand":[],"product_cat":[521],"product_tag":[],"class_list":{"0":"post-29416","1":"product","2":"type-product","3":"status-publish","4":"has-post-thumbnail","6":"product_cat-bols","7":"pa_ciudad-lanzarote","8":"pa_motivo-iles","9":"pa_pais-espana","11":"first","12":"instock","13":"shipping-taxable","14":"product-type-simple"},"acf":[],"_links":{"self":[{"href":"https:\/\/olemosaic.orbitalia.org\/fr\/wp-json\/wp\/v2\/product\/29416","targetHints":{"allow":["GET"]}}],"collection":[{"href":"https:\/\/olemosaic.orbitalia.org\/fr\/wp-json\/wp\/v2\/product"}],"about":[{"href":"https:\/\/olemosaic.orbitalia.org\/fr\/wp-json\/wp\/v2\/types\/product"}],"wp:featuredmedia":[{"embeddable":true,"href":"https:\/\/olemosaic.orbitalia.org\/fr\/wp-json\/wp\/v2\/media\/11997"}],"wp:attachment":[{"href":"https:\/\/olemosaic.orbitalia.org\/fr\/wp-json\/wp\/v2\/media?parent=29416"}],"wp:term":[{"taxonomy":"product_brand","embeddable":true,"href":"https:\/\/olemosaic.orbitalia.org\/fr\/wp-json\/wp\/v2\/product_brand?post=29416"},{"taxonomy":"product_cat","embeddable":true,"href":"https:\/\/olemosaic.orbitalia.org\/fr\/wp-json\/wp\/v2\/product_cat?post=29416"},{"taxonomy":"product_tag","embeddable":true,"href":"https:\/\/olemosaic.orbitalia.org\/fr\/wp-json\/wp\/v2\/product_tag?post=29416"}],"curies":[{"name":"wp","href":"https:\/\/api.w.org\/{rel}","templated":true}]}}