{"id":29413,"date":"2025-02-20T23:31:02","date_gmt":"2025-02-20T22:31:02","guid":{"rendered":"https:\/\/olemosaic.orbitalia.org\/producto\/bol-de-coco-rojo-abanico-2\/"},"modified":"2025-07-25T18:58:13","modified_gmt":"2025-07-25T16:58:13","slug":"bol-noix-de-coco-rouge-eventail-2","status":"publish","type":"product","link":"https:\/\/olemosaic.orbitalia.org\/fr\/produit\/bol-noix-de-coco-rouge-eventail-2\/","title":{"rendered":"Bol en noix de coco rouge. \u00c9ventail. Fond rouge."},"content":{"rendered":"<p>Ce bol en noix de coco rouge est une v\u00e9ritable pi\u00e8ce d\u00e9corative qui rend hommage \u00e0 l&rsquo;art traditionnel espagnol, id\u00e9al pour ceux qui recherchent des souvenirs de grande qualit\u00e9 avec une authentique connexion culturelle. Fabriqu\u00e9 \u00e0 la main et peint avec soin, son fond rouge vibrant est orn\u00e9 de motifs dor\u00e9s complexes qui \u00e9voquent l&rsquo;\u00e9l\u00e9gance des \u00e9ventails typiques d&rsquo;Espagne. La forme ovale du bol, avec sa texture douce, en fait un compl\u00e9ment parfait pour tout espace, apportant chaleur et charme.<\/p>\n<p>L&rsquo;illustration centrale pr\u00e9sente un d\u00e9licat design d&rsquo;\u00e9ventail, symbole de la fascinante culture espagnole, agissant comme un rappel du riche patrimoine artistique de r\u00e9gions comme l&rsquo;Andalousie. Chaque centim\u00e8tre de ce bol refl\u00e8te l&rsquo;attention m\u00e9ticuleuse aux d\u00e9tails qui caract\u00e9rise l&rsquo;artisanat espagnol, en faisant non seulement un \u00e9l\u00e9ment fonctionnel, mais aussi une v\u00e9ritable \u0153uvre d&rsquo;art.<\/p>\n<p>Chez Ol\u00e9 Mosaic, nous nous consacrons \u00e0 la distribution en gros de souvenirs qui encapsulent l&rsquo;essence culturelle de chaque produit. Ce bol en noix de coco n&rsquo;est pas seulement un excellent souvenir d&rsquo;Espagne, mais aussi une magnifique option pour les boutiques de cadeaux touristiques cherchant \u00e0 offrir des produits authentiques et repr\u00e9sentatifs. En tant que grossistes d&rsquo;articles artisanaux, nous garantissons l&rsquo;authenticit\u00e9 et la qualit\u00e9 de chaque pi\u00e8ce.<\/p>\n","protected":false},"excerpt":{"rendered":"<p>Bol en noix de coco rouge avec un design d\u00e9coratif \u00e9voquant l&rsquo;art traditionnel espagnol. Cet article, de conception et fabrication artisanale, peint \u00e0 la main, pr\u00e9sente un fond rouge vibrant orn\u00e9 de motifs dor\u00e9s complexes et une illustration rappelant un \u00e9ventail. Sa forme ovale et sa texture douce en font un compl\u00e9ment id\u00e9al pour la d\u00e9coration de tout espace, \u00e9voquant la chaleur et le charme de la culture espagnole.<\/p>\n","protected":false},"featured_media":10093,"template":"","meta":{"_acf_changed":false},"product_brand":[],"product_cat":[521],"product_tag":[],"class_list":{"0":"post-29413","1":"product","2":"type-product","3":"status-publish","4":"has-post-thumbnail","6":"product_cat-bols","8":"first","9":"instock","10":"shipping-taxable","11":"product-type-simple"},"acf":[],"_links":{"self":[{"href":"https:\/\/olemosaic.orbitalia.org\/fr\/wp-json\/wp\/v2\/product\/29413","targetHints":{"allow":["GET"]}}],"collection":[{"href":"https:\/\/olemosaic.orbitalia.org\/fr\/wp-json\/wp\/v2\/product"}],"about":[{"href":"https:\/\/olemosaic.orbitalia.org\/fr\/wp-json\/wp\/v2\/types\/product"}],"wp:featuredmedia":[{"embeddable":true,"href":"https:\/\/olemosaic.orbitalia.org\/fr\/wp-json\/wp\/v2\/media\/10093"}],"wp:attachment":[{"href":"https:\/\/olemosaic.orbitalia.org\/fr\/wp-json\/wp\/v2\/media?parent=29413"}],"wp:term":[{"taxonomy":"product_brand","embeddable":true,"href":"https:\/\/olemosaic.orbitalia.org\/fr\/wp-json\/wp\/v2\/product_brand?post=29413"},{"taxonomy":"product_cat","embeddable":true,"href":"https:\/\/olemosaic.orbitalia.org\/fr\/wp-json\/wp\/v2\/product_cat?post=29413"},{"taxonomy":"product_tag","embeddable":true,"href":"https:\/\/olemosaic.orbitalia.org\/fr\/wp-json\/wp\/v2\/product_tag?post=29413"}],"curies":[{"name":"wp","href":"https:\/\/api.w.org\/{rel}","templated":true}]}}