{"id":29409,"date":"2025-02-20T23:31:02","date_gmt":"2025-02-20T22:31:02","guid":{"rendered":"https:\/\/olemosaic.orbitalia.org\/producto\/bol-de-coco-rojo-tortuga\/"},"modified":"2025-07-25T20:14:32","modified_gmt":"2025-07-25T18:14:32","slug":"bol-noix-de-coco-rouge-tortue","status":"publish","type":"product","link":"https:\/\/olemosaic.orbitalia.org\/fr\/produit\/bol-noix-de-coco-rouge-tortue\/","title":{"rendered":"Bol en noix de coco rouge. Tortue."},"content":{"rendered":"<p>Ce bol en noix de coco rouge est un v\u00e9ritable joyau artisanal qui c\u00e9l\u00e8bre la richesse de l&rsquo;art populaire costaricien. De conception artisanale, ce bol attrayant se distingue par son design vibrant dans les tons rouges, qui \u00e9voque la chaleur et la vitalit\u00e9 de la vie tropicale. Au centre, se pr\u00e9sente une charmante tortue, symbole de la vie marine, qui se distingue non seulement par sa silhouette, mais aussi par ses couleurs. La tortue est entour\u00e9e d&rsquo;un motif ludique de c\u0153urs dans les tons ros\u00e9s, qui ajoute une touche joyeuse et amusante \u00e0 la pi\u00e8ce.<\/p>\n<p>Les courbes douces du bol et sa finition brillante en font un objet \u00e0 la fois d\u00e9coratif et fonctionnel, id\u00e9al pour servir des ap\u00e9ritifs ou comme pi\u00e8ce centrale dans votre maison. Son design capture non seulement l&rsquo;essence du Costa Rica, mais en fait \u00e9galement un souvenir repr\u00e9sentatif de la culture et de la biodiversit\u00e9 de la r\u00e9gion.<\/p>\n<p>Chez Ol\u00e9 Mosaic, sp\u00e9cialis\u00e9s dans la distribution de souvenirs en gros, nous proposons des produits authentiques et \u00e9labor\u00e9s avec soin. Ce bol en noix de coco est une option id\u00e9ale pour les boutiques de cadeaux touristiques \u00e0 la recherche d&rsquo;articles uniques qui refl\u00e8tent la tradition et l&rsquo;art costaricien. En tant que grossistes de souvenirs, nous garantissons la qualit\u00e9 et l&rsquo;originalit\u00e9 de chaque produit, faisant de ce bol un excellent souvenir pour vos clients.<\/p>\n","protected":false},"excerpt":{"rendered":"<p>Bol en noix de coco rouge orn\u00e9 d&rsquo;une sympathique tortue au centre. Ce bol frappant pr\u00e9sente un design vibrant dans les tons rouges avec des d\u00e9tails noirs. La tortue, symbole de la vie marine, est encadr\u00e9e par un motif de c\u0153urs qui apporte une touche joyeuse et amusante. Parfait comme pi\u00e8ce d\u00e9corative ou pour servir des ap\u00e9ritifs, ce bol est un excellent exemple de l&rsquo;art populaire costaricien.<\/p>\n","protected":false},"featured_media":10184,"template":"","meta":{"_acf_changed":false},"product_brand":[],"product_cat":[521],"product_tag":[530],"class_list":{"0":"post-29409","1":"product","2":"type-product","3":"status-publish","4":"has-post-thumbnail","6":"product_cat-bols","7":"product_tag-animaux","8":"pa_motivo-tortues","10":"first","11":"instock","12":"shipping-taxable","13":"product-type-simple"},"acf":[],"_links":{"self":[{"href":"https:\/\/olemosaic.orbitalia.org\/fr\/wp-json\/wp\/v2\/product\/29409","targetHints":{"allow":["GET"]}}],"collection":[{"href":"https:\/\/olemosaic.orbitalia.org\/fr\/wp-json\/wp\/v2\/product"}],"about":[{"href":"https:\/\/olemosaic.orbitalia.org\/fr\/wp-json\/wp\/v2\/types\/product"}],"wp:featuredmedia":[{"embeddable":true,"href":"https:\/\/olemosaic.orbitalia.org\/fr\/wp-json\/wp\/v2\/media\/10184"}],"wp:attachment":[{"href":"https:\/\/olemosaic.orbitalia.org\/fr\/wp-json\/wp\/v2\/media?parent=29409"}],"wp:term":[{"taxonomy":"product_brand","embeddable":true,"href":"https:\/\/olemosaic.orbitalia.org\/fr\/wp-json\/wp\/v2\/product_brand?post=29409"},{"taxonomy":"product_cat","embeddable":true,"href":"https:\/\/olemosaic.orbitalia.org\/fr\/wp-json\/wp\/v2\/product_cat?post=29409"},{"taxonomy":"product_tag","embeddable":true,"href":"https:\/\/olemosaic.orbitalia.org\/fr\/wp-json\/wp\/v2\/product_tag?post=29409"}],"curies":[{"name":"wp","href":"https:\/\/api.w.org\/{rel}","templated":true}]}}