{"id":29407,"date":"2025-02-20T23:31:01","date_gmt":"2025-02-20T22:31:01","guid":{"rendered":"https:\/\/olemosaic.orbitalia.org\/producto\/bol-de-coco-rojo-camino-de-santiago\/"},"modified":"2025-07-25T19:25:05","modified_gmt":"2025-07-25T17:25:05","slug":"bol-noix-de-coco-rouge-chemin-de-compostelle","status":"publish","type":"product","link":"https:\/\/olemosaic.orbitalia.org\/fr\/produit\/bol-noix-de-coco-rouge-chemin-de-compostelle\/","title":{"rendered":"Bol en noix de coco rouge. Chemin de Compostelle."},"content":{"rendered":"<p>Ce bol en noix de coco rouge est un souvenir embl\u00e9matique du Chemin de Compostelle, id\u00e9al pour ceux qui souhaitent emporter une partie significative de cette exp\u00e9rience unique. Son design, peint \u00e0 la main, se distingue par un fond noir vibrant parsem\u00e9 de c\u0153urs rouges, qui rehaussent l&rsquo;intensit\u00e9 de la couleur et ajoutent une touche de chaleur et d&rsquo;amour pour la tradition. Au centre, figure l&rsquo;iconique coquille Saint-Jacques, symbole du chemin et du p\u00e8lerinage, accompagn\u00e9e de la phrase \u00ab\u00a0CAMINO DE SANTIAGO\u00a0\u00bb, qui souligne son lien culturel et spirituel avec cette c\u00e9l\u00e8bre route.<\/p>\n<p>Ce bol n&rsquo;est pas seulement une pi\u00e8ce d\u00e9corative, mais aussi fonctionnelle ; parfait pour ranger de petits objets ou comme \u00e9l\u00e9ment d\u00e9coratif attrayant dans n&rsquo;importe quelle maison. Sa forme circulaire et sa finition brillante en font un ajout frappant \u00e0 tout espace, \u00e9voquant les itin\u00e9raires parcourus et les souvenirs cr\u00e9\u00e9s pendant le voyage.<\/p>\n<p>Chez Ol\u00e9 Mosaic, nous proposons des souvenirs authentiques qui refl\u00e8tent la culture et la tradition de l&rsquo;Espagne. Ce bol en noix de coco est une excellente option pour les boutiques de cadeaux touristiques \u00e0 la recherche de produits de qualit\u00e9, repr\u00e9sentatifs de l&rsquo;exp\u00e9rience du Chemin de Compostelle. Avec son design attrayant et sa signification profonde, ce bol devient un souvenir inoubliable pour les p\u00e8lerins et les amoureux de la tradition.<\/p>\n","protected":false},"excerpt":{"rendered":"<p>Bol en noix de coco rouge d\u00e9cor\u00e9 du symbole du Chemin de Compostelle. Ce bol attrayant pr\u00e9sente un design artisanal, peint \u00e0 la main, sur un fond noir parsem\u00e9 de c\u0153urs rouges qui rehaussent sa couleur vibrante. Au centre, se d\u00e9tache la coquille Saint-Jacques, accompagn\u00e9e de la phrase \u00ab\u00a0CAMINO DE SANTIAGO\u00a0\u00bb, ce qui en fait un souvenir parfait pour les p\u00e8lerins et les amoureux de la tradition. Id\u00e9al pour ranger de petits objets ou comme \u00e9l\u00e9ment d\u00e9coratif.<\/p>\n","protected":false},"featured_media":10208,"template":"","meta":{"_acf_changed":false},"product_brand":[],"product_cat":[521],"product_tag":[],"class_list":{"0":"post-29407","1":"product","2":"type-product","3":"status-publish","4":"has-post-thumbnail","6":"product_cat-bols","7":"pa_motivo-chemin-saint-jacques","9":"first","10":"instock","11":"shipping-taxable","12":"product-type-simple"},"acf":[],"_links":{"self":[{"href":"https:\/\/olemosaic.orbitalia.org\/fr\/wp-json\/wp\/v2\/product\/29407","targetHints":{"allow":["GET"]}}],"collection":[{"href":"https:\/\/olemosaic.orbitalia.org\/fr\/wp-json\/wp\/v2\/product"}],"about":[{"href":"https:\/\/olemosaic.orbitalia.org\/fr\/wp-json\/wp\/v2\/types\/product"}],"wp:featuredmedia":[{"embeddable":true,"href":"https:\/\/olemosaic.orbitalia.org\/fr\/wp-json\/wp\/v2\/media\/10208"}],"wp:attachment":[{"href":"https:\/\/olemosaic.orbitalia.org\/fr\/wp-json\/wp\/v2\/media?parent=29407"}],"wp:term":[{"taxonomy":"product_brand","embeddable":true,"href":"https:\/\/olemosaic.orbitalia.org\/fr\/wp-json\/wp\/v2\/product_brand?post=29407"},{"taxonomy":"product_cat","embeddable":true,"href":"https:\/\/olemosaic.orbitalia.org\/fr\/wp-json\/wp\/v2\/product_cat?post=29407"},{"taxonomy":"product_tag","embeddable":true,"href":"https:\/\/olemosaic.orbitalia.org\/fr\/wp-json\/wp\/v2\/product_tag?post=29407"}],"curies":[{"name":"wp","href":"https:\/\/api.w.org\/{rel}","templated":true}]}}