{"id":29389,"date":"2025-02-20T22:31:01","date_gmt":"2025-02-20T22:31:01","guid":{"rendered":"https:\/\/olemosaic.orbitalia.org\/producto\/bol-de-coco-rojo-flamenco-2\/"},"modified":"2025-07-25T20:41:12","modified_gmt":"2025-07-25T18:41:12","slug":"bol-noix-de-coco-rouge-flamenco","status":"publish","type":"product","link":"https:\/\/olemosaic.orbitalia.org\/fr\/produit\/bol-noix-de-coco-rouge-flamenco\/","title":{"rendered":"Bol en noix de coco rouge. Flamenco."},"content":{"rendered":"<p>Ce bol en noix de coco rouge est un souvenir exquis qui encapsule l&rsquo;essence de la culture espagnole, con\u00e7u pour ceux qui recherchent une touche authentique dans leurs souvenirs. Fabriqu\u00e9 \u00e0 partir de coque de noix de coco, ce bol pr\u00e9sente une finition vibrante dans des tons rouges et dor\u00e9s qui \u00e9voquent la passion ardente du flamenco. Son int\u00e9rieur est d\u00e9cor\u00e9 dans un style simulant un paysage de flamenco, tandis que deux flamants stylis\u00e9s en noir se d\u00e9tachent au centre, apportant une \u00e9l\u00e9gante sophistication \u00e0 la pi\u00e8ce.<\/p>\n<p>Le design de ce bol est \u00e0 la fois visuel et fonctionnel, devenant un accessoire parfait pour servir des ap\u00e9ritifs ou comme r\u00e9cipient d\u00e9coratif dans n&rsquo;importe quel foyer. La combinaison de ses couleurs et la repr\u00e9sentation des flamants, iconiques dans le folklore espagnol, transforme ce bol en un souvenir significatif qui c\u00e9l\u00e8bre la riche culture de l&rsquo;Espagne.<\/p>\n<p>Chez Ol\u00e9 Mosaic, nous nous sp\u00e9cialisons dans la distribution de souvenirs en gros, offrant des produits authentiques qui refl\u00e8tent la tradition espagnole. Ce bol en noix de coco rouge est une excellente option pour les boutiques de souvenirs touristiques qui recherchent des articles distinctifs et de qualit\u00e9, id\u00e9aux pour les touristes souhaitant emporter avec eux un morceau de la culture espagnole.<\/p>\n","protected":false},"excerpt":{"rendered":"<p>Bol en noix de coco rouge d\u00e9cor\u00e9 d&rsquo;un design vibrant \u00e9voquant la passion du flamenco. Ce bol original, \u00e9labor\u00e9 \u00e0 partir de coque de noix de coco, pr\u00e9sente une finition dans des tons rouges et dor\u00e9s simulant un paysage ardent. Au centre, se d\u00e9tachent deux flamants stylis\u00e9s en noir, apportant une touche distinctive et \u00e9l\u00e9gante. Parfait comme r\u00e9cipient d\u00e9coratif ou pour servir des ap\u00e9ritifs, ce bol encapsule l&rsquo;esprit culturel de l&rsquo;Espagne.<\/p>\n","protected":false},"featured_media":13434,"template":"","meta":{"_acf_changed":false},"product_brand":[],"product_cat":[521],"product_tag":[530],"class_list":{"0":"post-29389","1":"product","2":"type-product","3":"status-publish","4":"has-post-thumbnail","6":"product_cat-bols","7":"product_tag-animaux","8":"pa_motivo-flamants-roses","10":"first","11":"instock","12":"shipping-taxable","13":"product-type-simple"},"acf":[],"_links":{"self":[{"href":"https:\/\/olemosaic.orbitalia.org\/fr\/wp-json\/wp\/v2\/product\/29389","targetHints":{"allow":["GET"]}}],"collection":[{"href":"https:\/\/olemosaic.orbitalia.org\/fr\/wp-json\/wp\/v2\/product"}],"about":[{"href":"https:\/\/olemosaic.orbitalia.org\/fr\/wp-json\/wp\/v2\/types\/product"}],"wp:featuredmedia":[{"embeddable":true,"href":"https:\/\/olemosaic.orbitalia.org\/fr\/wp-json\/wp\/v2\/media\/13434"}],"wp:attachment":[{"href":"https:\/\/olemosaic.orbitalia.org\/fr\/wp-json\/wp\/v2\/media?parent=29389"}],"wp:term":[{"taxonomy":"product_brand","embeddable":true,"href":"https:\/\/olemosaic.orbitalia.org\/fr\/wp-json\/wp\/v2\/product_brand?post=29389"},{"taxonomy":"product_cat","embeddable":true,"href":"https:\/\/olemosaic.orbitalia.org\/fr\/wp-json\/wp\/v2\/product_cat?post=29389"},{"taxonomy":"product_tag","embeddable":true,"href":"https:\/\/olemosaic.orbitalia.org\/fr\/wp-json\/wp\/v2\/product_tag?post=29389"}],"curies":[{"name":"wp","href":"https:\/\/api.w.org\/{rel}","templated":true}]}}