{"id":29387,"date":"2025-02-20T23:31:00","date_gmt":"2025-02-20T22:31:00","guid":{"rendered":"https:\/\/olemosaic.orbitalia.org\/producto\/bol-de-coco-rojo-mano\/"},"modified":"2025-07-25T18:44:37","modified_gmt":"2025-07-25T16:44:37","slug":"bol-noix-de-coco-rouge-main-fatma","status":"publish","type":"product","link":"https:\/\/olemosaic.orbitalia.org\/fr\/produit\/bol-noix-de-coco-rouge-main-fatma\/","title":{"rendered":"Bol en noix de coco rouge. Main de Fatma."},"content":{"rendered":"<p>Ce bol en noix de coco rouge est un exemple exquis de l&rsquo;artisanat traditionnel repr\u00e9sentant le riche h\u00e9ritage culturel de la r\u00e9gion. Avec une couleur rouge vibrante \u00e9voquant la passion et la vitalit\u00e9, son design central pr\u00e9sente la main de Fatma, un symbole de protection qui r\u00e9sonne profond\u00e9ment dans diff\u00e9rentes cultures. Entour\u00e9e de d\u00e9licats d\u00e9tails en forme de c\u0153urs, la peinture \u00e0 la main garantit que chaque bol est une pi\u00e8ce unique, parfaite aussi bien comme objet d\u00e9coratif que fonctionnel. Sa finition \u00e9clatante et les motifs artistiques refl\u00e8tent le talent des artisans locaux, qui ont perfectionn\u00e9 cette technique au fil des g\u00e9n\u00e9rations.<\/p>\n<p>Ce bol n&rsquo;est pas seulement un beau souvenir, il capture \u00e9galement l&rsquo;essence du folklore et de la tradition locale, ce qui en fait un cadeau significatif pour ceux qui souhaitent emporter un morceau de culture. De son utilisation comme centre de table \u00e0 son r\u00f4le de r\u00e9cipient pour petits objets, ce bol en noix de coco s&rsquo;adaptera sans effort \u00e0 tout style d&rsquo;int\u00e9rieur. Chez Ol\u00e9 Mosaic, nous proposons ce produit de relique culturelle dans le cadre de notre s\u00e9lection de souvenirs authentiques. C&rsquo;est un excellent choix pour les boutiques de souvenirs touristiques cherchant \u00e0 impressionner leurs clients avec des articles repr\u00e9sentatifs et de qualit\u00e9, r\u00e9affirmant ainsi leur engagement envers la tradition et l&rsquo;art populaire.<\/p>\n","protected":false},"excerpt":{"rendered":"<p>Bol en noix de coco rouge d\u00e9cor\u00e9 dans un style artisanal, inspir\u00e9 par la richesse de l&rsquo;art traditionnel. Ce magnifique bol pr\u00e9sente une couleur rouge vibrante avec un design central de la main de Fatma, symbole de protection, entour\u00e9 de d\u00e9tails en forme de c\u0153urs. Sa technique de peinture \u00e0 la main garantit une finition unique, parfaite comme \u00e9l\u00e9ment d\u00e9coratif ou fonctionnel dans n&rsquo;importe quel foyer. Un souvenir original qui capture l&rsquo;essence du folklore.<\/p>\n","protected":false},"featured_media":13455,"template":"","meta":{"_acf_changed":false},"product_brand":[],"product_cat":[521],"product_tag":[],"class_list":{"0":"post-29387","1":"product","2":"type-product","3":"status-publish","4":"has-post-thumbnail","6":"product_cat-bols","7":"pa_motivo-mains","9":"first","10":"instock","11":"shipping-taxable","12":"product-type-simple"},"acf":[],"_links":{"self":[{"href":"https:\/\/olemosaic.orbitalia.org\/fr\/wp-json\/wp\/v2\/product\/29387","targetHints":{"allow":["GET"]}}],"collection":[{"href":"https:\/\/olemosaic.orbitalia.org\/fr\/wp-json\/wp\/v2\/product"}],"about":[{"href":"https:\/\/olemosaic.orbitalia.org\/fr\/wp-json\/wp\/v2\/types\/product"}],"wp:featuredmedia":[{"embeddable":true,"href":"https:\/\/olemosaic.orbitalia.org\/fr\/wp-json\/wp\/v2\/media\/13455"}],"wp:attachment":[{"href":"https:\/\/olemosaic.orbitalia.org\/fr\/wp-json\/wp\/v2\/media?parent=29387"}],"wp:term":[{"taxonomy":"product_brand","embeddable":true,"href":"https:\/\/olemosaic.orbitalia.org\/fr\/wp-json\/wp\/v2\/product_brand?post=29387"},{"taxonomy":"product_cat","embeddable":true,"href":"https:\/\/olemosaic.orbitalia.org\/fr\/wp-json\/wp\/v2\/product_cat?post=29387"},{"taxonomy":"product_tag","embeddable":true,"href":"https:\/\/olemosaic.orbitalia.org\/fr\/wp-json\/wp\/v2\/product_tag?post=29387"}],"curies":[{"name":"wp","href":"https:\/\/api.w.org\/{rel}","templated":true}]}}