{"id":29383,"date":"2025-02-20T23:30:58","date_gmt":"2025-02-20T22:30:58","guid":{"rendered":"https:\/\/olemosaic.orbitalia.org\/producto\/bol-de-coco-rojo-sardina-3\/"},"modified":"2025-07-25T18:38:57","modified_gmt":"2025-07-25T16:38:57","slug":"bol-noix-de-coco-rouge-sardine-portugal","status":"publish","type":"product","link":"https:\/\/olemosaic.orbitalia.org\/fr\/produit\/bol-noix-de-coco-rouge-sardine-portugal\/","title":{"rendered":"Bol en noix de coco rouge. Sardine. Azulejos portugais."},"content":{"rendered":"<p>Ce bol en noix de coco rouge est un v\u00e9ritable tr\u00e9sor de la tradition portugaise, con\u00e7u pour \u00e9voquer la riche culture et la gastronomie du pays. Avec une finition vibrante dans des tons rouges, ce bol singulier attire l&rsquo;attention gr\u00e2ce \u00e0 son design frappant, qui met en avant une sardine blanche au centre, symbole iconique de la cuisine portugaise. La sardine, repr\u00e9sent\u00e9e avec un style moderne, se distingue non seulement par sa couleur, mais aussi par l&rsquo;histoire qu&rsquo;elle v\u00e9hicule, \u00e9tant l&rsquo;un des plats les plus appr\u00e9ci\u00e9s au Portugal.<\/p>\n<p>L&rsquo;int\u00e9rieur du bol est orn\u00e9 d&rsquo;un motif d\u00e9coratif qui ajoute une touche artisanale et distinctive, tandis que l&rsquo;inscription \u00ab\u00a0PORTUGAL\u00a0\u00bb, \u00e9l\u00e9gamment plac\u00e9e, renforce son authenticit\u00e9 en tant que souvenir. Ce bol n&rsquo;est pas seulement id\u00e9al pour servir ou exposer, mais il agit \u00e9galement comme un rappel de l&rsquo;ambiance chaleureuse et festive qui caract\u00e9rise les c\u00e9l\u00e9brations portugaises, comme les c\u00e9l\u00e8bres f\u00eates de la sardine.<\/p>\n<p>Chez Ol\u00e9 Mosaic, nous comprenons l&rsquo;importance d&rsquo;offrir des souvenirs qui refl\u00e8tent l&rsquo;essence culturelle de leur lieu d&rsquo;origine. Ce bol en noix de coco rouge est parfait pour les boutiques \u00e0 la recherche d&rsquo;articles uniques et de qualit\u00e9. En tant que grossiste de souvenirs typiques, nous garantissons que chaque pi\u00e8ce, y compris ce bol attrayant, porte en elle l&rsquo;authenticit\u00e9 et l&rsquo;h\u00e9ritage culturel que les touristes souhaitent ramener chez eux.<\/p>\n","protected":false},"excerpt":{"rendered":"<p>Bol en noix de coco rouge inspir\u00e9 de la tradition portugaise, avec un design frappant mettant en valeur une sardine blanche au centre. Ce bol attrayant, fabriqu\u00e9 de mani\u00e8re artisanale, pr\u00e9sente une finition dans des tons rouges vibrants et un motif d\u00e9coratif \u00e0 l&rsquo;int\u00e9rieur, soulignant son origine culturelle. L&rsquo;inscription \u00ab\u00a0PORTUGAL\u00a0\u00bb, dans un style moderne, compl\u00e8te son esth\u00e9tique, en faisant un souvenir id\u00e9al pour ramener un morceau du Portugal chez soi.<\/p>\n","protected":false},"featured_media":11980,"template":"","meta":{"_acf_changed":false},"product_brand":[],"product_cat":[521],"product_tag":[530],"class_list":{"0":"post-29383","1":"product","2":"type-product","3":"status-publish","4":"has-post-thumbnail","6":"product_cat-bols","7":"product_tag-animaux","8":"pa_motivo-sardines","9":"pa_pais-portugal","11":"first","12":"instock","13":"shipping-taxable","14":"product-type-simple"},"acf":[],"_links":{"self":[{"href":"https:\/\/olemosaic.orbitalia.org\/fr\/wp-json\/wp\/v2\/product\/29383","targetHints":{"allow":["GET"]}}],"collection":[{"href":"https:\/\/olemosaic.orbitalia.org\/fr\/wp-json\/wp\/v2\/product"}],"about":[{"href":"https:\/\/olemosaic.orbitalia.org\/fr\/wp-json\/wp\/v2\/types\/product"}],"wp:featuredmedia":[{"embeddable":true,"href":"https:\/\/olemosaic.orbitalia.org\/fr\/wp-json\/wp\/v2\/media\/11980"}],"wp:attachment":[{"href":"https:\/\/olemosaic.orbitalia.org\/fr\/wp-json\/wp\/v2\/media?parent=29383"}],"wp:term":[{"taxonomy":"product_brand","embeddable":true,"href":"https:\/\/olemosaic.orbitalia.org\/fr\/wp-json\/wp\/v2\/product_brand?post=29383"},{"taxonomy":"product_cat","embeddable":true,"href":"https:\/\/olemosaic.orbitalia.org\/fr\/wp-json\/wp\/v2\/product_cat?post=29383"},{"taxonomy":"product_tag","embeddable":true,"href":"https:\/\/olemosaic.orbitalia.org\/fr\/wp-json\/wp\/v2\/product_tag?post=29383"}],"curies":[{"name":"wp","href":"https:\/\/api.w.org\/{rel}","templated":true}]}}