{"id":29382,"date":"2025-02-20T22:30:58","date_gmt":"2025-02-20T22:30:58","guid":{"rendered":"https:\/\/olemosaic.orbitalia.org\/producto\/bol-de-coco-rojo-salamandra-barcelona-2\/"},"modified":"2025-07-25T19:33:20","modified_gmt":"2025-07-25T17:33:20","slug":"bol-noix-de-coco-rouge-salamandre-barcelone-fr","status":"publish","type":"product","link":"https:\/\/olemosaic.orbitalia.org\/fr\/produit\/bol-noix-de-coco-rouge-salamandre-barcelone-fr\/","title":{"rendered":"Bol en noix de coco rouge. Salamandre. Barcelone."},"content":{"rendered":"<p>Ce bol en noix de coco rouge est un v\u00e9ritable tr\u00e9sor artistique qui capture l&rsquo;essence de Barcelone. Fabriqu\u00e9 \u00e0 partir de noix de coco, le bol pr\u00e9sente un fond rouge \u00e9clatant qui \u00e9voque la chaleur et l&rsquo;\u00e9nergie de la cit\u00e9 comtale. La d\u00e9coration comprend un contour d\u00e9licat dans des tons clairs qui souligne la singularit\u00e9 du design. Au centre, une salamandre blanche stylis\u00e9e s&rsquo;impose, symbole de transformation et d&rsquo;adaptabilit\u00e9, fusionnant la richesse naturelle de la r\u00e9gion avec l&rsquo;h\u00e9ritage culturel local. Juste en dessous, le mot \u00ab\u00a0Barcelone\u00a0\u00bb ajoute une touche personnelle et distinctive \u00e0 cette pi\u00e8ce.<\/p>\n<p>Ce bol n&rsquo;est pas seulement une option d\u00e9corative, mais aussi fonctionnelle, id\u00e9ale pour servir des ap\u00e9ritifs ou comme \u00e9l\u00e9ment de d\u00e9coration dans la maison. La salamandre, si pr\u00e9sente dans le folklore catalan et dans de nombreuses \u0153uvres d&rsquo;art de la ville, fait de ce bol un souvenir repr\u00e9sentatif qui connecte l&rsquo;acheteur \u00e0 la culture vibrante de Barcelone.<\/p>\n<p>Chez Ol\u00e9 Mosaic, nous sommes sp\u00e9cialis\u00e9s dans la distribution de souvenirs en gros, et ce bol en noix de coco rouge est un choix id\u00e9al pour les boutiques de cadeaux touristiques cherchant \u00e0 offrir des articles authentiques et \u00e9vocateurs. Parfait comme souvenir de la ville, ce bol n&rsquo;est pas seulement un objet d\u00e9coratif, mais un morceau de Barcelone que les touristes voudront emporter chez eux.<\/p>\n","protected":false},"excerpt":{"rendered":"<p>Bol en noix de coco rouge avec un design frappant de salamandre, inspir\u00e9 par la culture vibrante de Barcelone. Ce bol, fait de noix de coco, pr\u00e9sente un fond rouge brillant orn\u00e9 d&rsquo;un fin contour dans des tons clairs. Au centre, une salamandre blanche stylis\u00e9e ressort sur le fond, accompagn\u00e9e du mot \u00ab\u00a0Barcelone\u00a0\u00bb. Un compl\u00e9ment artistique et fonctionnel, parfait pour ajouter une touche unique \u00e0 votre int\u00e9rieur ou comme souvenir de la cit\u00e9 comtale.<\/p>\n","protected":false},"featured_media":11752,"template":"","meta":{"_acf_changed":false},"product_brand":[],"product_cat":[521],"product_tag":[530],"class_list":{"0":"post-29382","1":"product","2":"type-product","3":"status-publish","4":"has-post-thumbnail","6":"product_cat-bols","7":"product_tag-animaux","8":"pa_ciudad-barcelona","9":"pa_motivo-salamandres","10":"pa_pais-espana","12":"first","13":"instock","14":"shipping-taxable","15":"product-type-simple"},"acf":[],"_links":{"self":[{"href":"https:\/\/olemosaic.orbitalia.org\/fr\/wp-json\/wp\/v2\/product\/29382","targetHints":{"allow":["GET"]}}],"collection":[{"href":"https:\/\/olemosaic.orbitalia.org\/fr\/wp-json\/wp\/v2\/product"}],"about":[{"href":"https:\/\/olemosaic.orbitalia.org\/fr\/wp-json\/wp\/v2\/types\/product"}],"wp:featuredmedia":[{"embeddable":true,"href":"https:\/\/olemosaic.orbitalia.org\/fr\/wp-json\/wp\/v2\/media\/11752"}],"wp:attachment":[{"href":"https:\/\/olemosaic.orbitalia.org\/fr\/wp-json\/wp\/v2\/media?parent=29382"}],"wp:term":[{"taxonomy":"product_brand","embeddable":true,"href":"https:\/\/olemosaic.orbitalia.org\/fr\/wp-json\/wp\/v2\/product_brand?post=29382"},{"taxonomy":"product_cat","embeddable":true,"href":"https:\/\/olemosaic.orbitalia.org\/fr\/wp-json\/wp\/v2\/product_cat?post=29382"},{"taxonomy":"product_tag","embeddable":true,"href":"https:\/\/olemosaic.orbitalia.org\/fr\/wp-json\/wp\/v2\/product_tag?post=29382"}],"curies":[{"name":"wp","href":"https:\/\/api.w.org\/{rel}","templated":true}]}}