{"id":29354,"date":"2025-02-20T23:30:57","date_gmt":"2025-02-20T22:30:57","guid":{"rendered":"https:\/\/olemosaic.orbitalia.org\/producto\/bol-de-coco-rojo-salamandra-2\/"},"modified":"2025-07-25T20:40:35","modified_gmt":"2025-07-25T18:40:35","slug":"bol-noix-de-coco-rouge-salamandre-2","status":"publish","type":"product","link":"https:\/\/olemosaic.orbitalia.org\/fr\/produit\/bol-noix-de-coco-rouge-salamandre-2\/","title":{"rendered":"Bol en noix de coco rouge. Salamandre. Espagne. Fond blanc."},"content":{"rendered":"<p>Ce bol en noix de coco rouge d\u00e9cor\u00e9 d&rsquo;une illustration de salamandre est un v\u00e9ritable joyau de l&rsquo;artisanat espagnol, id\u00e9al pour ceux qui recherchent des souvenirs uniques et repr\u00e9sentatifs de la riche culture du pays. Sa couleur rouge vibrante, \u00e9voquant la chaleur et l&rsquo;\u00e9nergie de la tradition espagnole, est rehauss\u00e9e par des d\u00e9tails blancs qui encadrent d\u00e9licatement la figure de la salamandre, symbole de transformation et de renaissance dans diverses cultures. La salamandre est soigneusement con\u00e7ue, avec des lignes nettes et pr\u00e9cises qui lui conf\u00e8rent un effet visuel percutant.<\/p>\n<p>Fabriqu\u00e9 artisanalement en noix de coco, ce bol n&rsquo;est pas seulement un objet d\u00e9coratif, mais aussi une pi\u00e8ce fonctionnelle pouvant \u00eatre utilis\u00e9e pour servir des ap\u00e9ritifs ou comme centre de table, apportant une touche distinctive \u00e0 n&rsquo;importe quel espace. La surface du bol pr\u00e9sente un motif complexe combinant la simplicit\u00e9 du mat\u00e9riau avec la richesse de sa d\u00e9coration, faisant de chaque pi\u00e8ce une \u0153uvre unique.<\/p>\n<p>Ce bol en noix de coco est un excellent souvenir pour les touristes souhaitant ramener chez eux un morceau d&rsquo;Espagne. Chez Ol\u00e9 Mosaic, en tant que grossiste en souvenirs, nous proposons des produits authentiques refl\u00e9tant l&rsquo;h\u00e9ritage culturel de nos r\u00e9gions. Id\u00e9al pour les boutiques de cadeaux touristiques, ce bol est une repr\u00e9sentation parfaite de la fusion entre art et fonctionnalit\u00e9, incarnant l&rsquo;essence de la tradition artisanale espagnole.<\/p>\n","protected":false},"excerpt":{"rendered":"<p>Bol en noix de coco rouge d\u00e9cor\u00e9 d&rsquo;une illustration de salamandre, inspir\u00e9 de la tradition artisanale espagnole. Ce bol exclusif pr\u00e9sente une couleur rouge vibrante et des d\u00e9tails blancs qui font ressortir la figure de la salamandre, entour\u00e9e d&rsquo;un motif d\u00e9licat sur la surface. Fabriqu\u00e9 en noix de coco, il est parfait pour donner une touche distinctive \u00e0 n&rsquo;importe quel espace, alliant fonctionnalit\u00e9 et art dans une pi\u00e8ce unique et frappante.<\/p>\n","protected":false},"featured_media":10055,"template":"","meta":{"_acf_changed":false},"product_brand":[],"product_cat":[521],"product_tag":[530],"class_list":{"0":"post-29354","1":"product","2":"type-product","3":"status-publish","4":"has-post-thumbnail","6":"product_cat-bols","7":"product_tag-animaux","8":"pa_motivo-salamandres","10":"first","11":"instock","12":"shipping-taxable","13":"product-type-simple"},"acf":[],"_links":{"self":[{"href":"https:\/\/olemosaic.orbitalia.org\/fr\/wp-json\/wp\/v2\/product\/29354","targetHints":{"allow":["GET"]}}],"collection":[{"href":"https:\/\/olemosaic.orbitalia.org\/fr\/wp-json\/wp\/v2\/product"}],"about":[{"href":"https:\/\/olemosaic.orbitalia.org\/fr\/wp-json\/wp\/v2\/types\/product"}],"wp:featuredmedia":[{"embeddable":true,"href":"https:\/\/olemosaic.orbitalia.org\/fr\/wp-json\/wp\/v2\/media\/10055"}],"wp:attachment":[{"href":"https:\/\/olemosaic.orbitalia.org\/fr\/wp-json\/wp\/v2\/media?parent=29354"}],"wp:term":[{"taxonomy":"product_brand","embeddable":true,"href":"https:\/\/olemosaic.orbitalia.org\/fr\/wp-json\/wp\/v2\/product_brand?post=29354"},{"taxonomy":"product_cat","embeddable":true,"href":"https:\/\/olemosaic.orbitalia.org\/fr\/wp-json\/wp\/v2\/product_cat?post=29354"},{"taxonomy":"product_tag","embeddable":true,"href":"https:\/\/olemosaic.orbitalia.org\/fr\/wp-json\/wp\/v2\/product_tag?post=29354"}],"curies":[{"name":"wp","href":"https:\/\/api.w.org\/{rel}","templated":true}]}}