{"id":29353,"date":"2025-02-20T23:30:57","date_gmt":"2025-02-20T22:30:57","guid":{"rendered":"https:\/\/olemosaic.orbitalia.org\/producto\/bol-de-coco-rojo-tortuga-mallorca-4\/"},"modified":"2025-07-25T19:26:26","modified_gmt":"2025-07-25T17:26:26","slug":"bol-noix-de-coco-rouge-tortue-majorque-4","status":"publish","type":"product","link":"https:\/\/olemosaic.orbitalia.org\/fr\/produit\/bol-noix-de-coco-rouge-tortue-majorque-4\/","title":{"rendered":"Bol en noix de coco rouge. Tortue. Majorque. Bal\u00e9ares."},"content":{"rendered":"<p>Ce bol en noix de coco rouge, d\u00e9cor\u00e9 d&rsquo;une magnifique tortue, est une pi\u00e8ce singuli\u00e8re qui \u00e9voque la beaut\u00e9 naturelle de Majorque. Avec son fond rouge vibrant, le bol est un exemple clair de l&rsquo;artisanat traditionnel capturant l&rsquo;essence de la M\u00e9diterran\u00e9e. Au centre, se distingue une illustration d\u00e9licate d&rsquo;une tortue, symbolisant la vie marine et la richesse \u00e9cologique des c\u00f4tes majorquines. La tortue est encadr\u00e9e par un motif complexe aux th\u00e8mes v\u00e9g\u00e9taux, soulignant la connexion entre la faune et la flore locales.<\/p>\n<p>Le mot \u00ab\u00a0MALLORCA\u00a0\u00bb imprim\u00e9 sur la partie inf\u00e9rieure du bol ne souligne pas seulement son authenticit\u00e9 en tant que souvenir, mais sert \u00e9galement de rappel du riche h\u00e9ritage culturel de l&rsquo;\u00eele. C&rsquo;est une pi\u00e8ce id\u00e9ale pour ceux qui cherchent \u00e0 ajouter une touche artistique et m\u00e9diterran\u00e9enne \u00e0 leur int\u00e9rieur, que ce soit comme centre de table ou comme compl\u00e9ment d\u00e9coratif.<\/p>\n<p>Chez Ol\u00e9 Mosaic, nous proposons des souvenirs de haute qualit\u00e9 repr\u00e9sentant la culture et la tradition de l&rsquo;Espagne, et ce bol en noix de coco rouge est une option parfaite pour les boutiques de cadeaux touristiques. En tant que distributeurs de souvenirs caract\u00e9ristiques, nous garantissons que chaque pi\u00e8ce que nous proposons est non seulement visuellement attrayante, mais aussi culturellement pertinente, id\u00e9ale pour se souvenir des merveilles de Majorque.<\/p>\n","protected":false},"excerpt":{"rendered":"<p>Bol en noix de coco rouge d\u00e9cor\u00e9 d&rsquo;une tortue, repr\u00e9sentant la beaut\u00e9 de Majorque. Ce charmant bol pr\u00e9sente un fond rouge vibrant, rehauss\u00e9 par un motif complexe encadrant l&rsquo;illustration d&rsquo;une tortue au centre, accompagn\u00e9e d&rsquo;\u00e9l\u00e9ments v\u00e9g\u00e9taux. Le mot \u00ab\u00a0MALLORCA\u00a0\u00bb est imprim\u00e9 sur la partie inf\u00e9rieure, accentuant son caract\u00e8re local. C&rsquo;est un produit id\u00e9al pour ajouter une touche artistique et m\u00e9diterran\u00e9enne \u00e0 n&rsquo;importe quel foyer.<\/p>\n","protected":false},"featured_media":11784,"template":"","meta":{"_acf_changed":false},"product_brand":[],"product_cat":[521],"product_tag":[530],"class_list":{"0":"post-29353","1":"product","2":"type-product","3":"status-publish","4":"has-post-thumbnail","6":"product_cat-bols","7":"product_tag-animaux","8":"pa_ciudad-mallorca","9":"pa_motivo-tortues","10":"pa_pais-espana","12":"first","13":"instock","14":"shipping-taxable","15":"product-type-simple"},"acf":[],"_links":{"self":[{"href":"https:\/\/olemosaic.orbitalia.org\/fr\/wp-json\/wp\/v2\/product\/29353","targetHints":{"allow":["GET"]}}],"collection":[{"href":"https:\/\/olemosaic.orbitalia.org\/fr\/wp-json\/wp\/v2\/product"}],"about":[{"href":"https:\/\/olemosaic.orbitalia.org\/fr\/wp-json\/wp\/v2\/types\/product"}],"wp:featuredmedia":[{"embeddable":true,"href":"https:\/\/olemosaic.orbitalia.org\/fr\/wp-json\/wp\/v2\/media\/11784"}],"wp:attachment":[{"href":"https:\/\/olemosaic.orbitalia.org\/fr\/wp-json\/wp\/v2\/media?parent=29353"}],"wp:term":[{"taxonomy":"product_brand","embeddable":true,"href":"https:\/\/olemosaic.orbitalia.org\/fr\/wp-json\/wp\/v2\/product_brand?post=29353"},{"taxonomy":"product_cat","embeddable":true,"href":"https:\/\/olemosaic.orbitalia.org\/fr\/wp-json\/wp\/v2\/product_cat?post=29353"},{"taxonomy":"product_tag","embeddable":true,"href":"https:\/\/olemosaic.orbitalia.org\/fr\/wp-json\/wp\/v2\/product_tag?post=29353"}],"curies":[{"name":"wp","href":"https:\/\/api.w.org\/{rel}","templated":true}]}}