{"id":29348,"date":"2025-02-20T23:30:56","date_gmt":"2025-02-20T22:30:56","guid":{"rendered":"https:\/\/olemosaic.orbitalia.org\/producto\/bol-de-coco-rojo-ibiscus-2\/"},"modified":"2025-07-25T20:05:36","modified_gmt":"2025-07-25T18:05:36","slug":"bol-noix-de-coco-rouge-hibiscus-2","status":"publish","type":"product","link":"https:\/\/olemosaic.orbitalia.org\/fr\/produit\/bol-noix-de-coco-rouge-hibiscus-2\/","title":{"rendered":"Bol en noix de coco rouge. Hibiscus. Espagne."},"content":{"rendered":"<p>Ce bol en noix de coco rouge, d\u00e9cor\u00e9 d&rsquo;un charmant motif d&rsquo;hibiscus, est un exemple exquis d&rsquo;artisanat tropical qui captive tout le monde. Fabriqu\u00e9 \u00e0 partir de coques de noix de coco, chaque pi\u00e8ce est unique, pr\u00e9sentant une finition rouge vif \u00e9clatante qui ressort avec intensit\u00e9. Au centre, un d\u00e9licat motif floral blanc d&rsquo;hibiscus ajoute une touche de fra\u00eecheur, symbolisant la beaut\u00e9 et la diversit\u00e9 de la flore tropicale. Le bord du bol, orn\u00e9 de motifs complexes en relief, \u00e9voque un style authentiquement tropical, faisant de cette pi\u00e8ce non seulement un article utilitaire, mais aussi un bel \u00e9l\u00e9ment d\u00e9coratif qui rehausse n&rsquo;importe quel espace.<\/p>\n<p>Ce bol est id\u00e9al pour servir des ap\u00e9ritifs, des salades ou des snacks, offrant une exp\u00e9rience culinaire qui rappelle les d\u00e9lices des plages ensoleill\u00e9es. Son design et sa couleur en font un souvenir parfait pour ceux qui souhaitent emporter un morceau des tropiques, capturant l&rsquo;essence des destinations chaudes et ensoleill\u00e9es. Chez Ol\u00e9 Mosaic, nous sommes fiers de proposer une gamme de souvenirs authentiques, et ce bol en noix de coco rouge refl\u00e8te la riche culture artisanale de la r\u00e9gion. Une excellente option pour les boutiques de cadeaux touristiques souhaitant proposer des produits uniques, repr\u00e9sentatifs et de haute qualit\u00e9.<\/p>\n","protected":false},"excerpt":{"rendered":"<p>Bol en noix de coco rouge d\u00e9cor\u00e9 d&rsquo;un magnifique motif d&rsquo;hibiscus. Cet article singulier, fabriqu\u00e9 avec des coques de noix de coco, pr\u00e9sente une finition brillante dans un ton rouge vibrant qui contraste avec le d\u00e9licat motif floral peint en blanc en son centre. Son bord est orn\u00e9 de motifs en relief \u00e9voquant le style tropical, ce qui en fait une pi\u00e8ce id\u00e9ale pour servir des ap\u00e9ritifs ou comme \u00e9l\u00e9ment d\u00e9coratif dans n&rsquo;importe quelle maison.<\/p>\n","protected":false},"featured_media":13398,"template":"","meta":{"_acf_changed":false},"product_brand":[],"product_cat":[521],"product_tag":[],"class_list":{"0":"post-29348","1":"product","2":"type-product","3":"status-publish","4":"has-post-thumbnail","6":"product_cat-bols","7":"pa_motivo-hibiscus","9":"first","10":"instock","11":"shipping-taxable","12":"product-type-simple"},"acf":[],"_links":{"self":[{"href":"https:\/\/olemosaic.orbitalia.org\/fr\/wp-json\/wp\/v2\/product\/29348","targetHints":{"allow":["GET"]}}],"collection":[{"href":"https:\/\/olemosaic.orbitalia.org\/fr\/wp-json\/wp\/v2\/product"}],"about":[{"href":"https:\/\/olemosaic.orbitalia.org\/fr\/wp-json\/wp\/v2\/types\/product"}],"wp:featuredmedia":[{"embeddable":true,"href":"https:\/\/olemosaic.orbitalia.org\/fr\/wp-json\/wp\/v2\/media\/13398"}],"wp:attachment":[{"href":"https:\/\/olemosaic.orbitalia.org\/fr\/wp-json\/wp\/v2\/media?parent=29348"}],"wp:term":[{"taxonomy":"product_brand","embeddable":true,"href":"https:\/\/olemosaic.orbitalia.org\/fr\/wp-json\/wp\/v2\/product_brand?post=29348"},{"taxonomy":"product_cat","embeddable":true,"href":"https:\/\/olemosaic.orbitalia.org\/fr\/wp-json\/wp\/v2\/product_cat?post=29348"},{"taxonomy":"product_tag","embeddable":true,"href":"https:\/\/olemosaic.orbitalia.org\/fr\/wp-json\/wp\/v2\/product_tag?post=29348"}],"curies":[{"name":"wp","href":"https:\/\/api.w.org\/{rel}","templated":true}]}}