{"id":29312,"date":"2025-02-20T22:30:55","date_gmt":"2025-02-20T22:30:55","guid":{"rendered":"https:\/\/olemosaic.orbitalia.org\/producto\/bol-de-coco-rojo-ibiscus\/"},"modified":"2025-07-25T19:40:25","modified_gmt":"2025-07-25T17:40:25","slug":"bol-noix-de-coco-rouge-hibiscus","status":"publish","type":"product","link":"https:\/\/olemosaic.orbitalia.org\/fr\/produit\/bol-noix-de-coco-rouge-hibiscus\/","title":{"rendered":"Bol en noix de coco rouge. Hibiscus."},"content":{"rendered":"<p>Ce bol en noix de coco rouge, d\u00e9cor\u00e9 de motifs d&rsquo;hibiscus, est une pi\u00e8ce vibrante qui allie fonctionnalit\u00e9 et esth\u00e9tique tropicale, ce qui en fait un excellent souvenir pour ceux qui souhaitent rapporter un petit bout de paradis chez eux. Fabriqu\u00e9 \u00e0 partir d&rsquo;une base de noix de coco naturelle, ce bol pr\u00e9sente un design unique rehauss\u00e9 par des p\u00e9tales rouges color\u00e9s qui enveloppent son ext\u00e9rieur, cr\u00e9ant un effet visuel captivant. Le motif central d&rsquo;hibiscus en marron souligne non seulement sa beaut\u00e9, mais \u00e9voque \u00e9galement la riche flore tropicale, repr\u00e9sentant l&rsquo;ambiance luxuriante de r\u00e9gions comme les \u00eeles Canaries ou le littoral m\u00e9diterran\u00e9en.<\/p>\n<p>Parfait pour servir des aliments ou comme pi\u00e8ce d\u00e9corative, ce bol est id\u00e9al pour ceux qui cherchent \u00e0 ajouter une touche de fra\u00eecheur et d&rsquo;exotisme \u00e0 leur d\u00e9coration. L&rsquo;authenticit\u00e9 des mat\u00e9riaux naturels garantit que chaque pi\u00e8ce est unique, en faisant un souvenir repr\u00e9sentatif de la culture artisanale r\u00e9gionale. Ce bol en noix de coco rouge ne fonctionne pas seulement comme un accessoire, mais symbolise \u00e9galement le lien entre tradition et modernit\u00e9 dans l&rsquo;art de la table.<\/p>\n<p>Chez Ol\u00e9 Mosaic, nous nous sp\u00e9cialisons dans la distribution de souvenirs authentiques en gros, proposant des produits comme ce bol en noix de coco qui capturent l&rsquo;essence de leur origine culturelle. Il repr\u00e9sente une option id\u00e9ale pour les boutiques de cadeaux touristiques qui cherchent \u00e0 offrir \u00e0 leurs clients des souvenirs de qualit\u00e9 et d&rsquo;une grande pertinence culturelle, parfaits pour se rem\u00e9morer leur visite en Espagne ou au Portugal.<\/p>\n","protected":false},"excerpt":{"rendered":"<p>Bol en noix de coco rouge d\u00e9cor\u00e9 de motifs d&rsquo;hibiscus. Ce bol \u00e9l\u00e9gant pr\u00e9sente un design unique, avec une base en noix de coco compl\u00e9t\u00e9e par des p\u00e9tales color\u00e9s dans les tons rouges et un d\u00e9licat motif central d&rsquo;hibiscus en marron. Parfait comme pi\u00e8ce d\u00e9corative ou pour servir des aliments, son esth\u00e9tique souligne le style tropical et artisanal, id\u00e9al pour ceux qui cherchent \u00e0 apporter une touche de fra\u00eecheur et d&rsquo;exotisme \u00e0 leur int\u00e9rieur.<\/p>\n","protected":false},"featured_media":13507,"template":"","meta":{"_acf_changed":false},"product_brand":[],"product_cat":[521],"product_tag":[],"class_list":{"0":"post-29312","1":"product","2":"type-product","3":"status-publish","4":"has-post-thumbnail","6":"product_cat-bols","7":"pa_motivo-hibiscus","9":"first","10":"instock","11":"shipping-taxable","12":"product-type-simple"},"acf":[],"_links":{"self":[{"href":"https:\/\/olemosaic.orbitalia.org\/fr\/wp-json\/wp\/v2\/product\/29312","targetHints":{"allow":["GET"]}}],"collection":[{"href":"https:\/\/olemosaic.orbitalia.org\/fr\/wp-json\/wp\/v2\/product"}],"about":[{"href":"https:\/\/olemosaic.orbitalia.org\/fr\/wp-json\/wp\/v2\/types\/product"}],"wp:featuredmedia":[{"embeddable":true,"href":"https:\/\/olemosaic.orbitalia.org\/fr\/wp-json\/wp\/v2\/media\/13507"}],"wp:attachment":[{"href":"https:\/\/olemosaic.orbitalia.org\/fr\/wp-json\/wp\/v2\/media?parent=29312"}],"wp:term":[{"taxonomy":"product_brand","embeddable":true,"href":"https:\/\/olemosaic.orbitalia.org\/fr\/wp-json\/wp\/v2\/product_brand?post=29312"},{"taxonomy":"product_cat","embeddable":true,"href":"https:\/\/olemosaic.orbitalia.org\/fr\/wp-json\/wp\/v2\/product_cat?post=29312"},{"taxonomy":"product_tag","embeddable":true,"href":"https:\/\/olemosaic.orbitalia.org\/fr\/wp-json\/wp\/v2\/product_tag?post=29312"}],"curies":[{"name":"wp","href":"https:\/\/api.w.org\/{rel}","templated":true}]}}