{"id":29301,"date":"2025-02-20T23:30:54","date_gmt":"2025-02-20T22:30:54","guid":{"rendered":"https:\/\/olemosaic.orbitalia.org\/producto\/bol-de-coco-rojo-delfin\/"},"modified":"2025-07-25T18:39:18","modified_gmt":"2025-07-25T16:39:18","slug":"bol-de-coco-rouge-dauphin","status":"publish","type":"product","link":"https:\/\/olemosaic.orbitalia.org\/fr\/produit\/bol-de-coco-rouge-dauphin\/","title":{"rendered":"Bol de coco rouge. Dauphin."},"content":{"rendered":"<p>Ce bol de coco rouge, d\u00e9cor\u00e9 d&rsquo;\u00e9l\u00e9gantes figures de dauphins, est un v\u00e9ritable bijou artisanal qui apportera une touche marine et vibrante \u00e0 n&rsquo;importe quel espace. Confectionn\u00e9 \u00e0 partir de coco authentique, ce bol pr\u00e9sente un design exceptionnel combinant un fond rouge intense avec des d\u00e9tails dor\u00e9s, cr\u00e9ant un contraste attrayant et brillant. La technique de peinture \u00e0 la main garantit que chaque pi\u00e8ce est unique, rehaussant son caract\u00e8re exclusif. \u00c0 l&rsquo;int\u00e9rieur, on peut observer de d\u00e9licates illustrations de dauphins nageant avec gr\u00e2ce, capturant l&rsquo;essence de l&rsquo;oc\u00e9an et de la nature. Les d\u00e9tails dor\u00e9s n&#8217;embellissent pas seulement la pi\u00e8ce, mais \u00e9voquent \u00e9galement la chaleur du soleil sur les eaux.<\/p>\n<p>Ce bol n&rsquo;est pas seulement un \u00e9l\u00e9ment d\u00e9coratif, mais un symbole de la riche relation entre la culture c\u00f4ti\u00e8re et l&rsquo;art dans l&rsquo;\u00e9laboration de souvenirs. Issu d&rsquo;une tradition qui valorise la connexion avec la mer, cet objet est un excellent souvenir pour les touristes \u00e0 la recherche d&rsquo;une repr\u00e9sentation authentique de la vie marine. Chez Ol\u00e9 Mosaic, nous sommes experts dans la distribution de souvenirs en gros, et ce bol de coco rouge avec dauphins est un choix id\u00e9al pour les boutiques de cadeaux touristiques souhaitant proposer des produits mettant en valeur la beaut\u00e9 et la diversit\u00e9 du patrimoine culturel. Parfait comme cadeau sp\u00e9cial ou pour un usage d\u00e9coratif, ce bol devient un souvenir id\u00e9al qui c\u00e9l\u00e8bre la fra\u00eecheur de l&rsquo;environnement marin.<\/p>\n","protected":false},"excerpt":{"rendered":"<p>Bol de coco rouge d\u00e9cor\u00e9 de la silhouette \u00e9l\u00e9gante de dauphins, id\u00e9al pour apporter une touche marine \u00e0 n&rsquo;importe quel espace. Cet article original, fabriqu\u00e9 en coco, pr\u00e9sente un design vibrant avec des tonalit\u00e9s rouges et des d\u00e9tails dor\u00e9s, cr\u00e9ant un contraste attrayant. La technique de design artisanal, peint \u00e0 la main, rend chaque bol unique, et les dauphins ajoutent un air de fra\u00eecheur et de dynamisme \u00e0 la pi\u00e8ce. Parfait pour un usage d\u00e9coratif ou comme cadeau sp\u00e9cial.<\/p>\n","protected":false},"featured_media":10089,"template":"","meta":{"_acf_changed":false},"product_brand":[],"product_cat":[521],"product_tag":[530],"class_list":{"0":"post-29301","1":"product","2":"type-product","3":"status-publish","4":"has-post-thumbnail","6":"product_cat-bols","7":"product_tag-animaux","8":"pa_motivo-dauphins","10":"first","11":"instock","12":"shipping-taxable","13":"product-type-simple"},"acf":[],"_links":{"self":[{"href":"https:\/\/olemosaic.orbitalia.org\/fr\/wp-json\/wp\/v2\/product\/29301","targetHints":{"allow":["GET"]}}],"collection":[{"href":"https:\/\/olemosaic.orbitalia.org\/fr\/wp-json\/wp\/v2\/product"}],"about":[{"href":"https:\/\/olemosaic.orbitalia.org\/fr\/wp-json\/wp\/v2\/types\/product"}],"wp:featuredmedia":[{"embeddable":true,"href":"https:\/\/olemosaic.orbitalia.org\/fr\/wp-json\/wp\/v2\/media\/10089"}],"wp:attachment":[{"href":"https:\/\/olemosaic.orbitalia.org\/fr\/wp-json\/wp\/v2\/media?parent=29301"}],"wp:term":[{"taxonomy":"product_brand","embeddable":true,"href":"https:\/\/olemosaic.orbitalia.org\/fr\/wp-json\/wp\/v2\/product_brand?post=29301"},{"taxonomy":"product_cat","embeddable":true,"href":"https:\/\/olemosaic.orbitalia.org\/fr\/wp-json\/wp\/v2\/product_cat?post=29301"},{"taxonomy":"product_tag","embeddable":true,"href":"https:\/\/olemosaic.orbitalia.org\/fr\/wp-json\/wp\/v2\/product_tag?post=29301"}],"curies":[{"name":"wp","href":"https:\/\/api.w.org\/{rel}","templated":true}]}}