{"id":29296,"date":"2025-02-20T23:30:53","date_gmt":"2025-02-20T22:30:53","guid":{"rendered":"https:\/\/olemosaic.orbitalia.org\/producto\/bol-de-coco-rojo-sardina-2\/"},"modified":"2025-07-25T18:33:40","modified_gmt":"2025-07-25T16:33:40","slug":"bol-noix-de-coco-rouge-sardine-2","status":"publish","type":"product","link":"https:\/\/olemosaic.orbitalia.org\/fr\/produit\/bol-noix-de-coco-rouge-sardine-2\/","title":{"rendered":"Bol en noix de coco rouge. Sardine. Fond marin."},"content":{"rendered":"<p>Ce bol en noix de coco rouge avec des sardines est un souvenir attrayant et polyvalent, id\u00e9al pour ceux qui souhaitent emporter un morceau de la culture maritime portugaise chez eux. Fabriqu\u00e9 \u00e0 la main avec une coque de noix de coco, cet article pr\u00e9sente une finition \u00e9l\u00e9gante dans des tons clairs parsem\u00e9s de touches vibrantes de rouge, \u00e9voquant la tradition de la p\u00eache des c\u00f4tes portugaises. Son design, qui inclut de charmantes illustrations de sardines, rend non seulement hommage au riche h\u00e9ritage culinaire du pays, mais incorpore \u00e9galement des \u00e9l\u00e9ments du folklore local, c\u00e9l\u00e9brant le lien entre la gastronomie et l&rsquo;art.<\/p>\n<p>L&rsquo;int\u00e9rieur du bol pr\u00e9sente une texture polie et lisse, qui contraste avec la rusticit\u00e9 de la coque ext\u00e9rieure, cr\u00e9ant un effet visuel et tactile unique. Avec une taille id\u00e9ale pour un usage d\u00e9coratif ou fonctionnel, c&rsquo;est une option parfaite pour pr\u00e9senter de petits ap\u00e9ritifs, des fruits secs ou m\u00eame pour servir de centre de table \u00e9l\u00e9gant. Ce bol repr\u00e9sente une excellente opportunit\u00e9 pour les touristes \u00e0 la recherche de souvenirs authentiques qui encapsulent l&rsquo;essence du Portugal.<\/p>\n<p>Chez Ol\u00e9 Mosaic, nous sommes sp\u00e9cialis\u00e9s dans la distribution de souvenirs en gros, et ce bol en noix de coco est un excellent ajout pour les boutiques de cadeaux touristiques qui appr\u00e9cient l&rsquo;authenticit\u00e9 et l&rsquo;artisanat. En tant que grossistes de souvenirs, nous garantissons la qualit\u00e9 et la singularit\u00e9 de chaque pi\u00e8ce, offrant \u00e0 vos clients des souvenirs repr\u00e9sentatifs qui capturent l&rsquo;esprit de leur voyage au Portugal.<\/p>\n","protected":false},"excerpt":{"rendered":"<p>Bol en noix de coco rouge avec sardines dessin\u00e9es, id\u00e9al pour d\u00e9corer n&rsquo;importe quel espace. Cet article artisanal pr\u00e9sente une finition dans des tons clairs avec des touches de rouge, qui soulignent son design attrayant inspir\u00e9 par le caract\u00e8re maritime du Portugal. Sa fabrication inclut l&rsquo;utilisation de coque de noix de coco, cr\u00e9ant un effet unique et naturel, parfait pour la d\u00e9coration ou comme r\u00e9cipient fonctionnel. Id\u00e9al pour ceux qui appr\u00e9cient l&rsquo;artisanat et le folklore local.<\/p>\n","protected":false},"featured_media":11985,"template":"","meta":{"_acf_changed":false},"product_brand":[],"product_cat":[521],"product_tag":[530],"class_list":{"0":"post-29296","1":"product","2":"type-product","3":"status-publish","4":"has-post-thumbnail","6":"product_cat-bols","7":"product_tag-animaux","8":"pa_motivo-sardines","9":"pa_pais-portugal","11":"first","12":"instock","13":"shipping-taxable","14":"product-type-simple"},"acf":[],"_links":{"self":[{"href":"https:\/\/olemosaic.orbitalia.org\/fr\/wp-json\/wp\/v2\/product\/29296","targetHints":{"allow":["GET"]}}],"collection":[{"href":"https:\/\/olemosaic.orbitalia.org\/fr\/wp-json\/wp\/v2\/product"}],"about":[{"href":"https:\/\/olemosaic.orbitalia.org\/fr\/wp-json\/wp\/v2\/types\/product"}],"wp:featuredmedia":[{"embeddable":true,"href":"https:\/\/olemosaic.orbitalia.org\/fr\/wp-json\/wp\/v2\/media\/11985"}],"wp:attachment":[{"href":"https:\/\/olemosaic.orbitalia.org\/fr\/wp-json\/wp\/v2\/media?parent=29296"}],"wp:term":[{"taxonomy":"product_brand","embeddable":true,"href":"https:\/\/olemosaic.orbitalia.org\/fr\/wp-json\/wp\/v2\/product_brand?post=29296"},{"taxonomy":"product_cat","embeddable":true,"href":"https:\/\/olemosaic.orbitalia.org\/fr\/wp-json\/wp\/v2\/product_cat?post=29296"},{"taxonomy":"product_tag","embeddable":true,"href":"https:\/\/olemosaic.orbitalia.org\/fr\/wp-json\/wp\/v2\/product_tag?post=29296"}],"curies":[{"name":"wp","href":"https:\/\/api.w.org\/{rel}","templated":true}]}}